{"id":1335,"date":"2023-08-14T13:41:00","date_gmt":"2023-08-14T13:41:00","guid":{"rendered":"https:\/\/luxuryvillaalvor.com\/politica-de-cookies\/"},"modified":"2024-07-12T12:21:32","modified_gmt":"2024-07-12T12:21:32","slug":"politica-de-cookies","status":"publish","type":"page","link":"https:\/\/luxuryvillaalvor.com\/pt-pt\/politica-de-cookies\/","title":{"rendered":"Pol\u00edtica de cookies"},"content":{"rendered":"\n<p><strong>INFORMA\u00c7\u00d5ES SOBRE A NOSSA UTILIZA\u00c7\u00c3O DE COOKIES<\/strong>&nbsp;<\/p>\n\n\n\n<p>O nosso s\u00edtio Web utiliza cookies e tecnologias semelhantes para o distinguir de outros utilizadores do nosso s\u00edtio Web. Isto ajuda-nos a proporcionar-lhe uma boa experi\u00eancia quando navega no nosso s\u00edtio Web e tamb\u00e9m nos permite melhorar o nosso s\u00edtio. Considera-se que o utilizador aceita a nossa Pol\u00edtica de Cookies se continuar a utilizar o nosso s\u00edtio. Se n\u00e3o concordar com a nossa Pol\u00edtica de Cookies, deixe de utilizar o nosso s\u00edtio imediatamente.&nbsp;<\/p>\n\n\n\n<p>Um cookie \u00e9 um pequeno ficheiro de letras e n\u00fameros que armazenamos no seu browser ou no disco r\u00edgido do seu computador, se concordar. Os cookies cont\u00eam informa\u00e7\u00f5es que s\u00e3o transferidas para o disco r\u00edgido do seu computador. Os cookies s\u00e3o utilizados por quase todos os s\u00edtios Web e n\u00e3o prejudicam o seu sistema.&nbsp;<\/p>\n\n\n\n<p><strong>COMO \u00c9 QUE O NOSSO S\u00cdTIO UTILIZA OS COOKIES?<\/strong>&nbsp;<\/p>\n\n\n\n<p>O nosso s\u00edtio pode colocar e aceder a determinados cookies de primeira parte no seu computador ou dispositivo. Os cookies de primeira parte s\u00e3o aqueles colocados diretamente por n\u00f3s e s\u00e3o utilizados apenas por n\u00f3s. Utilizamos cookies para facilitar e melhorar a sua experi\u00eancia no nosso s\u00edtio e para fornecer e melhorar os nossos produtos e\/ou servi\u00e7os. Seleccion\u00e1mos cuidadosamente estes cookies e tom\u00e1mos medidas para garantir que a sua privacidade e os seus dados pessoais s\u00e3o protegidos e respeitados em todas as circunst\u00e2ncias.&nbsp;<\/p>\n\n\n\n<p>Ao utilizar o nosso s\u00edtio, o utilizador pode tamb\u00e9m receber determinados cookies de terceiros no seu computador ou dispositivo. Os cookies de terceiros s\u00e3o os colocados por s\u00edtios Web, servi\u00e7os e\/ou outras partes que n\u00e3o n\u00f3s. Os cookies de terceiros s\u00e3o utilizados no nosso s\u00edtio para servi\u00e7os de publicidade.&nbsp;<\/p>\n\n\n\n<p>Todos os cookies utilizados pelo e no nosso s\u00edtio s\u00e3o utilizados em conformidade com a legisla\u00e7\u00e3o em vigor. Podemos utilizar alguns ou todos os seguintes tipos de cookies:&nbsp;<\/p>\n\n\n\n<ul class=\"wp-block-list\">\n<li>Cookies estritamente necess\u00e1rios. Estes cookies s\u00e3o necess\u00e1rios para o funcionamento do nosso s\u00edtio Web. Incluem, por exemplo, cookies que permitem ao utilizador iniciar sess\u00e3o em \u00e1reas seguras do nosso s\u00edtio Web, utilizar um carrinho de compras ou utilizar servi\u00e7os de fatura\u00e7\u00e3o eletr\u00f3nica. Estes cookies n\u00e3o podem ser desactivados. Sem estes cookies, estes servi\u00e7os n\u00e3o podem ser prestados. Estes cookies n\u00e3o recolhem informa\u00e7\u00f5es sobre o utilizador que possam ser utilizadas para marketing ou para recordar onde esteve na Internet.&nbsp;<\/li>\n\n\n\n<li>Cookies anal\u00edticos\/de desempenho. Estes permitem-nos reconhecer e contar o n\u00famero de visitantes e ver como os visitantes se deslocam no nosso s\u00edtio Web quando o utilizam. Isto ajuda-nos a melhorar o funcionamento do nosso s\u00edtio Web, por exemplo, assegurando que os utilizadores encontram facilmente o que procuram.&nbsp;<\/li>\n<\/ul>\n\n\n\n<ul class=\"wp-block-list\">\n<li>Cookies de funcionalidade. Estes s\u00e3o utilizados para reconhecer o utilizador quando este regressa ao nosso s\u00edtio Web. Isto permite-nos personalizar o nosso conte\u00fado para o utilizador, cumpriment\u00e1-lo pelo nome e recordar as suas prefer\u00eancias (por exemplo, a sua escolha de l\u00edngua ou regi\u00e3o).&nbsp;<\/li>\n\n\n\n<li>Cookies de segmenta\u00e7\u00e3o. Estes cookies registam a sua visita ao nosso s\u00edtio Web, as p\u00e1ginas que visitou e as liga\u00e7\u00f5es que seguiu. Utilizaremos estas informa\u00e7\u00f5es para tornar o nosso s\u00edtio Web e a publicidade nele apresentada mais relevantes para os interesses do utilizador. Tamb\u00e9m podemos partilhar estas informa\u00e7\u00f5es com terceiros para este fim.&nbsp;<\/li>\n\n\n\n<li>Cookies persistentes. Um cookie persistente \u00e9 armazenado como um ficheiro no seu computador e permanece a\u00ed quando fecha o seu navegador Web. O cookie pode ser lido pelo s\u00edtio Web que o criou quando o utilizador o visita novamente. Utilizamos cookies persistentes para o Google Analytics.&nbsp;<\/li>\n\n\n\n<li>Cookies de sess\u00e3o. Um cookie de sess\u00e3o \u00e9 tempor\u00e1rio e s\u00f3 permanece no seu computador a partir do momento em que visita o nosso s\u00edtio at\u00e9 fechar o seu browser. Estes s\u00e3o automaticamente eliminados quando o utilizador fecha o seu browser.&nbsp;<\/li>\n<\/ul>\n\n\n\n<p><strong>QUE COOKIES \u00c9 QUE O NOSSO S\u00cdTIO UTILIZA?<\/strong>&nbsp;<\/p>\n\n\n\n<ul class=\"wp-block-list\">\n<li>O nosso s\u00edtio utiliza servi\u00e7os de an\u00e1lise fornecidos pelo Google Analytics. A an\u00e1lise do s\u00edtio Web refere-se a um conjunto de ferramentas utilizadas para recolher e analisar informa\u00e7\u00f5es de utiliza\u00e7\u00e3o an\u00f3nimas que nos permitem compreender melhor a forma como o nosso s\u00edtio \u00e9 utilizado. Isto, por sua vez, permite-nos melhorar o nosso s\u00edtio, bem como os produtos ou servi\u00e7os oferecidos. Os servi\u00e7os de an\u00e1lise utilizados pelo nosso s\u00edtio utilizam cookies anal\u00edticos para recolher informa\u00e7\u00f5es. O utilizador n\u00e3o \u00e9 obrigado a autorizar a utiliza\u00e7\u00e3o destes cookies, mas a sua utiliza\u00e7\u00e3o n\u00e3o representa qualquer risco para a sua privacidade ou para a utiliza\u00e7\u00e3o segura do nosso s\u00edtio, uma vez que as informa\u00e7\u00f5es recolhidas s\u00e3o an\u00f3nimas.&nbsp;<\/li>\n\n\n\n<li>O nosso s\u00edtio tamb\u00e9m utiliza cookies de remarketing do Google Adwords. Trata-se de cookies utilizados pela Google associados a an\u00fancios colocados na Internet pela Google, incluindo em s\u00edtios Web de terceiros. A Google utiliza estes cookies para controlar o acesso ao nosso s\u00edtio Web a partir desses an\u00fancios, bem como para recolher outros dados.&nbsp;<\/li>\n\n\n\n<li>O nosso s\u00edtio utiliza cookies relacionados com liga\u00e7\u00f5es externas ao Google, Facebook e Youtube &#8211; estes cookies s\u00e3o essenciais para a apresenta\u00e7\u00e3o de v\u00eddeos e liga\u00e7\u00f5es ao nosso s\u00edtio.&nbsp;<\/li>\n\n\n\n<li>O nosso s\u00edtio utiliza cookies do WordPress que s\u00e3o utilizados para a funcionalidade do s\u00edtio Web, incluindo o carrinho de compras.&nbsp;<\/li>\n<\/ul>\n\n\n\n<p><strong>CONSENTIMENTO E CONTROLO<\/strong>&nbsp;<\/p>\n\n\n\n<p>Pode bloquear os cookies activando a defini\u00e7\u00e3o no seu navegador que lhe permite recusar a defini\u00e7\u00e3o de todos ou alguns cookies. No entanto, se utilizar as defini\u00e7\u00f5es do seu browser para bloquear todos os cookies (incluindo os cookies essenciais), poder\u00e1 n\u00e3o conseguir aceder \u00e0 totalidade ou a partes do nosso s\u00edtio.&nbsp;<\/p>\n\n\n\n<p><strong>Mais informa\u00e7\u00f5es<\/strong>&nbsp;<\/p>\n\n\n\n<p>Se pretender obter mais informa\u00e7\u00f5es sobre a forma como utilizamos os cookies, contacte-nos por Correio eletr\u00f3nico: info@luxuryvillaalvor.com ou escreva para MJ&amp;PM Properties Limited, Duel House, Llandowlais Street, Cwmbran, NP44 7XB, Reino Unido.&nbsp;<\/p>\n\n\n\n<p>14\/08\/2023&nbsp;<\/p>\n","protected":false},"excerpt":{"rendered":"<p>INFORMA\u00c7\u00d5ES SOBRE A NOSSA UTILIZA\u00c7\u00c3O DE COOKIES&nbsp; O nosso s\u00edtio Web utiliza cookies e tecnologias semelhantes para o distinguir de outros utilizadores do nosso s\u00edtio Web. Isto ajuda-nos a proporcionar-lhe uma boa experi\u00eancia quando navega no nosso s\u00edtio Web e tamb\u00e9m nos permite melhorar o nosso s\u00edtio. Considera-se que o utilizador aceita a nossa Pol\u00edtica [&hellip;]<\/p>\n","protected":false},"author":3,"featured_media":0,"parent":0,"menu_order":0,"comment_status":"closed","ping_status":"closed","template":"","meta":{"_uag_custom_page_level_css":"","site-sidebar-layout":"default","site-content-layout":"","ast-site-content-layout":"default","site-content-style":"default","site-sidebar-style":"default","ast-global-header-display":"","ast-banner-title-visibility":"","ast-main-header-display":"","ast-hfb-above-header-display":"","ast-hfb-below-header-display":"","ast-hfb-mobile-header-display":"","site-post-title":"disabled","ast-breadcrumbs-content":"","ast-featured-img":"","footer-sml-layout":"","ast-disable-related-posts":"","theme-transparent-header-meta":"","adv-header-id-meta":"","stick-header-meta":"","header-above-stick-meta":"","header-main-stick-meta":"","header-below-stick-meta":"","astra-migrate-meta-layouts":"default","ast-page-background-enabled":"default","ast-page-background-meta":{"desktop":{"background-color":"var(--ast-global-color-4)","background-image":"","background-repeat":"repeat","background-position":"center center","background-size":"auto","background-attachment":"scroll","background-type":"","background-media":"","overlay-type":"","overlay-color":"","overlay-opacity":"","overlay-gradient":""},"tablet":{"background-color":"","background-image":"","background-repeat":"repeat","background-position":"center center","background-size":"auto","background-attachment":"scroll","background-type":"","background-media":"","overlay-type":"","overlay-color":"","overlay-opacity":"","overlay-gradient":""},"mobile":{"background-color":"","background-image":"","background-repeat":"repeat","background-position":"center center","background-size":"auto","background-attachment":"scroll","background-type":"","background-media":"","overlay-type":"","overlay-color":"","overlay-opacity":"","overlay-gradient":""}},"ast-content-background-meta":{"desktop":{"background-color":"var(--ast-global-color-5)","background-image":"","background-repeat":"repeat","background-position":"center center","background-size":"auto","background-attachment":"scroll","background-type":"","background-media":"","overlay-type":"","overlay-color":"","overlay-opacity":"","overlay-gradient":""},"tablet":{"background-color":"var(--ast-global-color-5)","background-image":"","background-repeat":"repeat","background-position":"center center","background-size":"auto","background-attachment":"scroll","background-type":"","background-media":"","overlay-type":"","overlay-color":"","overlay-opacity":"","overlay-gradient":""},"mobile":{"background-color":"var(--ast-global-color-5)","background-image":"","background-repeat":"repeat","background-position":"center center","background-size":"auto","background-attachment":"scroll","background-type":"","background-media":"","overlay-type":"","overlay-color":"","overlay-opacity":"","overlay-gradient":""}},"footnotes":""},"class_list":["post-1335","page","type-page","status-publish","hentry"],"uagb_featured_image_src":{"full":false,"thumbnail":false,"medium":false,"medium_large":false,"large":false,"1536x1536":false,"2048x2048":false},"uagb_author_info":{"display_name":"Steve","author_link":"https:\/\/luxuryvillaalvor.com\/pt-pt\/author\/steve\/"},"uagb_comment_info":0,"uagb_excerpt":"INFORMA\u00c7\u00d5ES SOBRE A NOSSA UTILIZA\u00c7\u00c3O DE COOKIES&nbsp; O nosso s\u00edtio Web utiliza cookies e tecnologias semelhantes para o distinguir de outros utilizadores do nosso s\u00edtio Web. Isto ajuda-nos a proporcionar-lhe uma boa experi\u00eancia quando navega no nosso s\u00edtio Web e tamb\u00e9m nos permite melhorar o nosso s\u00edtio. Considera-se que o utilizador aceita a nossa Pol\u00edtica&hellip;","_links":{"self":[{"href":"https:\/\/luxuryvillaalvor.com\/pt-pt\/wp-json\/wp\/v2\/pages\/1335","targetHints":{"allow":["GET"]}}],"collection":[{"href":"https:\/\/luxuryvillaalvor.com\/pt-pt\/wp-json\/wp\/v2\/pages"}],"about":[{"href":"https:\/\/luxuryvillaalvor.com\/pt-pt\/wp-json\/wp\/v2\/types\/page"}],"author":[{"embeddable":true,"href":"https:\/\/luxuryvillaalvor.com\/pt-pt\/wp-json\/wp\/v2\/users\/3"}],"replies":[{"embeddable":true,"href":"https:\/\/luxuryvillaalvor.com\/pt-pt\/wp-json\/wp\/v2\/comments?post=1335"}],"version-history":[{"count":1,"href":"https:\/\/luxuryvillaalvor.com\/pt-pt\/wp-json\/wp\/v2\/pages\/1335\/revisions"}],"predecessor-version":[{"id":1613,"href":"https:\/\/luxuryvillaalvor.com\/pt-pt\/wp-json\/wp\/v2\/pages\/1335\/revisions\/1613"}],"wp:attachment":[{"href":"https:\/\/luxuryvillaalvor.com\/pt-pt\/wp-json\/wp\/v2\/media?parent=1335"}],"curies":[{"name":"wp","href":"https:\/\/api.w.org\/{rel}","templated":true}]}}