{"id":1315,"date":"2022-04-02T06:22:14","date_gmt":"2022-04-02T06:22:14","guid":{"rendered":"https:\/\/luxuryvillaalvor.com\/localizacao\/"},"modified":"2025-01-07T09:11:26","modified_gmt":"2025-01-07T09:11:26","slug":"localizacao","status":"publish","type":"page","link":"https:\/\/luxuryvillaalvor.com\/pt-pt\/localizacao\/","title":{"rendered":"Localiza\u00e7\u00e3o"},"content":{"rendered":"\n<div class=\"wp-block-uagb-container uagb-block-a7983404 alignfull uagb-is-root-container\"><div class=\"uagb-container-inner-blocks-wrap\">\n<div class=\"wp-block-uagb-advanced-heading uagb-block-5affae94\"><h1 class=\"uagb-heading-text\">Localiza\u00e7\u00e3o<\/h1><\/div>\n<\/div><\/div>\n\n\n\n<div class=\"wp-block-uagb-container uagb-block-56439a2d alignfull uagb-is-root-container\">\n<div class=\"wp-block-uagb-image aligncenter uagb-block-f459691b wp-block-uagb-image--layout-default wp-block-uagb-image--effect-static wp-block-uagb-image--align-center\"><figure class=\"wp-block-uagb-image__figure\"><img decoding=\"async\" srcset=\"https:\/\/luxuryvillaalvor.com\/wp-content\/uploads\/2023\/08\/IMG_2351-1024x768.jpeg\n \" sizes=\"auto, (max-width: 480px) 150px\" src=\"https:\/\/luxuryvillaalvor.com\/wp-content\/uploads\/2023\/08\/IMG_2351-1024x768.jpeg\" alt=\"\" class=\"uag-image-918\" width=\"1300\" height=\"768\" title=\"\" loading=\"lazy\" role=\"img\"><\/figure><\/div>\n<\/div>\n\n\n\n<div class=\"wp-block-uagb-container uagb-block-8f161603 alignfull uagb-is-root-container\"><div class=\"uagb-container-inner-blocks-wrap\">\n<p>Bem-vindo \u00e0 nossa requintada moradia localizada em Alvor e muito perto da Praia da Rocha. Esta fant\u00e1stica localiza\u00e7\u00e3o oferece uma experi\u00eancia de f\u00e9rias sem paralelo, combinando tranquilidade, luxo e uma infinidade de actividades emocionantes para desfrutar.<\/p>\n\n\n\n<p>Um dos destaques desta \u00e1rea \u00e9 a abund\u00e2ncia de restaurantes de alta qualidade que atendem a todos os gostos. A uma curta dist\u00e2ncia da villa, encontrar\u00e1 os famosos restaurantes de marisco de Alvor, que servem os peixes mais frescos do dia. De suculentos peixes grelhados a deliciosos pratos de marisco, estas j\u00f3ias culin\u00e1rias oferecem um verdadeiro sabor do Algarve.<\/p>\n\n\n\n<p>Para os amantes da praia, a Praia da Rocha e as praias de Alvor est\u00e3o muito pr\u00f3ximas. A Praia da Rocha \u00e9 uma extens\u00e3o de areia dourada de cortar a respira\u00e7\u00e3o, apoiada por impressionantes fal\u00e9sias e \u00e1guas cristalinas. \u00c9 perfeita para banhos de sol, desportos de praia e passeios rom\u00e2nticos ao p\u00f4r do sol. Por outro lado, a praia de Alvor, com o seu ambiente mais descontra\u00eddo, \u00e9 ideal para quem procura relaxamento e tranquilidade.<\/p>\n\n\n\n<p>Os amantes de emo\u00e7\u00f5es fortes encontrar\u00e3o uma s\u00e9rie de actividades emocionantes para participar. As instala\u00e7\u00f5es de desportos aqu\u00e1ticos nas proximidades oferecem oportunidades para a pr\u00e1tica de surf, paddleboarding e jet ski, proporcionando uma descarga de adrenalina no meio da beleza natural.<\/p>\n\n\n\n<p>Para um toque de hist\u00f3ria e cultura, fa\u00e7a uma viagem \u00e0 hist\u00f3rica vila de Alvor, onde ruas empedradas, edif\u00edcios encantadores e uma igreja do s\u00e9culo XVI aguardam a sua explora\u00e7\u00e3o. A pitoresca aldeia piscat\u00f3ria exala charme e oferece um vislumbre do rico patrim\u00f3nio de Portugal.<\/p>\n\n\n\n<p>Para os entusiastas do golfe, a regi\u00e3o possui alguns dos melhores campos de golfe da Europa. D\u00ea a tacada inicial no meio de vistas deslumbrantes e desafie-se nos greens e fairways bem cuidados.<\/p>\n<\/div><\/div>\n\n\n\n<div class=\"wp-block-uagb-container uagb-block-f926a6b1 alignfull uagb-is-root-container\"><div class=\"uagb-container-inner-blocks-wrap\">\n<div class=\"wp-block-uagb-advanced-heading uagb-block-160c218b\"><h2 class=\"uagb-heading-text\">Galeria<\/h2><\/div>\n\n\n\n<div class=\"wp-block-uagb-container uagb-block-a781bd51\">\n<div class=\"wp-block-uagb-container uagb-block-f08fefa1\">\n<div class=\"wp-block-uagb-image uagb-block-26f25db6 wp-block-uagb-image--layout-default wp-block-uagb-image--effect-static wp-block-uagb-image--align-none\"><figure class=\"wp-block-uagb-image__figure\"><img decoding=\"async\" srcset=\"https:\/\/luxuryvillaalvor.com\/wp-content\/uploads\/2023\/06\/IMG_2426-1024x768.jpeg , https:\/\/luxuryvillaalvor.com\/wp-content\/uploads\/2023\/06\/IMG_2426-1024x768.jpeg 360w\" sizes=\"auto, (max-width: 480px) 150px\" src=\"https:\/\/luxuryvillaalvor.com\/wp-content\/uploads\/2023\/06\/IMG_2426-1024x768.jpeg\" alt=\"\" class=\"uag-image-79\" width=\"1024\" height=\"768\" title=\"\" loading=\"lazy\" role=\"img\"><\/figure><\/div>\n<\/div>\n\n\n\n<div class=\"wp-block-uagb-container uagb-block-264d4309\">\n<div class=\"wp-block-uagb-image uagb-block-8947d715 wp-block-uagb-image--layout-default wp-block-uagb-image--effect-static wp-block-uagb-image--align-none\"><figure class=\"wp-block-uagb-image__figure\"><img decoding=\"async\" srcset=\"https:\/\/luxuryvillaalvor.com\/wp-content\/uploads\/2023\/06\/IMG_2266-1024x768.jpeg , https:\/\/luxuryvillaalvor.com\/wp-content\/uploads\/2023\/06\/IMG_2266-1024x768.jpeg 360w\" sizes=\"auto, (max-width: 480px) 150px\" src=\"https:\/\/luxuryvillaalvor.com\/wp-content\/uploads\/2023\/06\/IMG_2266-1024x768.jpeg\" alt=\"\" class=\"uag-image-75\" width=\"1024\" height=\"768\" title=\"\" loading=\"lazy\" role=\"img\"><\/figure><\/div>\n<\/div>\n\n\n\n<div class=\"wp-block-uagb-container uagb-block-07a89390\">\n<div class=\"wp-block-uagb-image uagb-block-ae1ea98e wp-block-uagb-image--layout-default wp-block-uagb-image--effect-static wp-block-uagb-image--align-none\"><figure class=\"wp-block-uagb-image__figure\"><img decoding=\"async\" srcset=\"https:\/\/luxuryvillaalvor.com\/wp-content\/uploads\/2023\/06\/IMG_2251-1024x768.jpeg , https:\/\/luxuryvillaalvor.com\/wp-content\/uploads\/2023\/06\/IMG_2251-1024x768.jpeg 360w\" sizes=\"auto, (max-width: 480px) 150px\" src=\"https:\/\/luxuryvillaalvor.com\/wp-content\/uploads\/2023\/06\/IMG_2251-1024x768.jpeg\" alt=\"\" class=\"uag-image-74\" width=\"1024\" height=\"768\" title=\"\" loading=\"lazy\" role=\"img\"><\/figure><\/div>\n<\/div>\n<\/div>\n\n\n\n<div class=\"wp-block-uagb-container uagb-block-d2e9d0d6\">\n<div class=\"wp-block-uagb-container uagb-block-be48d8b1\">\n<div class=\"wp-block-uagb-image uagb-block-3cf3b2a4 wp-block-uagb-image--layout-default wp-block-uagb-image--effect-static wp-block-uagb-image--align-none\"><figure class=\"wp-block-uagb-image__figure\"><img decoding=\"async\" srcset=\"https:\/\/luxuryvillaalvor.com\/wp-content\/uploads\/2023\/06\/IMG_2278-1024x768.jpeg , https:\/\/luxuryvillaalvor.com\/wp-content\/uploads\/2023\/06\/IMG_2278-1024x768.jpeg 360w\" sizes=\"auto, (max-width: 480px) 150px\" src=\"https:\/\/luxuryvillaalvor.com\/wp-content\/uploads\/2023\/06\/IMG_2278-1024x768.jpeg\" alt=\"\" class=\"uag-image-78\" width=\"1024\" height=\"768\" title=\"\" loading=\"lazy\" role=\"img\"><\/figure><\/div>\n<\/div>\n\n\n\n<div class=\"wp-block-uagb-container uagb-block-7521ace2\">\n<div class=\"wp-block-uagb-image uagb-block-7ad9ec1a wp-block-uagb-image--layout-default wp-block-uagb-image--effect-static wp-block-uagb-image--align-none\"><figure class=\"wp-block-uagb-image__figure\"><img decoding=\"async\" srcset=\"https:\/\/luxuryvillaalvor.com\/wp-content\/uploads\/2023\/06\/IMG_2208-1024x768.jpeg , https:\/\/luxuryvillaalvor.com\/wp-content\/uploads\/2023\/06\/IMG_2208-1024x768.jpeg 360w\" sizes=\"auto, (max-width: 480px) 150px\" src=\"https:\/\/luxuryvillaalvor.com\/wp-content\/uploads\/2023\/06\/IMG_2208-1024x768.jpeg\" alt=\"\" class=\"uag-image-71\" width=\"1024\" height=\"768\" title=\"\" loading=\"lazy\" role=\"img\"><\/figure><\/div>\n<\/div>\n\n\n\n<div class=\"wp-block-uagb-container uagb-block-b9a7171b\">\n<div class=\"wp-block-uagb-image uagb-block-e700151a wp-block-uagb-image--layout-default wp-block-uagb-image--effect-static wp-block-uagb-image--align-none\"><figure class=\"wp-block-uagb-image__figure\"><img decoding=\"async\" srcset=\"https:\/\/luxuryvillaalvor.com\/wp-content\/uploads\/2023\/06\/IMG_2159-1024x768.jpeg , https:\/\/luxuryvillaalvor.com\/wp-content\/uploads\/2023\/06\/IMG_2159-1024x768.jpeg 360w\" sizes=\"auto, (max-width: 480px) 150px\" src=\"https:\/\/luxuryvillaalvor.com\/wp-content\/uploads\/2023\/06\/IMG_2159-1024x768.jpeg\" alt=\"\" class=\"uag-image-58\" width=\"1024\" height=\"768\" title=\"\" loading=\"lazy\" role=\"img\"><\/figure><\/div>\n<\/div>\n<\/div>\n<\/div><\/div>\n\n\n\n<div class=\"wp-block-uagb-container uagb-block-427a50f2 alignfull uagb-is-root-container\"><div class=\"uagb-container-inner-blocks-wrap\">\n<div class=\"wp-block-uagb-container uagb-block-8a138be3\">\n<div class=\"wp-block-uagb-advanced-heading uagb-block-afce62b0\"><h2 class=\"uagb-heading-text\">Locais a visitar<\/h2><\/div>\n\n\n\n<div class=\"wp-block-group is-nowrap is-layout-flex wp-container-core-group-is-layout-6c531013 wp-block-group-is-layout-flex\">\n<div class=\"wp-block-uagb-container uagb-block-a2a0d603\">\n<div class=\"wp-block-uagb-container uagb-block-1d4fefc0\">\n<div class=\"wp-block-uagb-info-box uagb-block-e87b1e2c uagb-infobox__content-wrap uagb-infobox-icon-above-title uagb-infobox-image-valign-top\"><div class=\"uagb-ifb-content\"><div class=\"uagb-ifb-title-wrap\"><h3 class=\"uagb-ifb-title\">Igreja do Divino Salvador<\/h3><\/div><p class=\"uagb-ifb-desc\">Uma igreja algarvia do s\u00e9culo XVI<br>que vale a pena visitar, aninhada nas ruas secund\u00e1rias de Alvor.<\/p><\/div><\/div>\n<\/div>\n<\/div>\n\n\n\n<div class=\"wp-block-uagb-container uagb-block-7fd01e87\">\n<div class=\"wp-block-uagb-image uagb-block-b33026df wp-block-uagb-image--layout-default wp-block-uagb-image--effect-static wp-block-uagb-image--align-none\"><figure class=\"wp-block-uagb-image__figure\"><img decoding=\"async\" srcset=\"https:\/\/luxuryvillaalvor.com\/wp-content\/uploads\/2023\/08\/Church-of-the-Divine-Saviour-1024x682.png\n \" sizes=\"auto, (max-width: 480px) 150px\" src=\"https:\/\/luxuryvillaalvor.com\/wp-content\/uploads\/2023\/08\/Church-of-the-Divine-Saviour-1024x682.png\" alt=\"\" class=\"uag-image-1252\" width=\"1024\" height=\"682\" title=\"\" loading=\"lazy\" role=\"img\"><\/figure><\/div>\n<\/div>\n<\/div>\n\n\n\n<div class=\"wp-block-group is-nowrap is-layout-flex wp-container-core-group-is-layout-6c531013 wp-block-group-is-layout-flex\">\n<div class=\"wp-block-uagb-container uagb-block-52886f1b\">\n<div class=\"wp-block-uagb-image uagb-block-80a37b4f wp-block-uagb-image--layout-default wp-block-uagb-image--effect-static wp-block-uagb-image--align-none\"><figure class=\"wp-block-uagb-image__figure\"><img decoding=\"async\" srcset=\"https:\/\/luxuryvillaalvor.com\/wp-content\/uploads\/2023\/08\/Alvor-Boardwalk-1024x682.png\n \" sizes=\"auto, (max-width: 480px) 150px\" src=\"https:\/\/luxuryvillaalvor.com\/wp-content\/uploads\/2023\/08\/Alvor-Boardwalk-1024x682.png\" alt=\"\" class=\"uag-image-1243\" width=\"1024\" height=\"682\" title=\"\" loading=\"lazy\" role=\"img\"><\/figure><\/div>\n<\/div>\n\n\n\n<div class=\"wp-block-uagb-container uagb-block-daf8ffff\">\n<div class=\"wp-block-uagb-container uagb-block-bcc9b728\">\n<div class=\"wp-block-uagb-info-box uagb-block-a0823bae uagb-infobox__content-wrap uagb-infobox-icon-above-title uagb-infobox-image-valign-top\"><div class=\"uagb-ifb-content\"><div class=\"uagb-ifb-title-wrap\"><h3 class=\"uagb-ifb-title\">Cal\u00e7ad\u00e3o de Alvor<\/h3><\/div><p class=\"uagb-ifb-desc\">Simplesmente lindo. Tranquilo, com \u00f3ptimas vistas &#8211; perfeito. Uma boa maneira de fazer exerc\u00edcio e apreciar as vistas&#8230;<\/p><\/div><\/div>\n<\/div>\n<\/div>\n<\/div>\n\n\n\n<div class=\"wp-block-group is-nowrap is-layout-flex wp-container-core-group-is-layout-6c531013 wp-block-group-is-layout-flex\">\n<div class=\"wp-block-uagb-container uagb-block-fb125c76\">\n<div class=\"wp-block-uagb-container uagb-block-0d787d6e\">\n<div class=\"wp-block-uagb-info-box uagb-block-bebdbe86 uagb-infobox__content-wrap uagb-infobox-icon-above-title uagb-infobox-image-valign-top\"><div class=\"uagb-ifb-content\"><div class=\"uagb-ifb-title-wrap\"><h3 class=\"uagb-ifb-title\">Praia dos Tr\u00eas Irm\u00e3os<\/h3><\/div><p class=\"uagb-ifb-desc\">Uma das mais belas praias da zona de Portim\u00e3o. \u00c9 famosa pelas suas forma\u00e7\u00f5es rochosas deslumbrantes. Procure o bar escondido!<\/p><\/div><\/div>\n<\/div>\n<\/div>\n\n\n\n<div class=\"wp-block-uagb-container uagb-block-eb6be045\">\n<div class=\"wp-block-uagb-image uagb-block-67b94c13 wp-block-uagb-image--layout-default wp-block-uagb-image--effect-static wp-block-uagb-image--align-none\"><figure class=\"wp-block-uagb-image__figure\"><img decoding=\"async\" srcset=\"https:\/\/luxuryvillaalvor.com\/wp-content\/uploads\/2023\/08\/Praia-dos-Tres-Irmaos-1024x682.jpeg\n \" sizes=\"auto, (max-width: 480px) 150px\" src=\"https:\/\/luxuryvillaalvor.com\/wp-content\/uploads\/2023\/08\/Praia-dos-Tres-Irmaos-1024x682.jpeg\" alt=\"\" class=\"uag-image-1255\" width=\"1024\" height=\"682\" title=\"\" loading=\"lazy\" role=\"img\"><\/figure><\/div>\n<\/div>\n<\/div>\n\n\n\n<div class=\"wp-block-group is-nowrap is-layout-flex wp-container-core-group-is-layout-6c531013 wp-block-group-is-layout-flex\">\n<div class=\"wp-block-uagb-container uagb-block-eac373d2\">\n<div class=\"wp-block-uagb-image uagb-block-46924d1e wp-block-uagb-image--layout-default wp-block-uagb-image--effect-static wp-block-uagb-image--align-none\"><figure class=\"wp-block-uagb-image__figure\"><img decoding=\"async\" srcset=\"https:\/\/luxuryvillaalvor.com\/wp-content\/uploads\/2023\/08\/Alvor-farmers-market-1024x682.jpg\n \" sizes=\"auto, (max-width: 480px) 150px\" src=\"https:\/\/luxuryvillaalvor.com\/wp-content\/uploads\/2023\/08\/Alvor-farmers-market-1024x682.jpg\" alt=\"\" class=\"uag-image-1246\" width=\"1024\" height=\"682\" title=\"\" loading=\"lazy\" role=\"img\"><\/figure><\/div>\n<\/div>\n\n\n\n<div class=\"wp-block-uagb-container uagb-block-7e4475cd\">\n<div class=\"wp-block-uagb-container uagb-block-10dfa291\">\n<div class=\"wp-block-uagb-info-box uagb-block-ad660073 uagb-infobox__content-wrap uagb-infobox-icon-above-title uagb-infobox-image-valign-top\"><div class=\"uagb-ifb-content\"><div class=\"uagb-ifb-title-wrap\"><h3 class=\"uagb-ifb-title\">Mercado agr\u00edcola de Alvor<\/h3><\/div><p class=\"uagb-ifb-desc\">Aberto todos os domingos de manh\u00e3 entre as 08:00 e as 13:00<br>Uma boa variedade de frutas e legumes frescos com alguns produtos artesanais.<\/p><\/div><\/div>\n<\/div>\n<\/div>\n<\/div>\n<\/div>\n<\/div><\/div>\n\n\n\n<div class=\"wp-block-uagb-container uagb-block-4a89696c alignfull uagb-is-root-container\"><div class=\"uagb-container-inner-blocks-wrap\">\n<div class=\"wp-block-uagb-advanced-heading uagb-block-a0011f6c\"><h2 class=\"uagb-heading-text\">Perguntar agora<\/h2><p class=\"uagb-desc-text\">Correio eletr\u00f3nico:&nbsp;<a href=\"mailto:info@luxuryvillaalvor.com\">info@luxuryvillaalvor.com<\/a><br>Telefone: +44 (0)7970 491 318<\/p><\/div>\n\n\n\n<script type=\"text\/javascript\" class=\"\" src=\"https:\/\/app.lodgify.com\/portable-search-bar\/stable\/renderPortableSearchBar.js\"><\/script>\n<div><div id=\"lodgify-search-bar\" data-website-id=\"451147\" data-language-code=\"en\" data-checkout-page-url=\"https:\/\/checkout.lodgify.com\/luxuryvillaalvor\/en\/#\/495200\" data-dates-check-in-label=\"Arrival\" data-dates-check-out-label=\"Departure\" data-guests-counter-label=\"Guest\" data-guests-input-singular-label=\"{&lt;wpml_curved wpml_value='NumberOfGuests'&gt;&lt;\/wpml_curved&gt;} guest\" data-guests-input-plural-label=\"{&lt;wpml_curved wpml_value='NumberOfGuests'&gt;&lt;\/wpml_curved&gt;} guests\" data-location-input-label=\"Location\" data-search-button-label=\"Search\" data-new-tab=\"true\">\n  <\/div>\n  <style type=\"text\/css\">\n  html {\n    --lodgify-ui-action-color: #fac600;\n    --lodgify-ui-action-darker-color: #c89e00;\n    --lodgify-ui-action-lighter-color: #fde899;\n    --lodgify-ui-action-contrast-color: #000000;\n  }\n  <\/style>\n  <\/div>\n<\/div><\/div>\n","protected":false},"excerpt":{"rendered":"<p>Localiza\u00e7\u00e3o Bem-vindo \u00e0 nossa requintada moradia localizada em Alvor e muito perto da Praia da Rocha. Esta fant\u00e1stica localiza\u00e7\u00e3o oferece uma experi\u00eancia de f\u00e9rias sem paralelo, combinando tranquilidade, luxo e uma infinidade de actividades emocionantes para desfrutar. Um dos destaques desta \u00e1rea \u00e9 a abund\u00e2ncia de restaurantes de alta qualidade que atendem a todos os [&hellip;]<\/p>\n","protected":false},"author":3,"featured_media":0,"parent":0,"menu_order":0,"comment_status":"closed","ping_status":"closed","template":"","meta":{"_uag_custom_page_level_css":"","site-sidebar-layout":"no-sidebar","site-content-layout":"page-builder","ast-site-content-layout":"full-width-container","site-content-style":"unboxed","site-sidebar-style":"unboxed","ast-global-header-display":"","ast-banner-title-visibility":"","ast-main-header-display":"","ast-hfb-above-header-display":"","ast-hfb-below-header-display":"","ast-hfb-mobile-header-display":"","site-post-title":"disabled","ast-breadcrumbs-content":"","ast-featured-img":"disabled","footer-sml-layout":"","ast-disable-related-posts":"","theme-transparent-header-meta":"","adv-header-id-meta":"","stick-header-meta":"","header-above-stick-meta":"","header-main-stick-meta":"","header-below-stick-meta":"","astra-migrate-meta-layouts":"default","ast-page-background-enabled":"default","ast-page-background-meta":{"desktop":{"background-color":"var(--ast-global-color-4)","background-image":"","background-repeat":"repeat","background-position":"center center","background-size":"auto","background-attachment":"scroll","background-type":"","background-media":"","overlay-type":"","overlay-color":"","overlay-opacity":"","overlay-gradient":""},"tablet":{"background-color":"","background-image":"","background-repeat":"repeat","background-position":"center center","background-size":"auto","background-attachment":"scroll","background-type":"","background-media":"","overlay-type":"","overlay-color":"","overlay-opacity":"","overlay-gradient":""},"mobile":{"background-color":"","background-image":"","background-repeat":"repeat","background-position":"center center","background-size":"auto","background-attachment":"scroll","background-type":"","background-media":"","overlay-type":"","overlay-color":"","overlay-opacity":"","overlay-gradient":""}},"ast-content-background-meta":{"desktop":{"background-color":"var(--ast-global-color-5)","background-image":"","background-repeat":"repeat","background-position":"center center","background-size":"auto","background-attachment":"scroll","background-type":"","background-media":"","overlay-type":"","overlay-color":"","overlay-opacity":"","overlay-gradient":""},"tablet":{"background-color":"var(--ast-global-color-5)","background-image":"","background-repeat":"repeat","background-position":"center center","background-size":"auto","background-attachment":"scroll","background-type":"","background-media":"","overlay-type":"","overlay-color":"","overlay-opacity":"","overlay-gradient":""},"mobile":{"background-color":"var(--ast-global-color-5)","background-image":"","background-repeat":"repeat","background-position":"center center","background-size":"auto","background-attachment":"scroll","background-type":"","background-media":"","overlay-type":"","overlay-color":"","overlay-opacity":"","overlay-gradient":""}},"footnotes":""},"class_list":["post-1315","page","type-page","status-publish","hentry"],"uagb_featured_image_src":{"full":false,"thumbnail":false,"medium":false,"medium_large":false,"large":false,"1536x1536":false,"2048x2048":false},"uagb_author_info":{"display_name":"Steve","author_link":"https:\/\/luxuryvillaalvor.com\/pt-pt\/author\/steve\/"},"uagb_comment_info":0,"uagb_excerpt":"Localiza\u00e7\u00e3o Bem-vindo \u00e0 nossa requintada moradia localizada em Alvor e muito perto da Praia da Rocha. Esta fant\u00e1stica localiza\u00e7\u00e3o oferece uma experi\u00eancia de f\u00e9rias sem paralelo, combinando tranquilidade, luxo e uma infinidade de actividades emocionantes para desfrutar. Um dos destaques desta \u00e1rea \u00e9 a abund\u00e2ncia de restaurantes de alta qualidade que atendem a todos os&hellip;","_links":{"self":[{"href":"https:\/\/luxuryvillaalvor.com\/pt-pt\/wp-json\/wp\/v2\/pages\/1315","targetHints":{"allow":["GET"]}}],"collection":[{"href":"https:\/\/luxuryvillaalvor.com\/pt-pt\/wp-json\/wp\/v2\/pages"}],"about":[{"href":"https:\/\/luxuryvillaalvor.com\/pt-pt\/wp-json\/wp\/v2\/types\/page"}],"author":[{"embeddable":true,"href":"https:\/\/luxuryvillaalvor.com\/pt-pt\/wp-json\/wp\/v2\/users\/3"}],"replies":[{"embeddable":true,"href":"https:\/\/luxuryvillaalvor.com\/pt-pt\/wp-json\/wp\/v2\/comments?post=1315"}],"version-history":[{"count":4,"href":"https:\/\/luxuryvillaalvor.com\/pt-pt\/wp-json\/wp\/v2\/pages\/1315\/revisions"}],"predecessor-version":[{"id":1701,"href":"https:\/\/luxuryvillaalvor.com\/pt-pt\/wp-json\/wp\/v2\/pages\/1315\/revisions\/1701"}],"wp:attachment":[{"href":"https:\/\/luxuryvillaalvor.com\/pt-pt\/wp-json\/wp\/v2\/media?parent=1315"}],"curies":[{"name":"wp","href":"https:\/\/api.w.org\/{rel}","templated":true}]}}