{"id":1351,"date":"2023-08-14T13:41:36","date_gmt":"2023-08-14T13:41:36","guid":{"rendered":"https:\/\/luxuryvillaalvor.com\/termini-e-condizioni\/"},"modified":"2024-07-12T12:21:39","modified_gmt":"2024-07-12T12:21:39","slug":"termini-e-condizioni","status":"publish","type":"page","link":"https:\/\/luxuryvillaalvor.com\/it\/termini-e-condizioni\/","title":{"rendered":"Termini e condizioni"},"content":{"rendered":"\n<p>Termini e condizioni per le prenotazioni private della Casa Da Cisterna  <\/p>\n\n\n\n<p>Tutte le prenotazioni effettuate tramite Booking.com, AirB&amp;B o qualsiasi altro servizio di terze parti seguiranno i termini e le condizioni stabiliti da questi ultimi in prima istanza. In caso di condizioni aggiuntive non previste nei termini e nelle condizioni, si applicheranno queste ultime.  <\/p>\n\n\n\n<p><strong>MJ&amp;PM Properties Limited, Casa Da Cisterna, www.<\/strong><strong> <\/strong><strong>luxuryvillaalvor.com<\/strong>&nbsp;<\/p>\n\n\n\n<p>SI PREGA DI LEGGERE ATTENTAMENTE LE PRESENTI CONDIZIONI, QUANDO SI EFFETTUA UNA PRENOTAZIONE SI STIPULA UN CONTRATTO LEGALMENTE VINCOLANTE I CUI TERMINI SONO RIPORTATI NELLE PRESENTI CONDIZIONI.&nbsp;&nbsp;<\/p>\n\n\n\n<p><strong>1 Casa Da Cisterna&nbsp;<\/strong>&nbsp;<\/p>\n\n\n\n<p>Il contratto per l&#8217;affitto di una vacanza a breve termine sar\u00e0 stipulato tra MJ&amp;PM Properties Limited (denominata &#8220;noi&#8221; o &#8220;ci&#8221;) e la persona che effettua la prenotazione e tutti i membri del gruppo di vacanza (denominati &#8220;voi&#8221; o &#8220;vostro&#8221;) nelle seguenti condizioni di prenotazione; il contratto sar\u00e0 disciplinato dalla legge dell&#8217;Inghilterra e del Galles. Il contratto di noleggio non \u00e8 effettivo finch\u00e9 non abbiamo ricevuto la caparra. Il contratto sar\u00e0 soggetto alle presenti condizioni di prenotazione e dovr\u00e0 essere rispettato. Il responsabile del gruppo deve avere almeno 18 anni al momento della prenotazione e nel modulo di prenotazione devono essere indicati i nomi, gli indirizzi e le et\u00e0 del gruppo.&nbsp;&nbsp;<\/p>\n\n\n\n<p><strong>2 Durata e orari delle locazioni&nbsp;<\/strong>&nbsp;<\/p>\n\n\n\n<p>L&#8217;arrivo non deve avvenire prima delle 15:00 del giorno di inizio e la partenza deve avvenire entro le 10:00 del giorno di partenza. In caso contrario, vi verr\u00e0 addebitato un ulteriore giorno di noleggio. Il cliente non deve utilizzare l&#8217;immobile se non a scopo di vacanza durante il periodo di vacanza, e non per altri scopi o periodi pi\u00f9 lunghi. L&#8217;accordo di soggiorno nell&#8217;immobile per il periodo di vacanza non crea il rapporto di locatore e locatario tra le parti. Il cliente non avr\u00e0 diritto a una nuova locazione, n\u00e9 a una locazione assicurata o a un affitto di breve durata, n\u00e9 a una protezione legale ai sensi dell&#8217;Housing Act 1988 o ad altre garanzie legali di locazione, n\u00e9 ora n\u00e9 alla fine del Periodo di vacanza.&nbsp;&nbsp;<\/p>\n\n\n\n<p><strong>3 Procedura di prenotazione&nbsp;<\/strong>&nbsp;<\/p>\n\n\n\n<p>Pur essendo disposti a prendere in considerazione le richieste di prenotazione delle propriet\u00e0, la conferma di una prenotazione non ci render\u00e0 responsabili nel caso in cui la propriet\u00e0 non sia disponibile per l&#8217;occupazione durante il periodo prenotato e nessun contratto sorger\u00e0 tra noi e il cliente se non in conformit\u00e0 alle seguenti disposizioni dei presenti termini e condizioni.&nbsp;&nbsp;<\/p>\n\n\n\n<p><strong>4 Modulo di prenotazione&nbsp;<\/strong>&nbsp;<\/p>\n\n\n\n<p>Tutte le richieste di prenotazione di vacanze nelle propriet\u00e0 devono essere inoltrate da voi a noi utilizzando il nostro modulo di prenotazione standard per il momento in vigore (&#8220;Modulo di prenotazione&#8221;). Il modulo di prenotazione deve essere compilato in ogni sua parte e deve essere accompagnato dal pagamento della quota di prenotazione. L&#8217;importo dei diritti di prenotazione \u00e8 il seguente:&nbsp;&nbsp;<\/p>\n\n\n\n<p>i. Se la tassa di prenotazione viene presentata 4 settimane o pi\u00f9 prima dell&#8217;inizio del periodo di locazione richiesto, il 25% dell&#8217;intero importo dovuto per la locazione; oppure&nbsp;&nbsp;<\/p>\n\n\n\n<p>ii. Se il modulo di prenotazione viene inviato meno di 4 settimane prima dell&#8217;inizio del periodo di vacanza richiesto &#8211; l&#8217;intero importo dovuto per l&#8217;intero periodo di locazione.&nbsp;&nbsp;<\/p>\n\n\n\n<p>In caso di rifiuto di una domanda, l&#8217;intero importo della quota di prenotazione sar\u00e0 rimborsato al cliente. Nel caso in cui la domanda venga accettata, la quota di prenotazione sar\u00e0 trattenuta da noi e trattata come un acconto sull&#8217;importo da pagare per la locazione.&nbsp;&nbsp;<\/p>\n\n\n\n<p><strong>5 Accettazione di una domanda&nbsp;<\/strong>&nbsp;<\/p>\n\n\n\n<p>Il contratto tra noi e il cliente per l&#8217;affitto dell&#8217;immobile si perfezioner\u00e0 con la conferma scritta dell&#8217;accettazione della richiesta (che a nostra discrezione potr\u00e0 essere inviata per posta pre-pagata o per via elettronica all&#8217;indirizzo e-mail fornito dal cliente nel modulo di prenotazione) o con l&#8217;ottenimento di fondi chiari rispetto alla quota di richiesta, a seconda di quale sia la data pi\u00f9 recente.&nbsp;&nbsp;<\/p>\n\n\n\n<p><strong>6 Pagamento&nbsp;<\/strong>&nbsp;<\/p>\n\n\n\n<p>L&#8217;intero importo del pagamento del canone di locazione (meno l&#8217;importo di cui alla clausola 4) deve essere versato alla &#8220;data di scadenza&#8221;:&nbsp;&nbsp;<\/p>\n\n\n\n<p>1. In una prenotazione in cui si applica la clausola 4i, non pi\u00f9 tardi di 4 settimane prima dell&#8217;inizio della locazione; oppure&nbsp;&nbsp;<\/p>\n\n\n\n<p>2. In una prenotazione a cui si applica il punto 4ii, dopo la nostra accettazione ai sensi dell&#8217;articolo 5.&nbsp;&nbsp;<\/p>\n\n\n\n<p><strong>7 Mancato pagamento&nbsp;<\/strong>&nbsp;<\/p>\n\n\n\n<p>Il mancato pagamento dell&#8217;importo dovuto ai sensi della clausola 6 entro la data di scadenza pu\u00f2 essere considerato come una cancellazione della prenotazione e avremo il diritto di riaffittare l&#8217;immobile senza fare riferimento al cliente. Si applicano quindi le condizioni di pagamento di cui alla clausola 8.&nbsp;&nbsp;<\/p>\n\n\n\n<p><strong>8 Cancellazione&nbsp;<\/strong>&nbsp;<\/p>\n\n\n\n<p>SI CONSIGLIA A TUTTI I RICHIEDENTI DI STIPULARE UN&#8217;ASSICURAZIONE PERSONALE CONTRO L&#8217;ANNULLAMENTO DELLE VACANZE.&nbsp;&nbsp;<\/p>\n\n\n\n<p>Qualsiasi richiesta di cancellazione di una prenotazione deve essere inoltrata per iscritto a noi. Il cliente rimane responsabile di tutti i pagamenti dovuti in relazione alla prenotazione, indipendentemente dal fatto che siano stati pagati o meno al momento della cancellazione. Ci impegneremo a fare il possibile per riaffittare l&#8217;immobile per il periodo di cancellazione. In caso di esito positivo, vi sar\u00e0 rimborsata la differenza tra le somme versate e le somme ricavate dalla riaffittanza, al netto di tutti i costi e le spese da noi sostenuti, tra cui una commissione amministrativa di 25 sterline per ogni giorno in cui l&#8217;immobile \u00e8 stato prenotato da voi.&nbsp;&nbsp;<\/p>\n\n\n\n<p><strong>9 Modifiche&nbsp;<\/strong>&nbsp;<\/p>\n\n\n\n<p>Ci riserviamo il diritto di modificare il prezzo indicato in una brochure, in un sito web o in un tariffario a causa di errori o omissioni o di variazioni dell&#8217;aliquota IVA. In tali circostanze vi contatteremo non appena verremo a conoscenza di un aumento delle spese. Se non desiderate pagare l&#8217;aumento, avrete il diritto di cancellare la prenotazione e di ricevere un rimborso completo di tutte le somme versate in relazione alla prenotazione, a condizione che la cancellazione venga comunicata in conformit\u00e0 con le disposizioni della clausola 4 ed entro 7 giorni dal ricevimento della notifica della modifica del prezzo da addebitare da parte nostra.&nbsp;&nbsp;<\/p>\n\n\n\n<p><strong>10 Modifiche alle prenotazioni&nbsp;<\/strong>&nbsp;<\/p>\n\n\n\n<p>Prenderemo in considerazione qualsiasi richiesta di modifica delle date dopo l&#8217;emissione della conferma. Ci riserviamo il diritto di addebitare una tassa amministrativa di 25 sterline in caso di modifica della prenotazione.&nbsp;&nbsp;<\/p>\n\n\n\n<p><strong>11 Occupazione e uso della propriet\u00e0&nbsp;<\/strong>&nbsp;<\/p>\n\n\n\n<p>In nessun caso la propriet\u00e0 pu\u00f2 essere occupata da un numero di persone superiore a quello massimo indicato nella brochure e nel sito web. Ci riserviamo il diritto di rifiutare l&#8217;ingresso se questa condizione non viene rispettata. Tutte le persone diverse dai membri del vostro gruppo non possono utilizzare le strutture di Casa Da Cisterna, a meno che non sia stato ottenuto il consenso scritto da parte nostra. Il superamento del numero massimo di persone nella villa sovraccarica le strutture disponibili, che non sono progettate o in grado di supportare un utilizzo aggiuntivo, e pu\u00f2 causare danni estesi e costosi. Pertanto, qualsiasi occupazione eccessiva \u00e8 considerata una grave violazione dei Termini e Condizioni e pu\u00f2 comportare l&#8217;obbligo immediato di lasciare i locali, senza alcun rimborso delle somme dovute e con possibili ulteriori addebiti in caso di danni alle strutture causati dall&#8217;uso eccessivo.&nbsp;&nbsp;<\/p>\n\n\n\n<p><strong>12 Cura della propriet\u00e0&nbsp;<\/strong>&nbsp;<\/p>\n\n\n\n<p>Il locatario \u00e8 responsabile della propriet\u00e0 e deve prendersi cura di tutti i mobili, le immagini, gli arredi e gli effetti che si trovano all&#8217;interno o nella propriet\u00e0. Alla fine del periodo di noleggio, il cliente deve lasciarli nello stesso stato di manutenzione e pulizia in cui li ha lasciati all&#8217;inizio. Non \u00e8 consentito utilizzare gli immobili per attivit\u00e0 pericolose, offensive, nocive, rumorose, immorali o svolgere attivit\u00e0 che possano arrecare disturbo o fastidio al proprietario o ad altri immobili confinanti. Chiediamo che il rumore sia ridotto al minimo tra le 23 e le 7 del mattino. Non \u00e8 consentito fumare in nessuna delle propriet\u00e0 o nelle aree comuni.&nbsp;&nbsp;<\/p>\n\n\n\n<p><strong>13 Danni e deposito cauzionale&nbsp;<\/strong>&nbsp;<\/p>\n\n\n\n<p>Le prenotazioni della Casa Da Cisterna possono richiedere un deposito cauzionale di \u00a3300,00. Potrebbe essere richiesto di effettuare il pagamento in contanti o tramite bonifico bancario o carta prima dell&#8217;arrivo presso l&#8217;alloggio. Questo importo \u00e8 completamente rimborsabile entro 4 settimane dalla partenza, a condizione che la propriet\u00e0 sia lasciata pulita e in ordine, che non ci siano state rotture, pulizie extra o persone aggiuntive che soggiornano nella propriet\u00e0.&nbsp;&nbsp;<\/p>\n\n\n\n<p>Nel caso in cui voi o chiunque soggiorni nella propriet\u00e0 durante il periodo di prenotazione causi danni o necessiti di servizi di pulizia professionali o lasci la propriet\u00e0 senza saldare le fatture per servizi o forniture aggiuntive ricevute durante il periodo di prenotazione, sarete informati per iscritto dei dettagli di qualsiasi costo aggiuntivo sostenuto entro 14 giorni lavorativi dalla fine del periodo di prenotazione e tale importo sar\u00e0 dedotto dal Deposito Danni o il pagamento sar\u00e0 richiesto da voi.&nbsp;&nbsp;<\/p>\n\n\n\n<p><strong>14 Attrezzature ludiche \/ Piscina<\/strong>&nbsp;<\/p>\n\n\n\n<p>Il cliente accetta che l&#8217;uso delle attrezzature ludiche e della piscina \u00e8 a suo (o di terzi che risiedono nella propriet\u00e0 durante il periodo della sua prenotazione) rischio e pericolo.&nbsp;&nbsp;<\/p>\n\n\n\n<p>L&#8217;uso della piscina \u00e8 interamente a proprio rischio e pericolo. Non \u00e8 riscaldato e l&#8217;immersione pu\u00f2 provocare uno shock. I non nuotatori non devono utilizzare la piscina. I bambini devono essere sempre sorvegliati. La vetreria non deve essere utilizzata in prossimit\u00e0 della piscina.&nbsp;<\/p>\n\n\n\n<p>Confermate di essere autorizzati a firmare il modulo di prenotazione a nome di tutte le persone che occuperanno la propriet\u00e0 e che queste sono a conoscenza delle condizioni di prenotazione. Il cliente deve essere un membro del gruppo che occupa l&#8217;immobile ed \u00e8 tenuto a garantire che:&nbsp;&nbsp;<\/p>\n\n\n\n<p>1. Ogni membro del gruppo a nome del quale avete inviato il Modulo di prenotazione \u00e8 indicato sul modulo di prenotazione con il suo nome e cognome e la sua et\u00e0, se inferiore ai 30 anni;&nbsp;&nbsp;<\/p>\n\n\n\n<p>2. Ciascun membro del gruppo \u00e8 a conoscenza e si impegna a rispettare tutte le norme e i regolamenti da noi pubblicati in merito all&#8217;uso e all&#8217;occupazione delle Propriet\u00e0;&nbsp;&nbsp;<\/p>\n\n\n\n<p>3. Il numero di persone all&#8217;interno del gruppo non deve superare il numero massimo di persone consentito per l&#8217;occupazione dell&#8217;immobile.&nbsp;&nbsp;<\/p>\n\n\n\n<p>Qualsiasi violazione di queste disposizioni costituir\u00e0 una violazione del contratto, per cui potremo interrompere immediatamente la prenotazione, nel qual caso tutte le somme versate dal cliente saranno incamerate e gli sar\u00e0 richiesto di lasciare la propriet\u00e0.&nbsp;&nbsp;<\/p>\n\n\n\n<p>Ci riserviamo il diritto di riprendere possesso della propriet\u00e0 in qualsiasi momento se il danno o il disturbo sono stati causati da voi o da qualsiasi membro del vostro gruppo e in tal caso non saremo tenuti ad effettuare alcun rimborso.&nbsp;&nbsp;<\/p>\n\n\n\n<p><strong>15 Responsabilit\u00e0&nbsp;<\/strong>&nbsp;<\/p>\n\n\n\n<p>La presente condizione stabilisce l&#8217;intera responsabilit\u00e0 finanziaria della Societ\u00e0 (compresa la responsabilit\u00e0 per gli atti o le omissioni dei suoi dipendenti, agenti, consulenti e subappaltatori) nei confronti del cliente in relazione a qualsiasi violazione del presente contratto, a qualsiasi uso fatto dal cliente o da terzi che risiedono o utilizzano la propriet\u00e0 durante il periodo di prenotazione e a qualsiasi rappresentazione, dichiarazione o atto illecito o omissione (compresa la negligenza) derivanti da o in relazione al presente contratto.&nbsp;&nbsp;<\/p>\n\n\n\n<p>Tutte le garanzie, le condizioni e gli altri termini impliciti nella legge o nel diritto comune sono, nella misura massima consentita dalla legge, esclusi dal presente contratto. Nessuna disposizione del presente contratto limita o esclude la responsabilit\u00e0 della Societ\u00e0 per morte o lesioni personali derivanti da negligenza o per responsabilit\u00e0 sostenute dall&#8217;utente in seguito a frode o dichiarazione fraudolenta da parte della Societ\u00e0.&nbsp;&nbsp;<\/p>\n\n\n\n<p>Non saremo responsabili per la perdita di profitti, la perdita di affari, la perdita di risparmi previsti, la perdita di propriet\u00e0 o beni personali, la perdita di utilizzo della propriet\u00e0 o qualsiasi perdita economica speciale, indiretta, consequenziale o pura, costi, danni, oneri o spese in relazione alla prenotazione.&nbsp;&nbsp;<\/p>\n\n\n\n<p>La nostra responsabilit\u00e0 totale per contratto, illecito (compresa la negligenza o la violazione di obblighi di legge), falsa dichiarazione, restituzione o altro, derivante dall&#8217;esecuzione o dalla prevista esecuzione delle condizioni del presente contratto, sar\u00e0 limitata alle somme pagate in relazione alla vostra prenotazione ai sensi delle condizioni del presente contratto.&nbsp;&nbsp;<\/p>\n\n\n\n<p>Qualsiasi veicolo vostro o di terzi che faccia uso della propriet\u00e0 durante il periodo della vostra prenotazione \u00e8 lasciato presso la propriet\u00e0 interamente a rischio del proprietario del veicolo.&nbsp;&nbsp;<\/p>\n\n\n\n<p><strong>16 Forza maggiore&nbsp;<\/strong>&nbsp;<\/p>\n\n\n\n<p>In questi termini e condizioni, per &#8220;Forza maggiore&#8221; si intende qualsiasi circostanza al di fuori del nostro ragionevole controllo, inclusi, a titolo esemplificativo e non esaustivo, cause di forza maggiore, incendi, inondazioni, guerre, atti di terrorismo o pandemie. Se per cause di forza maggiore l&#8217;immobile non \u00e8 disponibile all&#8217;inizio dell&#8217;orario prenotato dal cliente o se l&#8217;immobile non \u00e8 adatto alla locazione in quel momento, non saremo considerati inadempienti al contratto.&nbsp;&nbsp;<\/p>\n\n\n\n<p>Ma rimborser\u00e0 interamente all&#8217;utente tutte le tariffe, gli oneri e qualsiasi deposito pagato in anticipo dall&#8217;utente. Non saremo responsabili per qualsiasi altra richiesta di risarcimento per perdite o danni da parte dell&#8217;utente.&nbsp;&nbsp;<\/p>\n\n\n\n<p><strong>17 Generale&nbsp;<\/strong>&nbsp;<\/p>\n\n\n\n<p>(a) In caso di conflitto tra le presenti condizioni di prenotazione e qualsiasi altro contenuto di qualsiasi opuscolo o sito web, prevarranno le presenti condizioni.&nbsp;&nbsp;<\/p>\n\n\n\n<p>(b) I presenti termini e il contratto tra l&#8217;utente e noi saranno soggetti e interpretati in conformit\u00e0 alla legge dell&#8217;Inghilterra e del Galles e i tribunali dell&#8217;Inghilterra e del Galles avranno la giurisdizione esclusiva per esaminare qualsiasi reclamo derivante da tale contratto.&nbsp;&nbsp;<\/p>\n\n\n\n<p>(c) Le parole qui indicate che denotano il genere maschile devono, se il contesto lo consente, essere considerate come comprendenti il genere femminile e quello neutro e viceversa.&nbsp;&nbsp;<\/p>\n\n\n\n<p>(d) Le parole qui indicate al singolare devono essere considerate, ove il contesto lo consenta, come comprensive del plurale e viceversa.&nbsp;&nbsp;<\/p>\n\n\n\n<p>CHIEDIAMO AI NOSTRI OSPITI DI LEGGERE E FIRMARE LE SEGUENTI CONDIZIONI CHE DEVONO ESSERE LETTE INSIEME ALLE CONDIZIONI DI PRENOTAZIONE E NE COSTITUISCONO PARTE INTEGRANTE.&nbsp;&nbsp;<\/p>\n\n\n\n<p>1. Comportarsi in modo tale da non disturbare il divertimento delle altre persone che soggiornano nelle vicinanze o pregiudicare la reputazione del proprietario dell&#8217;immobile.&nbsp;&nbsp;<\/p>\n\n\n\n<p>2. Il vostro soggiorno o quello di terzi che risiedono o utilizzano la propriet\u00e0 durante il periodo della vostra prenotazione in violazione di questa clausola pu\u00f2 essere interrotto immediatamente e senza alcun risarcimento o ulteriore obbligo. Eventuali danni alle strutture derivanti da un uso improprio o da negligenza e\/o mancata osservanza delle istruzioni qui riportate saranno a carico dell&#8217;utente.&nbsp;&nbsp;<\/p>\n\n\n\n<p>3. \u00c8 severamente vietato l&#8217;uso di candele all&#8217;interno o all&#8217;esterno della Villa. Spegnere tutti gli apparecchi elettrici prima di andare a letto e chiudere tutte le porte.&nbsp;&nbsp;<\/p>\n\n\n\n<p>4. Qualsiasi furto dalla propriet\u00e0 sar\u00e0 denunciato alla polizia.&nbsp;<\/p>\n\n\n\n<p><strong>18 Regolamenti e condizioni relativi agli animali domestici&nbsp;<\/strong>&nbsp;<\/p>\n\n\n\n<p>Lei \u00e8 d&#8217;accordo:&nbsp;&nbsp;<\/p>\n\n\n\n<p>1. Gli animali domestici sono ammessi nella propriet\u00e0 o nel giardino.&nbsp;<\/p>\n\n\n\n<p><strong>19 Sicurezza e privacy&nbsp;<\/strong>&nbsp;<\/p>\n\n\n\n<p>Garantiremo che:&nbsp;&nbsp;<\/p>\n\n\n\n<p>1. I dati personali vengono utilizzati solo per i legittimi interessi di MJ&amp;PM Properties e non pregiudicano indebitamente i diritti e le libert\u00e0 dell&#8217;individuo in questione.&nbsp;&nbsp;<\/p>\n\n\n\n<p>2. I dati personali saranno trattati in modo equo e lecito in conformit\u00e0 con la legge sulla protezione dei dati. 3. Non tratteranno i dati personali &#8220;sensibili&#8221; senza il previo consenso del socio.&nbsp;&nbsp;<\/p>\n\n\n\n<p>4. L&#8217;accesso ai dati personali informatizzati sotto forma di &#8220;stampa&#8221; informatizzata e ai dati personali manuali sar\u00e0 consentito a sua discrezione.&nbsp;&nbsp;<\/p>\n\n\n\n<p>5. Le informazioni trattate sono accurate, pertinenti, attuali, aggiornate e non eccessive.&nbsp;&nbsp;<\/p>\n\n\n\n<p>6. I dati personali saranno conservati solo per il tempo necessario alle finalit\u00e0 specificate.&nbsp;&nbsp;<\/p>\n\n\n\n<p>7. L&#8217;informativa completa sulla privacy \u00e8 disponibile all&#8217;indirizzo https:\/\/luxuryvillaalvor.com\/privacy-policy.&nbsp;<\/p>\n\n\n\n<p><strong>20 Esclusione di responsabilit\u00e0&nbsp;<\/strong>&nbsp;<\/p>\n\n\n\n<p>Si ricorda che \u00e8 possibile contrarre virus informatici accedendo a una pagina Web o scaricando o eseguendo un programma infetto. Sebbene MJ&amp;PM Properties abbia adottato misure per garantire che le pagine di questo sito web siano prive di infezioni, la natura di Internet non consente di garantire che le pagine di questo sito web siano effettivamente prive di infezioni. La condizione per cui vi permettiamo di accedere liberamente a questo sito web \u00e8 che MJ&amp;PM Properties Limited non sar\u00e0 responsabile per qualsiasi perdita o danno subito da qualsiasi persona che acceda a questo sito web o da qualsiasi terza parte derivante direttamente dalla trasmissione di un virus informatico derivante dall&#8217;accesso a questo sito web.&nbsp;&nbsp;<\/p>\n\n\n\n<p>Si prega di notare che le informazioni disponibili su questo sito web possono essere incomplete, non aggiornate o errate. \u00c8 quindi essenziale che verifichiate tutte le informazioni con noi prima di intraprendere qualsiasi azione in base ad esse. Il libero accesso al materiale di questo sito web \u00e8 subordinato all&#8217;accettazione da parte dell&#8217;utente di non essere responsabile per qualsiasi azione intrapresa in base alle informazioni contenute in questo sito web.&nbsp;&nbsp;<\/p>\n\n\n\n<p>I contenuti delle pagine di questo sito web sono copyright di MJ&amp;PM Properties Limited. \u00c8 vietata la copia o l&#8217;incorporazione in qualsiasi altra opera o parte o tutto il materiale disponibile su questo sito web in qualsiasi forma, ad eccezione del fatto che \u00e8 possibile: scaricare estratti del materiale presente sul sito per uso personale; oppure: copiare il materiale presente sul sito allo scopo di inviarlo a singoli terzi per loro informazione personale, a condizione che ci si riconosca come fonte del materiale e che si informi il terzo che queste condizioni si applicano a lui e che deve rispettarle.&nbsp;&nbsp;<\/p>\n","protected":false},"excerpt":{"rendered":"<p>Termini e condizioni per le prenotazioni private della Casa Da Cisterna Tutte le prenotazioni effettuate tramite Booking.com, AirB&amp;B o qualsiasi altro servizio di terze parti seguiranno i termini e le condizioni stabiliti da questi ultimi in prima istanza. In caso di condizioni aggiuntive non previste nei termini e nelle condizioni, si applicheranno queste ultime. MJ&amp;PM [&hellip;]<\/p>\n","protected":false},"author":3,"featured_media":0,"parent":0,"menu_order":0,"comment_status":"closed","ping_status":"closed","template":"","meta":{"_uag_custom_page_level_css":"","site-sidebar-layout":"default","site-content-layout":"","ast-site-content-layout":"default","site-content-style":"default","site-sidebar-style":"default","ast-global-header-display":"","ast-banner-title-visibility":"","ast-main-header-display":"","ast-hfb-above-header-display":"","ast-hfb-below-header-display":"","ast-hfb-mobile-header-display":"","site-post-title":"","ast-breadcrumbs-content":"","ast-featured-img":"","footer-sml-layout":"","ast-disable-related-posts":"","theme-transparent-header-meta":"","adv-header-id-meta":"","stick-header-meta":"","header-above-stick-meta":"","header-main-stick-meta":"","header-below-stick-meta":"","astra-migrate-meta-layouts":"default","ast-page-background-enabled":"default","ast-page-background-meta":{"desktop":{"background-color":"var(--ast-global-color-4)","background-image":"","background-repeat":"repeat","background-position":"center center","background-size":"auto","background-attachment":"scroll","background-type":"","background-media":"","overlay-type":"","overlay-color":"","overlay-opacity":"","overlay-gradient":""},"tablet":{"background-color":"","background-image":"","background-repeat":"repeat","background-position":"center center","background-size":"auto","background-attachment":"scroll","background-type":"","background-media":"","overlay-type":"","overlay-color":"","overlay-opacity":"","overlay-gradient":""},"mobile":{"background-color":"","background-image":"","background-repeat":"repeat","background-position":"center center","background-size":"auto","background-attachment":"scroll","background-type":"","background-media":"","overlay-type":"","overlay-color":"","overlay-opacity":"","overlay-gradient":""}},"ast-content-background-meta":{"desktop":{"background-color":"var(--ast-global-color-5)","background-image":"","background-repeat":"repeat","background-position":"center center","background-size":"auto","background-attachment":"scroll","background-type":"","background-media":"","overlay-type":"","overlay-color":"","overlay-opacity":"","overlay-gradient":""},"tablet":{"background-color":"var(--ast-global-color-5)","background-image":"","background-repeat":"repeat","background-position":"center center","background-size":"auto","background-attachment":"scroll","background-type":"","background-media":"","overlay-type":"","overlay-color":"","overlay-opacity":"","overlay-gradient":""},"mobile":{"background-color":"var(--ast-global-color-5)","background-image":"","background-repeat":"repeat","background-position":"center center","background-size":"auto","background-attachment":"scroll","background-type":"","background-media":"","overlay-type":"","overlay-color":"","overlay-opacity":"","overlay-gradient":""}},"footnotes":""},"class_list":["post-1351","page","type-page","status-publish","hentry"],"uagb_featured_image_src":{"full":false,"thumbnail":false,"medium":false,"medium_large":false,"large":false,"1536x1536":false,"2048x2048":false},"uagb_author_info":{"display_name":"Steve","author_link":"https:\/\/luxuryvillaalvor.com\/it\/author\/steve\/"},"uagb_comment_info":0,"uagb_excerpt":"Termini e condizioni per le prenotazioni private della Casa Da Cisterna Tutte le prenotazioni effettuate tramite Booking.com, AirB&amp;B o qualsiasi altro servizio di terze parti seguiranno i termini e le condizioni stabiliti da questi ultimi in prima istanza. In caso di condizioni aggiuntive non previste nei termini e nelle condizioni, si applicheranno queste ultime. MJ&amp;PM&hellip;","_links":{"self":[{"href":"https:\/\/luxuryvillaalvor.com\/it\/wp-json\/wp\/v2\/pages\/1351","targetHints":{"allow":["GET"]}}],"collection":[{"href":"https:\/\/luxuryvillaalvor.com\/it\/wp-json\/wp\/v2\/pages"}],"about":[{"href":"https:\/\/luxuryvillaalvor.com\/it\/wp-json\/wp\/v2\/types\/page"}],"author":[{"embeddable":true,"href":"https:\/\/luxuryvillaalvor.com\/it\/wp-json\/wp\/v2\/users\/3"}],"replies":[{"embeddable":true,"href":"https:\/\/luxuryvillaalvor.com\/it\/wp-json\/wp\/v2\/comments?post=1351"}],"version-history":[{"count":1,"href":"https:\/\/luxuryvillaalvor.com\/it\/wp-json\/wp\/v2\/pages\/1351\/revisions"}],"predecessor-version":[{"id":1617,"href":"https:\/\/luxuryvillaalvor.com\/it\/wp-json\/wp\/v2\/pages\/1351\/revisions\/1617"}],"wp:attachment":[{"href":"https:\/\/luxuryvillaalvor.com\/it\/wp-json\/wp\/v2\/media?parent=1351"}],"curies":[{"name":"wp","href":"https:\/\/api.w.org\/{rel}","templated":true}]}}