{"id":1303,"date":"2022-04-02T06:22:14","date_gmt":"2022-04-02T06:22:14","guid":{"rendered":"https:\/\/luxuryvillaalvor.com\/posizione\/"},"modified":"2025-01-07T09:11:27","modified_gmt":"2025-01-07T09:11:27","slug":"posizione","status":"publish","type":"page","link":"https:\/\/luxuryvillaalvor.com\/it\/posizione\/","title":{"rendered":"Posizione"},"content":{"rendered":"\n<div class=\"wp-block-uagb-container uagb-block-a7983404 alignfull uagb-is-root-container\"><div class=\"uagb-container-inner-blocks-wrap\">\n<div class=\"wp-block-uagb-advanced-heading uagb-block-5affae94\"><h1 class=\"uagb-heading-text\">Posizione<\/h1><\/div>\n<\/div><\/div>\n\n\n\n<div class=\"wp-block-uagb-container uagb-block-56439a2d alignfull uagb-is-root-container\">\n<div class=\"wp-block-uagb-image aligncenter uagb-block-f459691b wp-block-uagb-image--layout-default wp-block-uagb-image--effect-static wp-block-uagb-image--align-center\"><figure class=\"wp-block-uagb-image__figure\"><img decoding=\"async\" srcset=\"https:\/\/luxuryvillaalvor.com\/wp-content\/uploads\/2023\/08\/IMG_2351-1024x768.jpeg\n \" sizes=\"auto, (max-width: 480px) 150px\" src=\"https:\/\/luxuryvillaalvor.com\/wp-content\/uploads\/2023\/08\/IMG_2351-1024x768.jpeg\" alt=\"\" class=\"uag-image-918\" width=\"1300\" height=\"768\" title=\"\" loading=\"lazy\" role=\"img\"><\/figure><\/div>\n<\/div>\n\n\n\n<div class=\"wp-block-uagb-container uagb-block-8f161603 alignfull uagb-is-root-container\"><div class=\"uagb-container-inner-blocks-wrap\">\n<p>Benvenuti nella nostra splendida villa situata ad Alvor e molto vicina a Praia da Rocha. Questa fantastica localit\u00e0 offre un&#8217;esperienza di vacanza senza pari, combinando tranquillit\u00e0, lusso e una pletora di attivit\u00e0 emozionanti da praticare.<\/p>\n\n\n\n<p>Uno dei punti di forza di questa zona \u00e8 l&#8217;abbondanza di ristoranti di alta qualit\u00e0 che soddisfano tutti i gusti. A breve distanza dalla villa si trovano i rinomati ristoranti di pesce di Alvor, che servono il pescato pi\u00f9 fresco del giorno. Da succulenti grigliate di pesce a deliziosi piatti di pesce, queste gemme culinarie offrono un vero e proprio assaggio dell&#8217;Algarve.<\/p>\n\n\n\n<p>Per gli amanti della spiaggia, c&#8217;\u00e8 l&#8217;imbarazzo della scelta con le vicine spiagge di Praia da Rocha e Alvor. Praia da Rocha \u00e8 una distesa mozzafiato di sabbia dorata, sostenuta da imponenti scogliere e da acque cristalline. \u00c8 perfetta per prendere il sole, praticare sport sulla spiaggia e fare romantiche passeggiate al tramonto. La spiaggia di Alvor, invece, con la sua atmosfera pi\u00f9 rilassata, \u00e8 l&#8217;ideale per chi cerca relax e tranquillit\u00e0.<\/p>\n\n\n\n<p>Gli amanti del brivido troveranno una serie di attivit\u00e0 emozionanti a cui partecipare. Le vicine strutture per gli sport acquatici offrono la possibilit\u00e0 di praticare surf, paddleboard e jet ski, regalando una scarica di adrenalina nel bel mezzo della bellezza naturale.<\/p>\n\n\n\n<p>Per un tocco di storia e cultura, visitate la storica citt\u00e0 di Alvor, dove vi attendono strade acciottolate, edifici affascinanti e una chiesa del XVI secolo. Il pittoresco villaggio di pescatori emana fascino e offre uno sguardo al ricco patrimonio del Portogallo.<\/p>\n\n\n\n<p>Per gli appassionati di golf, la regione vanta alcuni dei migliori campi da golf d&#8217;Europa. Effettuate il tee off in mezzo a panorami mozzafiato e sfidate voi stessi su green e fairway ben curati.<\/p>\n<\/div><\/div>\n\n\n\n<div class=\"wp-block-uagb-container uagb-block-f926a6b1 alignfull uagb-is-root-container\"><div class=\"uagb-container-inner-blocks-wrap\">\n<div class=\"wp-block-uagb-advanced-heading uagb-block-160c218b\"><h2 class=\"uagb-heading-text\">Galleria<\/h2><\/div>\n\n\n\n<div class=\"wp-block-uagb-container uagb-block-a781bd51\">\n<div class=\"wp-block-uagb-container uagb-block-f08fefa1\">\n<div class=\"wp-block-uagb-image uagb-block-26f25db6 wp-block-uagb-image--layout-default wp-block-uagb-image--effect-static wp-block-uagb-image--align-none\"><figure class=\"wp-block-uagb-image__figure\"><img decoding=\"async\" srcset=\"https:\/\/luxuryvillaalvor.com\/wp-content\/uploads\/2023\/06\/IMG_2426-1024x768.jpeg , https:\/\/luxuryvillaalvor.com\/wp-content\/uploads\/2023\/06\/IMG_2426-1024x768.jpeg 360w\" sizes=\"auto, (max-width: 480px) 150px\" src=\"https:\/\/luxuryvillaalvor.com\/wp-content\/uploads\/2023\/06\/IMG_2426-1024x768.jpeg\" alt=\"\" class=\"uag-image-79\" width=\"1024\" height=\"768\" title=\"\" loading=\"lazy\" role=\"img\"><\/figure><\/div>\n<\/div>\n\n\n\n<div class=\"wp-block-uagb-container uagb-block-264d4309\">\n<div class=\"wp-block-uagb-image uagb-block-8947d715 wp-block-uagb-image--layout-default wp-block-uagb-image--effect-static wp-block-uagb-image--align-none\"><figure class=\"wp-block-uagb-image__figure\"><img decoding=\"async\" srcset=\"https:\/\/luxuryvillaalvor.com\/wp-content\/uploads\/2023\/06\/IMG_2266-1024x768.jpeg , https:\/\/luxuryvillaalvor.com\/wp-content\/uploads\/2023\/06\/IMG_2266-1024x768.jpeg 360w\" sizes=\"auto, (max-width: 480px) 150px\" src=\"https:\/\/luxuryvillaalvor.com\/wp-content\/uploads\/2023\/06\/IMG_2266-1024x768.jpeg\" alt=\"\" class=\"uag-image-75\" width=\"1024\" height=\"768\" title=\"\" loading=\"lazy\" role=\"img\"><\/figure><\/div>\n<\/div>\n\n\n\n<div class=\"wp-block-uagb-container uagb-block-07a89390\">\n<div class=\"wp-block-uagb-image uagb-block-ae1ea98e wp-block-uagb-image--layout-default wp-block-uagb-image--effect-static wp-block-uagb-image--align-none\"><figure class=\"wp-block-uagb-image__figure\"><img decoding=\"async\" srcset=\"https:\/\/luxuryvillaalvor.com\/wp-content\/uploads\/2023\/06\/IMG_2251-1024x768.jpeg , https:\/\/luxuryvillaalvor.com\/wp-content\/uploads\/2023\/06\/IMG_2251-1024x768.jpeg 360w\" sizes=\"auto, (max-width: 480px) 150px\" src=\"https:\/\/luxuryvillaalvor.com\/wp-content\/uploads\/2023\/06\/IMG_2251-1024x768.jpeg\" alt=\"\" class=\"uag-image-74\" width=\"1024\" height=\"768\" title=\"\" loading=\"lazy\" role=\"img\"><\/figure><\/div>\n<\/div>\n<\/div>\n\n\n\n<div class=\"wp-block-uagb-container uagb-block-d2e9d0d6\">\n<div class=\"wp-block-uagb-container uagb-block-be48d8b1\">\n<div class=\"wp-block-uagb-image uagb-block-3cf3b2a4 wp-block-uagb-image--layout-default wp-block-uagb-image--effect-static wp-block-uagb-image--align-none\"><figure class=\"wp-block-uagb-image__figure\"><img decoding=\"async\" srcset=\"https:\/\/luxuryvillaalvor.com\/wp-content\/uploads\/2023\/06\/IMG_2278-1024x768.jpeg , https:\/\/luxuryvillaalvor.com\/wp-content\/uploads\/2023\/06\/IMG_2278-1024x768.jpeg 360w\" sizes=\"auto, (max-width: 480px) 150px\" src=\"https:\/\/luxuryvillaalvor.com\/wp-content\/uploads\/2023\/06\/IMG_2278-1024x768.jpeg\" alt=\"\" class=\"uag-image-78\" width=\"1024\" height=\"768\" title=\"\" loading=\"lazy\" role=\"img\"><\/figure><\/div>\n<\/div>\n\n\n\n<div class=\"wp-block-uagb-container uagb-block-7521ace2\">\n<div class=\"wp-block-uagb-image uagb-block-7ad9ec1a wp-block-uagb-image--layout-default wp-block-uagb-image--effect-static wp-block-uagb-image--align-none\"><figure class=\"wp-block-uagb-image__figure\"><img decoding=\"async\" srcset=\"https:\/\/luxuryvillaalvor.com\/wp-content\/uploads\/2023\/06\/IMG_2208-1024x768.jpeg , https:\/\/luxuryvillaalvor.com\/wp-content\/uploads\/2023\/06\/IMG_2208-1024x768.jpeg 360w\" sizes=\"auto, (max-width: 480px) 150px\" src=\"https:\/\/luxuryvillaalvor.com\/wp-content\/uploads\/2023\/06\/IMG_2208-1024x768.jpeg\" alt=\"\" class=\"uag-image-71\" width=\"1024\" height=\"768\" title=\"\" loading=\"lazy\" role=\"img\"><\/figure><\/div>\n<\/div>\n\n\n\n<div class=\"wp-block-uagb-container uagb-block-b9a7171b\">\n<div class=\"wp-block-uagb-image uagb-block-e700151a wp-block-uagb-image--layout-default wp-block-uagb-image--effect-static wp-block-uagb-image--align-none\"><figure class=\"wp-block-uagb-image__figure\"><img decoding=\"async\" srcset=\"https:\/\/luxuryvillaalvor.com\/wp-content\/uploads\/2023\/06\/IMG_2159-1024x768.jpeg , https:\/\/luxuryvillaalvor.com\/wp-content\/uploads\/2023\/06\/IMG_2159-1024x768.jpeg 360w\" sizes=\"auto, (max-width: 480px) 150px\" src=\"https:\/\/luxuryvillaalvor.com\/wp-content\/uploads\/2023\/06\/IMG_2159-1024x768.jpeg\" alt=\"\" class=\"uag-image-58\" width=\"1024\" height=\"768\" title=\"\" loading=\"lazy\" role=\"img\"><\/figure><\/div>\n<\/div>\n<\/div>\n<\/div><\/div>\n\n\n\n<div class=\"wp-block-uagb-container uagb-block-427a50f2 alignfull uagb-is-root-container\"><div class=\"uagb-container-inner-blocks-wrap\">\n<div class=\"wp-block-uagb-container uagb-block-8a138be3\">\n<div class=\"wp-block-uagb-advanced-heading uagb-block-afce62b0\"><h2 class=\"uagb-heading-text\">Luoghi da vedere<\/h2><\/div>\n\n\n\n<div class=\"wp-block-group is-nowrap is-layout-flex wp-container-core-group-is-layout-6c531013 wp-block-group-is-layout-flex\">\n<div class=\"wp-block-uagb-container uagb-block-a2a0d603\">\n<div class=\"wp-block-uagb-container uagb-block-1d4fefc0\">\n<div class=\"wp-block-uagb-info-box uagb-block-e87b1e2c uagb-infobox__content-wrap uagb-infobox-icon-above-title uagb-infobox-image-valign-top\"><div class=\"uagb-ifb-content\"><div class=\"uagb-ifb-title-wrap\"><h3 class=\"uagb-ifb-title\">Chiesa del Divin Salvatore<\/h3><\/div><p class=\"uagb-ifb-desc\">Una chiesa algarviana del XVI secolo<br>che vale la pena visitare, immersa nelle vie posteriori di Alvor.<\/p><\/div><\/div>\n<\/div>\n<\/div>\n\n\n\n<div class=\"wp-block-uagb-container uagb-block-7fd01e87\">\n<div class=\"wp-block-uagb-image uagb-block-b33026df wp-block-uagb-image--layout-default wp-block-uagb-image--effect-static wp-block-uagb-image--align-none\"><figure class=\"wp-block-uagb-image__figure\"><img decoding=\"async\" srcset=\"https:\/\/luxuryvillaalvor.com\/wp-content\/uploads\/2023\/08\/Church-of-the-Divine-Saviour-1024x682.png\n \" sizes=\"auto, (max-width: 480px) 150px\" src=\"https:\/\/luxuryvillaalvor.com\/wp-content\/uploads\/2023\/08\/Church-of-the-Divine-Saviour-1024x682.png\" alt=\"\" class=\"uag-image-1252\" width=\"1024\" height=\"682\" title=\"\" loading=\"lazy\" role=\"img\"><\/figure><\/div>\n<\/div>\n<\/div>\n\n\n\n<div class=\"wp-block-group is-nowrap is-layout-flex wp-container-core-group-is-layout-6c531013 wp-block-group-is-layout-flex\">\n<div class=\"wp-block-uagb-container uagb-block-52886f1b\">\n<div class=\"wp-block-uagb-image uagb-block-80a37b4f wp-block-uagb-image--layout-default wp-block-uagb-image--effect-static wp-block-uagb-image--align-none\"><figure class=\"wp-block-uagb-image__figure\"><img decoding=\"async\" srcset=\"https:\/\/luxuryvillaalvor.com\/wp-content\/uploads\/2023\/08\/Alvor-Boardwalk-1024x682.png\n \" sizes=\"auto, (max-width: 480px) 150px\" src=\"https:\/\/luxuryvillaalvor.com\/wp-content\/uploads\/2023\/08\/Alvor-Boardwalk-1024x682.png\" alt=\"\" class=\"uag-image-1243\" width=\"1024\" height=\"682\" title=\"\" loading=\"lazy\" role=\"img\"><\/figure><\/div>\n<\/div>\n\n\n\n<div class=\"wp-block-uagb-container uagb-block-daf8ffff\">\n<div class=\"wp-block-uagb-container uagb-block-bcc9b728\">\n<div class=\"wp-block-uagb-info-box uagb-block-a0823bae uagb-infobox__content-wrap uagb-infobox-icon-above-title uagb-infobox-image-valign-top\"><div class=\"uagb-ifb-content\"><div class=\"uagb-ifb-title-wrap\"><h3 class=\"uagb-ifb-title\">Passeggiata di Alvor<\/h3><\/div><p class=\"uagb-ifb-desc\">Semplicemente stupendo. Tranquillo, con una splendida vista &#8211; perfetto. Un buon modo per fare un po&#8217; di esercizio fisico e ammirare le bellezze del luogo.<\/p><\/div><\/div>\n<\/div>\n<\/div>\n<\/div>\n\n\n\n<div class=\"wp-block-group is-nowrap is-layout-flex wp-container-core-group-is-layout-6c531013 wp-block-group-is-layout-flex\">\n<div class=\"wp-block-uagb-container uagb-block-fb125c76\">\n<div class=\"wp-block-uagb-container uagb-block-0d787d6e\">\n<div class=\"wp-block-uagb-info-box uagb-block-bebdbe86 uagb-infobox__content-wrap uagb-infobox-icon-above-title uagb-infobox-image-valign-top\"><div class=\"uagb-ifb-content\"><div class=\"uagb-ifb-title-wrap\"><h3 class=\"uagb-ifb-title\">Praia dos Tr\u00eas Irm\u00e3os<\/h3><\/div><p class=\"uagb-ifb-desc\">Una delle spiagge pi\u00f9 belle della zona di Portim\u00e3o. \u00c8 famosa per le sue stupefacenti formazioni rocciose e per il bar nascosto!<\/p><\/div><\/div>\n<\/div>\n<\/div>\n\n\n\n<div class=\"wp-block-uagb-container uagb-block-eb6be045\">\n<div class=\"wp-block-uagb-image uagb-block-67b94c13 wp-block-uagb-image--layout-default wp-block-uagb-image--effect-static wp-block-uagb-image--align-none\"><figure class=\"wp-block-uagb-image__figure\"><img decoding=\"async\" srcset=\"https:\/\/luxuryvillaalvor.com\/wp-content\/uploads\/2023\/08\/Praia-dos-Tres-Irmaos-1024x682.jpeg\n \" sizes=\"auto, (max-width: 480px) 150px\" src=\"https:\/\/luxuryvillaalvor.com\/wp-content\/uploads\/2023\/08\/Praia-dos-Tres-Irmaos-1024x682.jpeg\" alt=\"\" class=\"uag-image-1255\" width=\"1024\" height=\"682\" title=\"\" loading=\"lazy\" role=\"img\"><\/figure><\/div>\n<\/div>\n<\/div>\n\n\n\n<div class=\"wp-block-group is-nowrap is-layout-flex wp-container-core-group-is-layout-6c531013 wp-block-group-is-layout-flex\">\n<div class=\"wp-block-uagb-container uagb-block-eac373d2\">\n<div class=\"wp-block-uagb-image uagb-block-46924d1e wp-block-uagb-image--layout-default wp-block-uagb-image--effect-static wp-block-uagb-image--align-none\"><figure class=\"wp-block-uagb-image__figure\"><img decoding=\"async\" srcset=\"https:\/\/luxuryvillaalvor.com\/wp-content\/uploads\/2023\/08\/Alvor-farmers-market-1024x682.jpg\n \" sizes=\"auto, (max-width: 480px) 150px\" src=\"https:\/\/luxuryvillaalvor.com\/wp-content\/uploads\/2023\/08\/Alvor-farmers-market-1024x682.jpg\" alt=\"\" class=\"uag-image-1246\" width=\"1024\" height=\"682\" title=\"\" loading=\"lazy\" role=\"img\"><\/figure><\/div>\n<\/div>\n\n\n\n<div class=\"wp-block-uagb-container uagb-block-7e4475cd\">\n<div class=\"wp-block-uagb-container uagb-block-10dfa291\">\n<div class=\"wp-block-uagb-info-box uagb-block-ad660073 uagb-infobox__content-wrap uagb-infobox-icon-above-title uagb-infobox-image-valign-top\"><div class=\"uagb-ifb-content\"><div class=\"uagb-ifb-title-wrap\"><h3 class=\"uagb-ifb-title\">Mercato agricolo di Alvor<\/h3><\/div><p class=\"uagb-ifb-desc\">Aperto tutte le domeniche mattina dalle 08:00 alle 13:00<br>Una buona variet\u00e0 di frutta e verdura fresca con alcuni prodotti artigianali fatti in casa.<\/p><\/div><\/div>\n<\/div>\n<\/div>\n<\/div>\n<\/div>\n<\/div><\/div>\n\n\n\n<div class=\"wp-block-uagb-container uagb-block-4a89696c alignfull uagb-is-root-container\"><div class=\"uagb-container-inner-blocks-wrap\">\n<div class=\"wp-block-uagb-advanced-heading uagb-block-a0011f6c\"><h2 class=\"uagb-heading-text\">Richiedi ora<\/h2><p class=\"uagb-desc-text\">Email:&nbsp;<a href=\"mailto:info@luxuryvillaalvor.com\">info@luxuryvillaalvor.com<\/a><br>Telefono: +44 (0)7970 491 318<\/p><\/div>\n\n\n\n<script type=\"text\/javascript\" class=\"\" src=\"https:\/\/app.lodgify.com\/portable-search-bar\/stable\/renderPortableSearchBar.js\"><\/script>\n<div><div id=\"lodgify-search-bar\" data-website-id=\"451147\" data-language-code=\"en\" data-checkout-page-url=\"https:\/\/checkout.lodgify.com\/luxuryvillaalvor\/en\/#\/495200\" data-dates-check-in-label=\"Arrival\" data-dates-check-out-label=\"Departure\" data-guests-counter-label=\"Guest\" data-guests-input-singular-label=\"{&lt;wpml_curved wpml_value='NumberOfGuests'&gt;&lt;\/wpml_curved&gt;} guest\" data-guests-input-plural-label=\"{&lt;wpml_curved wpml_value='NumberOfGuests'&gt;&lt;\/wpml_curved&gt;} guests\" data-location-input-label=\"Location\" data-search-button-label=\"Search\" data-new-tab=\"true\">\n  <\/div>\n  <style type=\"text\/css\">\n  html {\n    --lodgify-ui-action-color: #fac600;\n    --lodgify-ui-action-darker-color: #c89e00;\n    --lodgify-ui-action-lighter-color: #fde899;\n    --lodgify-ui-action-contrast-color: #000000;\n  }\n  <\/style>\n  <\/div>\n<\/div><\/div>\n","protected":false},"excerpt":{"rendered":"<p>Posizione Benvenuti nella nostra splendida villa situata ad Alvor e molto vicina a Praia da Rocha. Questa fantastica localit\u00e0 offre un&#8217;esperienza di vacanza senza pari, combinando tranquillit\u00e0, lusso e una pletora di attivit\u00e0 emozionanti da praticare. Uno dei punti di forza di questa zona \u00e8 l&#8217;abbondanza di ristoranti di alta qualit\u00e0 che soddisfano tutti i [&hellip;]<\/p>\n","protected":false},"author":3,"featured_media":0,"parent":0,"menu_order":0,"comment_status":"closed","ping_status":"closed","template":"","meta":{"_uag_custom_page_level_css":"","site-sidebar-layout":"no-sidebar","site-content-layout":"page-builder","ast-site-content-layout":"full-width-container","site-content-style":"unboxed","site-sidebar-style":"unboxed","ast-global-header-display":"","ast-banner-title-visibility":"","ast-main-header-display":"","ast-hfb-above-header-display":"","ast-hfb-below-header-display":"","ast-hfb-mobile-header-display":"","site-post-title":"disabled","ast-breadcrumbs-content":"","ast-featured-img":"disabled","footer-sml-layout":"","ast-disable-related-posts":"","theme-transparent-header-meta":"","adv-header-id-meta":"","stick-header-meta":"","header-above-stick-meta":"","header-main-stick-meta":"","header-below-stick-meta":"","astra-migrate-meta-layouts":"default","ast-page-background-enabled":"default","ast-page-background-meta":{"desktop":{"background-color":"var(--ast-global-color-4)","background-image":"","background-repeat":"repeat","background-position":"center center","background-size":"auto","background-attachment":"scroll","background-type":"","background-media":"","overlay-type":"","overlay-color":"","overlay-opacity":"","overlay-gradient":""},"tablet":{"background-color":"","background-image":"","background-repeat":"repeat","background-position":"center center","background-size":"auto","background-attachment":"scroll","background-type":"","background-media":"","overlay-type":"","overlay-color":"","overlay-opacity":"","overlay-gradient":""},"mobile":{"background-color":"","background-image":"","background-repeat":"repeat","background-position":"center center","background-size":"auto","background-attachment":"scroll","background-type":"","background-media":"","overlay-type":"","overlay-color":"","overlay-opacity":"","overlay-gradient":""}},"ast-content-background-meta":{"desktop":{"background-color":"var(--ast-global-color-5)","background-image":"","background-repeat":"repeat","background-position":"center center","background-size":"auto","background-attachment":"scroll","background-type":"","background-media":"","overlay-type":"","overlay-color":"","overlay-opacity":"","overlay-gradient":""},"tablet":{"background-color":"var(--ast-global-color-5)","background-image":"","background-repeat":"repeat","background-position":"center center","background-size":"auto","background-attachment":"scroll","background-type":"","background-media":"","overlay-type":"","overlay-color":"","overlay-opacity":"","overlay-gradient":""},"mobile":{"background-color":"var(--ast-global-color-5)","background-image":"","background-repeat":"repeat","background-position":"center center","background-size":"auto","background-attachment":"scroll","background-type":"","background-media":"","overlay-type":"","overlay-color":"","overlay-opacity":"","overlay-gradient":""}},"footnotes":""},"class_list":["post-1303","page","type-page","status-publish","hentry"],"uagb_featured_image_src":{"full":false,"thumbnail":false,"medium":false,"medium_large":false,"large":false,"1536x1536":false,"2048x2048":false},"uagb_author_info":{"display_name":"Steve","author_link":"https:\/\/luxuryvillaalvor.com\/it\/author\/steve\/"},"uagb_comment_info":0,"uagb_excerpt":"Posizione Benvenuti nella nostra splendida villa situata ad Alvor e molto vicina a Praia da Rocha. Questa fantastica localit\u00e0 offre un&#8217;esperienza di vacanza senza pari, combinando tranquillit\u00e0, lusso e una pletora di attivit\u00e0 emozionanti da praticare. Uno dei punti di forza di questa zona \u00e8 l&#8217;abbondanza di ristoranti di alta qualit\u00e0 che soddisfano tutti i&hellip;","_links":{"self":[{"href":"https:\/\/luxuryvillaalvor.com\/it\/wp-json\/wp\/v2\/pages\/1303","targetHints":{"allow":["GET"]}}],"collection":[{"href":"https:\/\/luxuryvillaalvor.com\/it\/wp-json\/wp\/v2\/pages"}],"about":[{"href":"https:\/\/luxuryvillaalvor.com\/it\/wp-json\/wp\/v2\/types\/page"}],"author":[{"embeddable":true,"href":"https:\/\/luxuryvillaalvor.com\/it\/wp-json\/wp\/v2\/users\/3"}],"replies":[{"embeddable":true,"href":"https:\/\/luxuryvillaalvor.com\/it\/wp-json\/wp\/v2\/comments?post=1303"}],"version-history":[{"count":4,"href":"https:\/\/luxuryvillaalvor.com\/it\/wp-json\/wp\/v2\/pages\/1303\/revisions"}],"predecessor-version":[{"id":1703,"href":"https:\/\/luxuryvillaalvor.com\/it\/wp-json\/wp\/v2\/pages\/1303\/revisions\/1703"}],"wp:attachment":[{"href":"https:\/\/luxuryvillaalvor.com\/it\/wp-json\/wp\/v2\/media?parent=1303"}],"curies":[{"name":"wp","href":"https:\/\/api.w.org\/{rel}","templated":true}]}}