{"id":1946,"date":"2025-06-09T09:53:48","date_gmt":"2025-06-09T09:53:48","guid":{"rendered":"https:\/\/luxuryvillaalvor.com\/vie-en-plein-air\/"},"modified":"2025-07-11T13:40:08","modified_gmt":"2025-07-11T13:40:08","slug":"vie-en-plein-air","status":"publish","type":"page","link":"https:\/\/luxuryvillaalvor.com\/fr\/vie-en-plein-air\/","title":{"rendered":"Vie en plein air"},"content":{"rendered":"\n<div class=\"wp-block-uagb-container uagb-block-a7983404 alignfull uagb-is-root-container\"><div class=\"uagb-container-inner-blocks-wrap\">\n<div class=\"wp-block-uagb-advanced-heading uagb-block-5affae94\"><h1 class=\"uagb-heading-text\">Vie en plein air<\/h1><\/div>\n<\/div><\/div>\n\n\n\n<div class=\"wp-block-uagb-container uagb-block-56439a2d alignfull uagb-is-root-container\">\n<div class=\"wp-block-uagb-image aligncenter uagb-block-f459691b wp-block-uagb-image--layout-default wp-block-uagb-image--effect-static wp-block-uagb-image--align-center\"><figure class=\"wp-block-uagb-image__figure\"><img decoding=\"async\" srcset=\"https:\/\/luxuryvillaalvor.com\/wp-content\/uploads\/2025\/07\/outdoor-living-night-1-large-1024x768.jpg ,https:\/\/luxuryvillaalvor.com\/wp-content\/uploads\/2025\/07\/outdoor-living-night-1-large.jpg 780w, https:\/\/luxuryvillaalvor.com\/wp-content\/uploads\/2025\/07\/outdoor-living-night-1-large.jpg 360w\" sizes=\"auto, (max-width: 480px) 150px\" src=\"https:\/\/luxuryvillaalvor.com\/wp-content\/uploads\/2025\/07\/outdoor-living-night-1-large-1024x768.jpg\" alt=\"\" class=\"uag-image-1983\" width=\"1200\" height=\"768\" title=\"outdoor-living-night-1-large\" loading=\"lazy\" role=\"img\"><\/figure><\/div>\n<\/div>\n\n\n\n<div class=\"wp-block-uagb-container uagb-block-620a57f1 alignfull uagb-is-root-container\"><div class=\"uagb-container-inner-blocks-wrap\">\n<div class=\"wp-block-uagb-container uagb-block-2168d579\">\n<p>La Casa Da Cisterna offre une vie ext\u00e9rieure exceptionnelle avec un vaste patio de 500 m\u00b2, une piscine et un parking qui se double d&rsquo;un espace de divertissement \u00e9poustouflant. Un carrelage moderne et un environnement magnifiquement \u00e9clair\u00e9 cr\u00e9ent une atmosph\u00e8re propre et contemporaine, id\u00e9ale pour la d\u00e9tente et les r\u00e9unions sociales. <\/p>\n<\/div>\n\n\n\n<div class=\"wp-block-uagb-container uagb-block-45ed242c\">\n<figure class=\"wp-block-image size-full\"><img loading=\"lazy\" decoding=\"async\" width=\"1024\" height=\"768\" src=\"https:\/\/luxuryvillaalvor.com\/wp-content\/uploads\/2025\/06\/outdoor-living.jpg\" alt=\"\" class=\"wp-image-1916\" srcset=\"https:\/\/luxuryvillaalvor.com\/wp-content\/uploads\/2025\/06\/outdoor-living.jpg 1024w, https:\/\/luxuryvillaalvor.com\/wp-content\/uploads\/2025\/06\/outdoor-living-300x225.jpg 300w, https:\/\/luxuryvillaalvor.com\/wp-content\/uploads\/2025\/06\/outdoor-living-768x576.jpg 768w\" sizes=\"auto, (max-width: 1024px) 100vw, 1024px\" \/><\/figure>\n<\/div>\n\n\n\n<div class=\"wp-block-uagb-container uagb-block-046aeec9\">\n<figure class=\"wp-block-image size-full\"><img loading=\"lazy\" decoding=\"async\" width=\"1024\" height=\"768\" src=\"https:\/\/luxuryvillaalvor.com\/wp-content\/uploads\/2025\/06\/outdoor-living-dining.jpg\" alt=\"\" class=\"wp-image-1922\" srcset=\"https:\/\/luxuryvillaalvor.com\/wp-content\/uploads\/2025\/06\/outdoor-living-dining.jpg 1024w, https:\/\/luxuryvillaalvor.com\/wp-content\/uploads\/2025\/06\/outdoor-living-dining-300x225.jpg 300w, https:\/\/luxuryvillaalvor.com\/wp-content\/uploads\/2025\/06\/outdoor-living-dining-768x576.jpg 768w\" sizes=\"auto, (max-width: 1024px) 100vw, 1024px\" \/><\/figure>\n<\/div>\n\n\n\n<div class=\"wp-block-uagb-container uagb-block-b6a2a46f\">\n<p>L&rsquo;espace est enti\u00e8rement \u00e9quip\u00e9 de chaises longues de haute qualit\u00e9, de meubles d&rsquo;ext\u00e9rieur \u00e9l\u00e9gants, d&rsquo;un bar et d&rsquo;un barbecue d\u00e9di\u00e9s, parfaits pour de longs d\u00e9jeuners ou des boissons en soir\u00e9e sous les \u00e9toiles. Les doubles portes du patio m\u00e8nent directement \u00e0 la cuisine ouverte et au salon, ce qui rend la vie \u00e0 l&rsquo;int\u00e9rieur et \u00e0 l&rsquo;ext\u00e9rieur agr\u00e9able et sans effort. <\/p>\n\n\n\n<p>Que vous receviez des amis, que vous profitiez d&rsquo;un apr\u00e8s-midi tranquille au soleil ou que vous vous r\u00e9unissiez pour un repas en plein air, cet espace est con\u00e7u pour rehausser chaque moment de votre s\u00e9jour.<\/p>\n<\/div>\n<\/div><\/div>\n\n\n\n<div class=\"wp-block-uagb-container uagb-block-7e03ec66 alignfull uagb-is-root-container\"><div class=\"uagb-container-inner-blocks-wrap\">\n<div class=\"wp-block-uagb-container uagb-block-a2c01249\">\n<figure class=\"wp-block-image size-full\"><img loading=\"lazy\" decoding=\"async\" width=\"1024\" height=\"768\" src=\"https:\/\/luxuryvillaalvor.com\/wp-content\/uploads\/2025\/06\/outdoor-living-pool.jpg\" alt=\"\" class=\"wp-image-1928\" srcset=\"https:\/\/luxuryvillaalvor.com\/wp-content\/uploads\/2025\/06\/outdoor-living-pool.jpg 1024w, https:\/\/luxuryvillaalvor.com\/wp-content\/uploads\/2025\/06\/outdoor-living-pool-300x225.jpg 300w, https:\/\/luxuryvillaalvor.com\/wp-content\/uploads\/2025\/06\/outdoor-living-pool-768x576.jpg 768w\" sizes=\"auto, (max-width: 1024px) 100vw, 1024px\" \/><\/figure>\n<\/div>\n\n\n\n<div class=\"wp-block-uagb-container uagb-block-5764a59b\">\n<figure class=\"wp-block-image size-full\"><img loading=\"lazy\" decoding=\"async\" width=\"1920\" height=\"1440\" src=\"https:\/\/luxuryvillaalvor.com\/wp-content\/uploads\/2025\/06\/homepage-main-image.jpg\" alt=\"\" class=\"wp-image-1774\" srcset=\"https:\/\/luxuryvillaalvor.com\/wp-content\/uploads\/2025\/06\/homepage-main-image.jpg 1920w, https:\/\/luxuryvillaalvor.com\/wp-content\/uploads\/2025\/06\/homepage-main-image-300x225.jpg 300w, https:\/\/luxuryvillaalvor.com\/wp-content\/uploads\/2025\/06\/homepage-main-image-1024x768.jpg 1024w, https:\/\/luxuryvillaalvor.com\/wp-content\/uploads\/2025\/06\/homepage-main-image-768x576.jpg 768w, https:\/\/luxuryvillaalvor.com\/wp-content\/uploads\/2025\/06\/homepage-main-image-1536x1152.jpg 1536w\" sizes=\"auto, (max-width: 1920px) 100vw, 1920px\" \/><\/figure>\n<\/div>\n\n\n\n<div class=\"wp-block-uagb-container uagb-block-4eef5964\">\n<figure class=\"wp-block-image size-full\"><img loading=\"lazy\" decoding=\"async\" width=\"1024\" height=\"768\" src=\"https:\/\/luxuryvillaalvor.com\/wp-content\/uploads\/2025\/06\/bedroom-1-terrace-2.jpg\" alt=\"\" class=\"wp-image-1837\" srcset=\"https:\/\/luxuryvillaalvor.com\/wp-content\/uploads\/2025\/06\/bedroom-1-terrace-2.jpg 1024w, https:\/\/luxuryvillaalvor.com\/wp-content\/uploads\/2025\/06\/bedroom-1-terrace-2-300x225.jpg 300w, https:\/\/luxuryvillaalvor.com\/wp-content\/uploads\/2025\/06\/bedroom-1-terrace-2-768x576.jpg 768w\" sizes=\"auto, (max-width: 1024px) 100vw, 1024px\" \/><\/figure>\n<\/div>\n\n\n\n<div class=\"wp-block-uagb-container uagb-block-7ab8fe8c\">\n<figure class=\"wp-block-image size-full\"><img loading=\"lazy\" decoding=\"async\" width=\"1024\" height=\"768\" src=\"https:\/\/luxuryvillaalvor.com\/wp-content\/uploads\/2025\/06\/bedroom-1-terrace-1.jpg\" alt=\"\" class=\"wp-image-1831\" srcset=\"https:\/\/luxuryvillaalvor.com\/wp-content\/uploads\/2025\/06\/bedroom-1-terrace-1.jpg 1024w, https:\/\/luxuryvillaalvor.com\/wp-content\/uploads\/2025\/06\/bedroom-1-terrace-1-300x225.jpg 300w, https:\/\/luxuryvillaalvor.com\/wp-content\/uploads\/2025\/06\/bedroom-1-terrace-1-768x576.jpg 768w\" sizes=\"auto, (max-width: 1024px) 100vw, 1024px\" \/><\/figure>\n<\/div>\n<\/div><\/div>\n\n\n\n<p><\/p>\n","protected":false},"excerpt":{"rendered":"<p>Vie en plein air La Casa Da Cisterna offre une vie ext\u00e9rieure exceptionnelle avec un vaste patio de 500 m\u00b2, une piscine et un parking qui se double d&rsquo;un espace de divertissement \u00e9poustouflant. Un carrelage moderne et un environnement magnifiquement \u00e9clair\u00e9 cr\u00e9ent une atmosph\u00e8re propre et contemporaine, id\u00e9ale pour la d\u00e9tente et les r\u00e9unions sociales. [&hellip;]<\/p>\n","protected":false},"author":3,"featured_media":0,"parent":0,"menu_order":0,"comment_status":"closed","ping_status":"closed","template":"","meta":{"_uag_custom_page_level_css":"","site-sidebar-layout":"no-sidebar","site-content-layout":"","ast-site-content-layout":"full-width-container","site-content-style":"default","site-sidebar-style":"default","ast-global-header-display":"","ast-banner-title-visibility":"","ast-main-header-display":"","ast-hfb-above-header-display":"","ast-hfb-below-header-display":"","ast-hfb-mobile-header-display":"","site-post-title":"disabled","ast-breadcrumbs-content":"","ast-featured-img":"","footer-sml-layout":"","ast-disable-related-posts":"","theme-transparent-header-meta":"","adv-header-id-meta":"","stick-header-meta":"","header-above-stick-meta":"","header-main-stick-meta":"","header-below-stick-meta":"","astra-migrate-meta-layouts":"default","ast-page-background-enabled":"default","ast-page-background-meta":{"desktop":{"background-color":"var(--ast-global-color-4)","background-image":"","background-repeat":"repeat","background-position":"center center","background-size":"auto","background-attachment":"scroll","background-type":"","background-media":"","overlay-type":"","overlay-color":"","overlay-opacity":"","overlay-gradient":""},"tablet":{"background-color":"","background-image":"","background-repeat":"repeat","background-position":"center center","background-size":"auto","background-attachment":"scroll","background-type":"","background-media":"","overlay-type":"","overlay-color":"","overlay-opacity":"","overlay-gradient":""},"mobile":{"background-color":"","background-image":"","background-repeat":"repeat","background-position":"center center","background-size":"auto","background-attachment":"scroll","background-type":"","background-media":"","overlay-type":"","overlay-color":"","overlay-opacity":"","overlay-gradient":""}},"ast-content-background-meta":{"desktop":{"background-color":"var(--ast-global-color-5)","background-image":"","background-repeat":"repeat","background-position":"center center","background-size":"auto","background-attachment":"scroll","background-type":"","background-media":"","overlay-type":"","overlay-color":"","overlay-opacity":"","overlay-gradient":""},"tablet":{"background-color":"var(--ast-global-color-5)","background-image":"","background-repeat":"repeat","background-position":"center center","background-size":"auto","background-attachment":"scroll","background-type":"","background-media":"","overlay-type":"","overlay-color":"","overlay-opacity":"","overlay-gradient":""},"mobile":{"background-color":"var(--ast-global-color-5)","background-image":"","background-repeat":"repeat","background-position":"center center","background-size":"auto","background-attachment":"scroll","background-type":"","background-media":"","overlay-type":"","overlay-color":"","overlay-opacity":"","overlay-gradient":""}},"footnotes":""},"class_list":["post-1946","page","type-page","status-publish","hentry"],"uagb_featured_image_src":{"full":false,"thumbnail":false,"medium":false,"medium_large":false,"large":false,"1536x1536":false,"2048x2048":false},"uagb_author_info":{"display_name":"Steve","author_link":"https:\/\/luxuryvillaalvor.com\/fr\/author\/steve\/"},"uagb_comment_info":0,"uagb_excerpt":"Vie en plein air La Casa Da Cisterna offre une vie ext\u00e9rieure exceptionnelle avec un vaste patio de 500 m\u00b2, une piscine et un parking qui se double d&rsquo;un espace de divertissement \u00e9poustouflant. Un carrelage moderne et un environnement magnifiquement \u00e9clair\u00e9 cr\u00e9ent une atmosph\u00e8re propre et contemporaine, id\u00e9ale pour la d\u00e9tente et les r\u00e9unions sociales.\u2026","_links":{"self":[{"href":"https:\/\/luxuryvillaalvor.com\/fr\/wp-json\/wp\/v2\/pages\/1946","targetHints":{"allow":["GET"]}}],"collection":[{"href":"https:\/\/luxuryvillaalvor.com\/fr\/wp-json\/wp\/v2\/pages"}],"about":[{"href":"https:\/\/luxuryvillaalvor.com\/fr\/wp-json\/wp\/v2\/types\/page"}],"author":[{"embeddable":true,"href":"https:\/\/luxuryvillaalvor.com\/fr\/wp-json\/wp\/v2\/users\/3"}],"replies":[{"embeddable":true,"href":"https:\/\/luxuryvillaalvor.com\/fr\/wp-json\/wp\/v2\/comments?post=1946"}],"version-history":[{"count":8,"href":"https:\/\/luxuryvillaalvor.com\/fr\/wp-json\/wp\/v2\/pages\/1946\/revisions"}],"predecessor-version":[{"id":2034,"href":"https:\/\/luxuryvillaalvor.com\/fr\/wp-json\/wp\/v2\/pages\/1946\/revisions\/2034"}],"wp:attachment":[{"href":"https:\/\/luxuryvillaalvor.com\/fr\/wp-json\/wp\/v2\/media?parent=1946"}],"curies":[{"name":"wp","href":"https:\/\/api.w.org\/{rel}","templated":true}]}}