{"id":1334,"date":"2023-08-14T13:41:00","date_gmt":"2023-08-14T13:41:00","guid":{"rendered":"https:\/\/luxuryvillaalvor.com\/politique-en-matiere-de-cookies\/"},"modified":"2024-07-12T12:21:30","modified_gmt":"2024-07-12T12:21:30","slug":"politique-en-matiere-de-cookies","status":"publish","type":"page","link":"https:\/\/luxuryvillaalvor.com\/fr\/politique-en-matiere-de-cookies\/","title":{"rendered":"Politique en mati\u00e8re de cookies"},"content":{"rendered":"\n<p><strong>INFORMATIONS SUR NOTRE UTILISATION DES COOKIES<\/strong>&nbsp;<\/p>\n\n\n\n<p>Notre site web utilise des cookies et des technologies similaires pour vous distinguer des autres utilisateurs de notre site web. Cela nous aide \u00e0 vous fournir une bonne exp\u00e9rience lorsque vous naviguez sur notre site web et nous permet \u00e9galement d&rsquo;am\u00e9liorer notre site. Votre acceptation de notre politique en mati\u00e8re de cookies est r\u00e9put\u00e9e se produire si vous continuez \u00e0 utiliser notre site. Si vous n&rsquo;acceptez pas notre politique en mati\u00e8re de cookies, veuillez cesser imm\u00e9diatement d&rsquo;utiliser notre site.&nbsp;<\/p>\n\n\n\n<p>Un cookie est un petit fichier de lettres et de chiffres que nous stockons sur votre navigateur ou sur le disque dur de votre ordinateur si vous y consentez. Les cookies contiennent des informations qui sont transf\u00e9r\u00e9es sur le disque dur de votre ordinateur. Les cookies sont utilis\u00e9s par presque tous les sites web et ne nuisent pas \u00e0 votre syst\u00e8me.&nbsp;<\/p>\n\n\n\n<p><strong>COMMENT NOTRE SITE UTILISE-T-IL LES COOKIES ?<\/strong>&nbsp;<\/p>\n\n\n\n<p>Notre site peut placer et acc\u00e9der \u00e0 certains cookies de premi\u00e8re partie sur votre ordinateur ou votre appareil. Les cookies de premi\u00e8re partie sont ceux que nous pla\u00e7ons directement et qui ne sont utilis\u00e9s que par nous. Nous utilisons des cookies pour faciliter et am\u00e9liorer votre exp\u00e9rience sur notre site et pour fournir et am\u00e9liorer nos produits et\/ou services. Nous avons soigneusement choisi ces cookies et avons pris des mesures pour garantir que votre vie priv\u00e9e et vos donn\u00e9es personnelles sont prot\u00e9g\u00e9es et respect\u00e9es \u00e0 tout moment.&nbsp;<\/p>\n\n\n\n<p>En utilisant notre site, vous pouvez \u00e9galement recevoir certains cookies de tiers sur votre ordinateur ou votre appareil. Les cookies de tiers sont ceux plac\u00e9s par des sites web, des services et\/ou des parties autres que nous. Des cookies de tiers sont utilis\u00e9s sur notre site pour des services publicitaires.&nbsp;<\/p>\n\n\n\n<p>Tous les cookies utilis\u00e9s par et sur notre site le sont conform\u00e9ment \u00e0 la l\u00e9gislation en vigueur. Nous pouvons utiliser tout ou partie des types de cookies suivants :&nbsp;<\/p>\n\n\n\n<ul class=\"wp-block-list\">\n<li>Cookies strictement n\u00e9cessaires. Il s&rsquo;agit de cookies n\u00e9cessaires au fonctionnement de notre site web. Il s&rsquo;agit, par exemple, de cookies qui vous permettent de vous connecter \u00e0 des zones s\u00e9curis\u00e9es de notre site web, d&rsquo;utiliser un panier d&rsquo;achat ou des services de facturation \u00e9lectronique. Ces cookies ne peuvent pas \u00eatre d\u00e9sactiv\u00e9s. Sans ces cookies, ces services ne peuvent \u00eatre fournis. Ces cookies ne recueillent pas d&rsquo;informations vous concernant qui pourraient \u00eatre utilis\u00e9es \u00e0 des fins de marketing ou pour se souvenir de l&rsquo;endroit o\u00f9 vous avez navigu\u00e9 sur l&rsquo;internet.&nbsp;<\/li>\n\n\n\n<li>Cookies analytiques\/de performance. Ils nous permettent de reconna\u00eetre et de compter le nombre de visiteurs et de voir comment les visiteurs se d\u00e9placent sur notre site web lorsqu&rsquo;ils l&rsquo;utilisent. Cela nous aide \u00e0 am\u00e9liorer le fonctionnement de notre site web, par exemple en veillant \u00e0 ce que les utilisateurs trouvent facilement ce qu&rsquo;ils recherchent.&nbsp;<\/li>\n<\/ul>\n\n\n\n<ul class=\"wp-block-list\">\n<li>Cookies de fonctionnalit\u00e9. Ils sont utilis\u00e9s pour vous reconna\u00eetre lorsque vous revenez sur notre site web. Cela nous permet de personnaliser notre contenu, de vous accueillir par votre nom et de nous souvenir de vos pr\u00e9f\u00e9rences (par exemple, votre choix de langue ou de r\u00e9gion).&nbsp;<\/li>\n\n\n\n<li>Cookies de ciblage. Ces cookies enregistrent votre visite sur notre site web, les pages que vous avez consult\u00e9es et les liens que vous avez suivis. Nous utiliserons ces informations pour rendre notre site web et la publicit\u00e9 qui y est affich\u00e9e plus pertinents par rapport \u00e0 vos int\u00e9r\u00eats. Nous pouvons \u00e9galement partager ces informations avec des tiers \u00e0 cette fin.&nbsp;<\/li>\n\n\n\n<li>Cookies persistants. Un cookie persistant est stock\u00e9 sous forme de fichier sur votre ordinateur et y reste lorsque vous fermez votre navigateur web. Le cookie peut \u00eatre lu par le site web qui l&rsquo;a cr\u00e9\u00e9 lorsque vous visitez \u00e0 nouveau ce site web. Nous utilisons des cookies persistants pour Google Analytics.&nbsp;<\/li>\n\n\n\n<li>Cookies de session. Un cookie de session est temporaire et ne reste sur votre ordinateur qu&rsquo;\u00e0 partir du moment o\u00f9 vous visitez notre site et jusqu&rsquo;\u00e0 ce que vous fermiez votre navigateur. Elles sont automatiquement supprim\u00e9es lorsque vous fermez votre navigateur.&nbsp;<\/li>\n<\/ul>\n\n\n\n<p><strong>QUELS SONT LES COOKIES UTILIS\u00c9S PAR NOTRE SITE ?<\/strong>&nbsp;<\/p>\n\n\n\n<ul class=\"wp-block-list\">\n<li>Notre site utilise les services d&rsquo;analyse fournis par Google Analytics. L&rsquo;analyse du site web fait r\u00e9f\u00e9rence \u00e0 un ensemble d&rsquo;outils utilis\u00e9s pour collecter et analyser des informations d&rsquo;utilisation anonymes qui nous permettent de mieux comprendre comment notre site est utilis\u00e9. Cela nous permet d&rsquo;am\u00e9liorer notre site ainsi que les produits et services offerts. Les services d&rsquo;analyse utilis\u00e9s par notre site utilisent des cookies d&rsquo;analyse pour collecter des informations. Vous n&rsquo;\u00eates pas oblig\u00e9 de nous autoriser \u00e0 utiliser ces cookies, mais l&rsquo;utilisation que nous en faisons ne pr\u00e9sente aucun risque pour votre vie priv\u00e9e ou pour la s\u00e9curit\u00e9 d&rsquo;utilisation de notre site, car les informations recueillies sont anonymes.&nbsp;<\/li>\n\n\n\n<li>Notre site utilise \u00e9galement les cookies de remarketing de Google Adwords. Il s&rsquo;agit de cookies utilis\u00e9s par Google et li\u00e9s aux publicit\u00e9s diffus\u00e9es par Google sur Internet, y compris sur des sites tiers. Google utilise ces cookies pour suivre l&rsquo;acc\u00e8s \u00e0 notre site web \u00e0 partir de ces publicit\u00e9s et pour collecter d&rsquo;autres donn\u00e9es.&nbsp;<\/li>\n\n\n\n<li>Notre site utilise des cookies relatifs aux liens externes vers Google, Facebook et Youtube &#8211; ces cookies sont essentiels pour l&rsquo;affichage des vid\u00e9os et des liens vers notre site.&nbsp;<\/li>\n\n\n\n<li>Notre site utilise des cookies de WordPress qui sont utilis\u00e9s pour la fonctionnalit\u00e9 du site web, y compris le panier d&rsquo;achat.&nbsp;<\/li>\n<\/ul>\n\n\n\n<p><strong>CONSENTEMENT ET CONTR\u00d4LE<\/strong>&nbsp;<\/p>\n\n\n\n<p>Vous pouvez bloquer les cookies en activant le param\u00e8tre de votre navigateur qui vous permet de refuser l&rsquo;installation de tous les cookies ou de certains d&rsquo;entre eux. Toutefois, si vous utilisez les param\u00e8tres de votre navigateur pour bloquer tous les cookies (y compris les cookies essentiels), il se peut que vous ne puissiez pas acc\u00e9der \u00e0 tout ou partie de notre site.&nbsp;<\/p>\n\n\n\n<p><strong>Plus d&rsquo;informations<\/strong>&nbsp;<\/p>\n\n\n\n<p>Si vous souhaitez en savoir plus sur la mani\u00e8re dont nous utilisons les cookies, veuillez nous contacter par : Courriel : info@luxuryvillaalvor.com ou \u00e9crire \u00e0 MJ&amp;PM Properties Limited, Duel House, Llandowlais Street, Cwmbran, NP44 7XB, UK.&nbsp;<\/p>\n\n\n\n<p>14\/08\/2023&nbsp;<\/p>\n","protected":false},"excerpt":{"rendered":"<p>INFORMATIONS SUR NOTRE UTILISATION DES COOKIES&nbsp; Notre site web utilise des cookies et des technologies similaires pour vous distinguer des autres utilisateurs de notre site web. Cela nous aide \u00e0 vous fournir une bonne exp\u00e9rience lorsque vous naviguez sur notre site web et nous permet \u00e9galement d&rsquo;am\u00e9liorer notre site. Votre acceptation de notre politique en [&hellip;]<\/p>\n","protected":false},"author":3,"featured_media":0,"parent":0,"menu_order":0,"comment_status":"closed","ping_status":"closed","template":"","meta":{"_uag_custom_page_level_css":"","site-sidebar-layout":"default","site-content-layout":"","ast-site-content-layout":"default","site-content-style":"default","site-sidebar-style":"default","ast-global-header-display":"","ast-banner-title-visibility":"","ast-main-header-display":"","ast-hfb-above-header-display":"","ast-hfb-below-header-display":"","ast-hfb-mobile-header-display":"","site-post-title":"disabled","ast-breadcrumbs-content":"","ast-featured-img":"","footer-sml-layout":"","ast-disable-related-posts":"","theme-transparent-header-meta":"","adv-header-id-meta":"","stick-header-meta":"","header-above-stick-meta":"","header-main-stick-meta":"","header-below-stick-meta":"","astra-migrate-meta-layouts":"default","ast-page-background-enabled":"default","ast-page-background-meta":{"desktop":{"background-color":"var(--ast-global-color-4)","background-image":"","background-repeat":"repeat","background-position":"center center","background-size":"auto","background-attachment":"scroll","background-type":"","background-media":"","overlay-type":"","overlay-color":"","overlay-opacity":"","overlay-gradient":""},"tablet":{"background-color":"","background-image":"","background-repeat":"repeat","background-position":"center center","background-size":"auto","background-attachment":"scroll","background-type":"","background-media":"","overlay-type":"","overlay-color":"","overlay-opacity":"","overlay-gradient":""},"mobile":{"background-color":"","background-image":"","background-repeat":"repeat","background-position":"center center","background-size":"auto","background-attachment":"scroll","background-type":"","background-media":"","overlay-type":"","overlay-color":"","overlay-opacity":"","overlay-gradient":""}},"ast-content-background-meta":{"desktop":{"background-color":"var(--ast-global-color-5)","background-image":"","background-repeat":"repeat","background-position":"center center","background-size":"auto","background-attachment":"scroll","background-type":"","background-media":"","overlay-type":"","overlay-color":"","overlay-opacity":"","overlay-gradient":""},"tablet":{"background-color":"var(--ast-global-color-5)","background-image":"","background-repeat":"repeat","background-position":"center center","background-size":"auto","background-attachment":"scroll","background-type":"","background-media":"","overlay-type":"","overlay-color":"","overlay-opacity":"","overlay-gradient":""},"mobile":{"background-color":"var(--ast-global-color-5)","background-image":"","background-repeat":"repeat","background-position":"center center","background-size":"auto","background-attachment":"scroll","background-type":"","background-media":"","overlay-type":"","overlay-color":"","overlay-opacity":"","overlay-gradient":""}},"footnotes":""},"class_list":["post-1334","page","type-page","status-publish","hentry"],"uagb_featured_image_src":{"full":false,"thumbnail":false,"medium":false,"medium_large":false,"large":false,"1536x1536":false,"2048x2048":false},"uagb_author_info":{"display_name":"Steve","author_link":"https:\/\/luxuryvillaalvor.com\/fr\/author\/steve\/"},"uagb_comment_info":0,"uagb_excerpt":"INFORMATIONS SUR NOTRE UTILISATION DES COOKIES&nbsp; Notre site web utilise des cookies et des technologies similaires pour vous distinguer des autres utilisateurs de notre site web. Cela nous aide \u00e0 vous fournir une bonne exp\u00e9rience lorsque vous naviguez sur notre site web et nous permet \u00e9galement d&rsquo;am\u00e9liorer notre site. Votre acceptation de notre politique en\u2026","_links":{"self":[{"href":"https:\/\/luxuryvillaalvor.com\/fr\/wp-json\/wp\/v2\/pages\/1334","targetHints":{"allow":["GET"]}}],"collection":[{"href":"https:\/\/luxuryvillaalvor.com\/fr\/wp-json\/wp\/v2\/pages"}],"about":[{"href":"https:\/\/luxuryvillaalvor.com\/fr\/wp-json\/wp\/v2\/types\/page"}],"author":[{"embeddable":true,"href":"https:\/\/luxuryvillaalvor.com\/fr\/wp-json\/wp\/v2\/users\/3"}],"replies":[{"embeddable":true,"href":"https:\/\/luxuryvillaalvor.com\/fr\/wp-json\/wp\/v2\/comments?post=1334"}],"version-history":[{"count":1,"href":"https:\/\/luxuryvillaalvor.com\/fr\/wp-json\/wp\/v2\/pages\/1334\/revisions"}],"predecessor-version":[{"id":1610,"href":"https:\/\/luxuryvillaalvor.com\/fr\/wp-json\/wp\/v2\/pages\/1334\/revisions\/1610"}],"wp:attachment":[{"href":"https:\/\/luxuryvillaalvor.com\/fr\/wp-json\/wp\/v2\/media?parent=1334"}],"curies":[{"name":"wp","href":"https:\/\/api.w.org\/{rel}","templated":true}]}}