{"id":1292,"date":"2022-04-02T06:23:12","date_gmt":"2022-04-02T06:23:12","guid":{"rendered":"https:\/\/luxuryvillaalvor.com\/contact\/"},"modified":"2024-07-12T12:21:29","modified_gmt":"2024-07-12T12:21:29","slug":"contact","status":"publish","type":"page","link":"https:\/\/luxuryvillaalvor.com\/fr\/contact\/","title":{"rendered":"Contact"},"content":{"rendered":"\n<div class=\"wp-block-uagb-container uagb-block-82643de7 alignfull uagb-is-root-container\"><div class=\"uagb-container-inner-blocks-wrap\">\n<div class=\"wp-block-uagb-advanced-heading uagb-block-690222c7\"><h1 class=\"uagb-heading-text\">Contact<\/h1><\/div>\n<\/div><\/div>\n\n\n\n<div class=\"wp-block-uagb-image aligncenter uagb-block-329ecdcb wp-block-uagb-image--layout-default wp-block-uagb-image--effect-static wp-block-uagb-image--align-center\"><figure class=\"wp-block-uagb-image__figure\"><img decoding=\"async\" srcset=\"https:\/\/luxuryvillaalvor.com\/wp-content\/uploads\/2023\/08\/IMG_6889-1024x768.jpg  \" sizes=\"auto, (max-width: 480px) 150px\" src=\"https:\/\/luxuryvillaalvor.com\/wp-content\/uploads\/2023\/08\/IMG_6889-1024x768.jpg\" alt=\"\" class=\"uag-image-875\" width=\"1024\" height=\"768\" title=\"\" loading=\"lazy\"><\/figure><\/div>\n\n\n\n<div class=\"wp-block-uagb-container uagb-block-b7b3f2e2 alignfull uagb-is-root-container\"><div class=\"uagb-container-inner-blocks-wrap\"><\/div><\/div>\n\n\n\n<div class=\"wp-block-uagb-container uagb-block-5be78e9f alignfull uagb-is-root-container\"><div class=\"uagb-container-inner-blocks-wrap\">\n<div class=\"wp-block-uagb-advanced-heading uagb-block-3aee3571\"><h2 class=\"uagb-heading-text\">Coordonn\u00e9es<\/h2><\/div>\n\n\n\n<div class=\"wp-block-uagb-container uagb-block-94d9e1d3\">\n<div class=\"wp-block-uagb-container uagb-block-a3ce4b99\">\n<div class=\"wp-block-uagb-info-box uagb-block-bd399974 uagb-infobox__content-wrap uagb-infobox-icon-above-title uagb-infobox-image-valign-top\"><div class=\"uagb-ifb-content\"><div class=\"uagb-ifb-icon-wrap\"><div class=\"uagb-iconbox-icon-wrap uagb-infobox-shape-circle\"><svg xmlns=\"https:\/\/www.w3.org\/2000\/svg\" viewbox=\"0 0 384 512\"><path d=\"M168.3 499.2C116.1 435 0 279.4 0 192C0 85.96 85.96 0 192 0C298 0 384 85.96 384 192C384 279.4 267 435 215.7 499.2C203.4 514.5 180.6 514.5 168.3 499.2H168.3zM192 256C227.3 256 256 227.3 256 192C256 156.7 227.3 128 192 128C156.7 128 128 156.7 128 192C128 227.3 156.7 256 192 256z\"><\/path><\/svg><\/div><\/div><div class=\"uagb-ifb-title-wrap\"><h3 class=\"uagb-ifb-title\">Adresse<\/h3><\/div><p class=\"uagb-ifb-desc\">Estr Municipal 531 C Cisterna Facho, Alvor 8500 055<\/p><\/div><\/div>\n<\/div>\n\n\n\n<div class=\"wp-block-uagb-container uagb-block-76ffface\">\n<div class=\"wp-block-uagb-info-box uagb-block-29ed4cfb uagb-infobox__content-wrap uagb-infobox-icon-above-title uagb-infobox-image-valign-top\"><div class=\"uagb-ifb-content\"><div class=\"uagb-ifb-icon-wrap\"><div class=\"uagb-iconbox-icon-wrap uagb-infobox-shape-circle\"><svg xmlns=\"https:\/\/www.w3.org\/2000\/svg\" viewbox=\"0 0 512 512\"><path d=\"M464 64C490.5 64 512 85.49 512 112C512 127.1 504.9 141.3 492.8 150.4L275.2 313.6C263.8 322.1 248.2 322.1 236.8 313.6L19.2 150.4C7.113 141.3 0 127.1 0 112C0 85.49 21.49 64 48 64H464zM217.6 339.2C240.4 356.3 271.6 356.3 294.4 339.2L512 176V384C512 419.3 483.3 448 448 448H64C28.65 448 0 419.3 0 384V176L217.6 339.2z\"><\/path><\/svg><\/div><\/div><div class=\"uagb-ifb-title-wrap\"><h3 class=\"uagb-ifb-title\">Nous envoyer un courriel<\/h3><\/div><p class=\"uagb-ifb-desc\"><a href=\"mailto:info@luxuryvillaalvor.com\">info@luxuryvillaalvor.com<\/a><br><\/p><\/div><\/div>\n<\/div>\n\n\n\n<div class=\"wp-block-uagb-container uagb-block-12bbacec\">\n<div class=\"wp-block-uagb-info-box uagb-block-d2a1c2ff uagb-infobox__content-wrap uagb-infobox-icon-above-title uagb-infobox-image-valign-top\"><div class=\"uagb-ifb-content\"><div class=\"uagb-ifb-icon-wrap\"><div class=\"uagb-iconbox-icon-wrap uagb-infobox-shape-circle\"><svg xmlns=\"https:\/\/www.w3.org\/2000\/svg\" viewbox=\"0 0 512 512\"><path d=\"M18.92 351.2l108.5-46.52c12.78-5.531 27.77-1.801 36.45 8.98l44.09 53.82c69.25-34 125.5-90.31 159.5-159.5l-53.81-44.04c-10.75-8.781-14.41-23.69-8.974-36.47l46.51-108.5c6.094-13.91 21.1-21.52 35.79-18.11l100.8 23.25c14.25 3.25 24.22 15.8 24.22 30.46c0 252.3-205.2 457.5-457.5 457.5c-14.67 0-27.18-9.968-30.45-24.22l-23.25-100.8C-2.571 372.4 5.018 357.2 18.92 351.2z\"><\/path><\/svg><\/div><\/div><div class=\"uagb-ifb-title-wrap\"><h3 class=\"uagb-ifb-title\">Appelez-nous<\/h3><\/div><p class=\"uagb-ifb-desc\">+44 (0)7970 491 318<br><\/p><\/div><\/div>\n<\/div>\n<\/div>\n\n\n\n<div class=\"wp-block-uagb-forms uagb-forms__outer-wrap uagb-block-d370cf05 uagb-forms__medium-btn\"><form class=\"uagb-forms-main-form\" method=\"post\" autocomplete=\"on\" name=\"uagb-form-d370cf05\">\n<div class=\"wp-block-uagb-forms-name uagb-forms-name-wrap uagb-forms-field-set uagb-block-35d1bad1\"><div class=\"uagb-forms-name-label required uagb-forms-input-label\" id=\"35d1bad1\">Pr\u00e9nom<\/div><input type=\"text\" placeholder=\"Jean\" required=\"\" class=\"uagb-forms-name-input uagb-forms-input\" name=\"35d1bad1\" autocomplete=\"given-name\"><\/div>\n\n\n\n<div class=\"wp-block-uagb-forms-name uagb-forms-name-wrap uagb-forms-field-set uagb-block-2dbfd524\"><div class=\"uagb-forms-name-label required uagb-forms-input-label\" id=\"2dbfd524\">Nom de famille<\/div><input type=\"text\" placeholder=\"Doe\" required=\"\" class=\"uagb-forms-name-input uagb-forms-input\" name=\"2dbfd524\" autocomplete=\"family-name\"><\/div>\n\n\n\n<div class=\"wp-block-uagb-forms-phone uagb-forms-phone-wrap uagb-forms-field-set uagb-block-a3579885\"><div class=\"uagb-forms-phone-label required uagb-forms-input-label\" id=\"a3579885\">T\u00e9l\u00e9phone<\/div><div class=\"uagb-forms-phone-flex\"><select class=\"uagb-forms-input uagb-form-phone-country\" id=\"uagb-form-country-a3579885\" name=\"Phone[]\"><option value=\"+44\" selected>ROYAUME-UNI (+44)<\/option><option value=\"+1\">\u00c9tats-Unis \/ Canada (+1)<\/option><option value=\"+213\">Alg\u00e9rie (+213)<\/option><option value=\"+376\">Andorre (+376)<\/option><option value=\"+244\">Angola (+244)<\/option><option value=\"+1264\">Anguilla (+1264)<\/option><option value=\"+1268\">Antigua &amp; Barbuda (+1268)<\/option><option value=\"+54\">Argentine (+54)<\/option><option value=\"+374\">Arm\u00e9nie (+374)<\/option><option value=\"+297\">Aruba (+297)<\/option><option value=\"+61\">Australie (+61)<\/option><option value=\"+43\">Autriche (+43)<\/option><option value=\"+994\">Azerba\u00efdjan (+994)<\/option><option value=\"+1242\">Bahamas (+1242)<\/option><option value=\"+973\">Bahre\u00efn (+973)<\/option><option value=\"+880\">Bangladesh (+880)<\/option><option value=\"+1246\">Barbade (+1246)<\/option><option value=\"+375\">B\u00e9larus (+375)<\/option><option value=\"+32\">Belgique (+32)<\/option><option value=\"+501\">Belize (+501)<\/option><option value=\"+229\">B\u00e9nin (+229)<\/option><option value=\"+1441\">Bermudes (+1441)<\/option><option value=\"+975\">Bhoutan (+975)<\/option><option value=\"+591\">Bolivie (+591)<\/option><option value=\"+387\">Bosnie-Herz\u00e9govine (+387)<\/option><option value=\"+267\">Botswana (+267)<\/option><option value=\"+55\">Br\u00e9sil (+55)<\/option><option value=\"+673\">Brunei (+673)<\/option><option value=\"+359\">Bulgarie (+359)<\/option><option value=\"+226\">Burkina Faso (+226)<\/option><option value=\"+257\">Burundi (+257)<\/option><option value=\"+855\">Cambodge (+855)<\/option><option value=\"+237\">Cameroun (+237)<\/option><option value=\"+238\">\u00celes du Cap-Vert (+238)<\/option><option value=\"+1345\">\u00celes Ca\u00efmans (+1345)<\/option><option value=\"+236\">R\u00e9publique centrafricaine (+236)<\/option><option value=\"+56\">Chili (+56)<\/option><option value=\"+86\">Chine (+86)<\/option><option value=\"+57\">Colombie (+57)<\/option><option value=\"+269\">Comores (+269)<\/option><option value=\"+242\">Congo (+242)<\/option><option value=\"+682\">\u00celes Cook (+682)<\/option><option value=\"+506\">Costa Rica (+506)<\/option><option value=\"+385\">Croatie (+385)<\/option><option value=\"+53\">Cuba (+53)<\/option><option value=\"+90392\">Chypre Nord (+90392)<\/option><option value=\"+357\">Chypre Sud (+357)<\/option><option value=\"+42\">R\u00e9publique tch\u00e8que (+42)<\/option><option value=\"+45\">Danemark (+45)<\/option><option value=\"+253\">Djibouti (+253)<\/option><option value=\"+1809\">Dominique (+1809)<\/option><option value=\"+1809\">R\u00e9publique dominicaine (+1809)<\/option><option value=\"+593\">\u00c9quateur (+593)<\/option><option value=\"+20\">\u00c9gypte (+20)<\/option><option value=\"+503\">Salvador (+503)<\/option><option value=\"+240\">Guin\u00e9e \u00e9quatoriale (+240)<\/option><option value=\"+291\">Erythr\u00e9e (+291)<\/option><option value=\"+372\">Estonie (+372)<\/option><option value=\"+251\">\u00c9thiopie (+251)<\/option><option value=\"+500\">\u00celes Malouines (+500)<\/option><option value=\"+298\">\u00celes F\u00e9ro\u00e9 (+298)<\/option><option value=\"+679\">Fidji (+679)<\/option><option value=\"+358\">Finlande (+358)<\/option><option value=\"+33\">France (+33)<\/option><option value=\"+594\">Guyane fran\u00e7aise (+594)<\/option><option value=\"+689\">Polyn\u00e9sie fran\u00e7aise (+689)<\/option><option value=\"+241\">Gabon (+241)<\/option><option value=\"+220\">Gambie (+220)<\/option><option value=\"+7880\">G\u00e9orgie (+7880)<\/option><option value=\"+49\">Allemagne (+49)<\/option><option value=\"+233\">Ghana (+233)<\/option><option value=\"+350\">Gibraltar (+350)<\/option><option value=\"+30\">Gr\u00e8ce (+30)<\/option><option value=\"+299\">Groenland (+299)<\/option><option value=\"+1473\">Grenade (+1473)<\/option><option value=\"+590\">Guadeloupe (+590)<\/option><option value=\"+671\">Guam (+671)<\/option><option value=\"+502\">Guatemala (+502)<\/option><option value=\"+224\">Guin\u00e9e (+224)<\/option><option value=\"+245\">Guin\u00e9e &#8211; Bissau (+245)<\/option><option value=\"+592\">Guyane (+592)<\/option><option value=\"+509\">Ha\u00efti (+509)<\/option><option value=\"+504\">Honduras (+504)<\/option><option value=\"+852\">Hong Kong (+852)<\/option><option value=\"+36\">Hongrie (+36)<\/option><option value=\"+354\">Islande (+354)<\/option><option value=\"+91\">Inde (+91)<\/option><option value=\"+62\">Indon\u00e9sie (+62)<\/option><option value=\"+98\">Iran (+98)<\/option><option value=\"+964\">Irak (+964)<\/option><option value=\"+353\">Irlande (+353)<\/option><option value=\"+972\">Isra\u00ebl (+972)<\/option><option value=\"+39\">Italie (+39)<\/option><option value=\"+1876\">Jama\u00efque (+1876)<\/option><option value=\"+81\">Japon (+81)<\/option><option value=\"+962\">Jordanie (+962)<\/option><option value=\"+7\">Kazakhstan (+7)<\/option><option value=\"+254\">Kenya (+254)<\/option><option value=\"+686\">Kiribati (+686)<\/option><option value=\"+850\">Cor\u00e9e du Nord (+850)<\/option><option value=\"+82\">Cor\u00e9e du Sud (+82)<\/option><option value=\"+965\">Kowe\u00eft (+965)<\/option><option value=\"+996\">Kirghizistan (+996)<\/option><option value=\"+856\">Laos (+856)<\/option><option value=\"+371\">Lettonie (+371)<\/option><option value=\"+961\">Liban (+961)<\/option><option value=\"+266\">Lesotho (+266)<\/option><option value=\"+231\">Lib\u00e9ria (+231)<\/option><option value=\"+218\">Libye (+218)<\/option><option value=\"+417\">Liechtenstein (+417)<\/option><option value=\"+370\">Lituanie (+370)<\/option><option value=\"+352\">Luxembourg (+352)<\/option><option value=\"+853\">Macao (+853)<\/option><option value=\"+389\">Mac\u00e9doine (+389)<\/option><option value=\"+261\">Madagascar (+261)<\/option><option value=\"+265\">Malawi (+265)<\/option><option value=\"+60\">Malaisie (+60)<\/option><option value=\"+960\">Maldives (+960)<\/option><option value=\"+223\">Mali (+223)<\/option><option value=\"+356\">Malte (+356)<\/option><option value=\"+692\">\u00celes Marshall (+692)<\/option><option value=\"+596\">Martinique (+596)<\/option><option value=\"+222\">Mauritanie (+222)<\/option><option value=\"+269\">Mayotte (+269)<\/option><option value=\"+52\">Mexique (+52)<\/option><option value=\"+691\">Micron\u00e9sie (+691)<\/option><option value=\"+373\">Moldavie (+373)<\/option><option value=\"+377\">Monaco (+377)<\/option><option value=\"+976\">Mongolie (+976)<\/option><option value=\"+1664\">Montserrat (+1664)<\/option><option value=\"+212\">Maroc (+212)<\/option><option value=\"+258\">Mozambique (+258)<\/option><option value=\"+95\">Myanmar (+95)<\/option><option value=\"+264\">Namibie (+264)<\/option><option value=\"+674\">Nauru (+674)<\/option><option value=\"+977\">N\u00e9pal (+977)<\/option><option value=\"+31\">Pays-Bas (+31)<\/option><option value=\"+687\">Nouvelle-Cal\u00e9donie (+687)<\/option><option value=\"+64\">Nouvelle-Z\u00e9lande (+64)<\/option><option value=\"+505\">Nicaragua (+505)<\/option><option value=\"+227\">Niger (+227)<\/option><option value=\"+234\">Nigeria (+234)<\/option><option value=\"+683\">Niue (+683)<\/option><option value=\"+672\">\u00celes Norfolk (+672)<\/option><option value=\"+670\">Mariannes du Nord (+670)<\/option><option value=\"+47\">Norv\u00e8ge (+47)<\/option><option value=\"+968\">Oman (+968)<\/option><option value=\"+680\">Palau (+680)<\/option><option value=\"+507\">Panama (+507)<\/option><option value=\"+675\">Papouasie-Nouvelle-Guin\u00e9e (+675)<\/option><option value=\"+595\">Paraguay (+595)<\/option><option value=\"+51\">P\u00e9rou (+51)<\/option><option value=\"+63\">Philippines (+63)<\/option><option value=\"+48\">Pologne (+48)<\/option><option value=\"+351\">Portugal (+351)<\/option><option value=\"+1787\">Porto Rico (+1787)<\/option><option value=\"+974\">Qatar (+974)<\/option><option value=\"+262\">R\u00e9union (+262)<\/option><option value=\"+40\">Roumanie (+40)<\/option><option value=\"+7\">Russie (+7)<\/option><option value=\"+250\">Rwanda (+250)<\/option><option value=\"+378\">Saint-Marin (+378)<\/option><option value=\"+239\">Sao Tom\u00e9 &amp; Principe (+239)<\/option><option value=\"+966\">Arabie Saoudite (+966)<\/option><option value=\"+221\">S\u00e9n\u00e9gal (+221)<\/option><option value=\"+381\">Serbie (+381)<\/option><option value=\"+248\">Seychelles (+248)<\/option><option value=\"+232\">Sierra Leone (+232)<\/option><option value=\"+65\">Singapour (+65)<\/option><option value=\"+421\">R\u00e9publique slovaque (+421)<\/option><option value=\"+386\">Slov\u00e9nie (+386)<\/option><option value=\"+677\">\u00celes Salomon (+677)<\/option><option value=\"+252\">Somalie (+252)<\/option><option value=\"+27\">Afrique du Sud (+27)<\/option><option value=\"+34\">Espagne (+34)<\/option><option value=\"+94\">Sri Lanka (+94)<\/option><option value=\"+290\">Sainte-H\u00e9l\u00e8ne (+290)<\/option><option value=\"+1869\">Saint-Kitts (+1869)<\/option><option value=\"+1758\">Sainte-Lucie (+1758)<\/option><option value=\"+249\">Soudan (+249)<\/option><option value=\"+597\">Suriname (+597)<\/option><option value=\"+268\">Swaziland (+268)<\/option><option value=\"+46\">Su\u00e8de (+46)<\/option><option value=\"+41\">Suisse (+41)<\/option><option value=\"+963\">Syrie (+963)<\/option><option value=\"+886\">Ta\u00efwan (+886)<\/option><option value=\"+7\">Tadjikistan (+7)<\/option><option value=\"+66\">Tha\u00eflande (+66)<\/option><option value=\"+228\">Togo (+228)<\/option><option value=\"+676\">Tonga (+676)<\/option><option value=\"+1868\">Trinit\u00e9-et-Tobago (+1868)<\/option><option value=\"+216\">Tunisie (+216)<\/option><option value=\"+90\">Turquie (+90)<\/option><option value=\"+7\">Turkm\u00e9nistan (+7)<\/option><option value=\"+993\">Turkm\u00e9nistan (+993)<\/option><option value=\"+1649\">\u00celes Turks et Caicos (+1649)<\/option><option value=\"+688\">Tuvalu (+688)<\/option><option value=\"+256\">Ouganda (+256)<\/option><option value=\"+380\">Ukraine (+380)<\/option><option value=\"+971\">\u00c9mirats arabes unis (+971)<\/option><option value=\"+598\">Uruguay (+598)<\/option><option value=\"+7\">Ouzb\u00e9kistan (+7)<\/option><option value=\"+678\">Vanuatu (+678)<\/option><option value=\"+379\">Cit\u00e9 du Vatican (+379)<\/option><option value=\"+58\">Venezuela (+58)<\/option><option value=\"+84\">Vietnam (+84)<\/option><option value=\"+84\">Vierges britanniques (+1284)<\/option><option value=\"+84\">\u00celes Vierges &#8211; \u00c9tats-Unis (+1340)<\/option><option value=\"+681\">Wallis et Futuna (+681)<\/option><option value=\"+969\">Y\u00e9men (Nord)(+969)<\/option><option value=\"+967\">Y\u00e9men (Sud)(+967)<\/option><option value=\"+260\">Zambie (+260)<\/option><option value=\"+263\">Zimbabwe (+263)<\/option><\/select><input type=\"tel\" placeholder=\"123 456 7890\" pattern=\"[0-9]&lt;wpml_curved wpml_value='3'&gt;&lt;\/wpml_curved&gt;s?[0-9]&lt;wpml_curved wpml_value='3'&gt;&lt;\/wpml_curved&gt;s?[0-9]&lt;wpml_curved wpml_value='4'&gt;&lt;\/wpml_curved&gt;\" required=\"\" class=\"uagb-forms-phone-input uagb-forms-input\" name=\"Phone[]\" autocomplete=\"tel-national\"><\/div><\/div>\n\n\n\n<div class=\"wp-block-uagb-forms-email uagb-forms-email-wrap uagb-forms-field-set uagb-block-8fc761b3\"><div class=\"uagb-forms-email-label required uagb-forms-input-label\" id=\"8fc761b3\">Courriel<\/div><input type=\"email\" class=\"uagb-forms-email-input uagb-forms-input\" placeholder=\"example@mail.com\" required=\"\" name=\"8fc761b3\" autocomplete=\"email\"><\/div>\n\n\n\n<div class=\"wp-block-uagb-forms-textarea uagb-forms-textarea-wrap uagb-forms-field-set uagb-block-4a8402f4\"><div class=\"uagb-forms-textarea-label required uagb-forms-input-label\" id=\"4a8402f4\">Message<\/div><textarea required=\"\" class=\"uagb-forms-textarea-input uagb-forms-input\" rows=\"4\" placeholder=\"Saisissez votre message\" name=\"4a8402f4\" autocomplete=\"off\"><\/textarea><\/div>\n<div class=\"uagb-forms-form-hidden-data\"><input type=\"hidden\" class=\"uagb_forms_form_label\" value=\"Formulaire Spectra\"><input type=\"hidden\" class=\"uagb_forms_form_id\" value=\"uagb-form-d370cf05\"><\/div><div class=\"uagb-form-reacaptcha-error-d370cf05\"><\/div><div class=\"uagb-forms-main-submit-button-wrap wp-block-button\"><button class=\"uagb-forms-main-submit-button wp-block-button__link\"><div class=\"uagb-forms-main-submit-button-text\">Soumettre<\/div><\/button><\/div><\/form><div class=\"uagb-forms-success-message-d370cf05 uagb-forms-submit-message-hide\"><span>Le formulaire a \u00e9t\u00e9 soumis avec succ\u00e8s !<\/span><\/div><div class=\"uagb-forms-failed-message-d370cf05 uagb-forms-submit-message-hide\"><span>Une erreur s&rsquo;est produite lors de l&rsquo;envoi du formulaire. Veuillez v\u00e9rifier \u00e0 nouveau tous les champs du formulaire.<\/span><\/div><\/div>\n<\/div><\/div>\n\n\n\n<div class=\"wp-block-uagb-container uagb-block-387725d5 default uagb-is-root-container\">\t\t\t<div \n\t\t\tclass=\"wp-block-uagb-google-map uagb-google-map__wrap uagb-block-9ad39fd9     \"\n\t\t\tstyle=\"\" >\n\t\t\t\t<embed\n\t\t\t\t\tclass=\"uagb-google-map__iframe\"\n\t\t\t\t\ttitle=\"Carte Google pour \"\n\t\t\t\t\tsrc=\"https:\/\/maps.google.com\/maps?q=Estr%20Municipal%20531%20C%20Cisterna%20Facho%2C%20Alvor%208500%20055&#038;z=11&#038;hl=en&#038;t=m&#038;output=embed&#038;iwloc=near\"\n\t\t\t\t\twidth=\"640\"\n\t\t\t\t\theight=\"650\"\n\t\t\t\t\tloading=\"lazy\"\n\t\t\t\t><\/embed>\n\t\t\t<\/div>\n\t\t\t<\/div>\n","protected":false},"excerpt":{"rendered":"<p>Contact Coordonn\u00e9es<\/p>\n","protected":false},"author":3,"featured_media":0,"parent":0,"menu_order":0,"comment_status":"closed","ping_status":"closed","template":"","meta":{"_uag_custom_page_level_css":"","site-sidebar-layout":"no-sidebar","site-content-layout":"page-builder","ast-site-content-layout":"full-width-container","site-content-style":"unboxed","site-sidebar-style":"unboxed","ast-global-header-display":"","ast-banner-title-visibility":"","ast-main-header-display":"","ast-hfb-above-header-display":"","ast-hfb-below-header-display":"","ast-hfb-mobile-header-display":"","site-post-title":"disabled","ast-breadcrumbs-content":"","ast-featured-img":"disabled","footer-sml-layout":"","ast-disable-related-posts":"","theme-transparent-header-meta":"","adv-header-id-meta":"","stick-header-meta":"","header-above-stick-meta":"","header-main-stick-meta":"","header-below-stick-meta":"","astra-migrate-meta-layouts":"default","ast-page-background-enabled":"default","ast-page-background-meta":{"desktop":{"background-color":"var(--ast-global-color-4)","background-image":"","background-repeat":"repeat","background-position":"center center","background-size":"auto","background-attachment":"scroll","background-type":"","background-media":"","overlay-type":"","overlay-color":"","overlay-opacity":"","overlay-gradient":""},"tablet":{"background-color":"","background-image":"","background-repeat":"repeat","background-position":"center center","background-size":"auto","background-attachment":"scroll","background-type":"","background-media":"","overlay-type":"","overlay-color":"","overlay-opacity":"","overlay-gradient":""},"mobile":{"background-color":"","background-image":"","background-repeat":"repeat","background-position":"center center","background-size":"auto","background-attachment":"scroll","background-type":"","background-media":"","overlay-type":"","overlay-color":"","overlay-opacity":"","overlay-gradient":""}},"ast-content-background-meta":{"desktop":{"background-color":"var(--ast-global-color-5)","background-image":"","background-repeat":"repeat","background-position":"center center","background-size":"auto","background-attachment":"scroll","background-type":"","background-media":"","overlay-type":"","overlay-color":"","overlay-opacity":"","overlay-gradient":""},"tablet":{"background-color":"var(--ast-global-color-5)","background-image":"","background-repeat":"repeat","background-position":"center center","background-size":"auto","background-attachment":"scroll","background-type":"","background-media":"","overlay-type":"","overlay-color":"","overlay-opacity":"","overlay-gradient":""},"mobile":{"background-color":"var(--ast-global-color-5)","background-image":"","background-repeat":"repeat","background-position":"center center","background-size":"auto","background-attachment":"scroll","background-type":"","background-media":"","overlay-type":"","overlay-color":"","overlay-opacity":"","overlay-gradient":""}},"footnotes":""},"class_list":["post-1292","page","type-page","status-publish","hentry"],"uagb_featured_image_src":{"full":false,"thumbnail":false,"medium":false,"medium_large":false,"large":false,"1536x1536":false,"2048x2048":false},"uagb_author_info":{"display_name":"Steve","author_link":"https:\/\/luxuryvillaalvor.com\/fr\/author\/steve\/"},"uagb_comment_info":0,"uagb_excerpt":"Contact Coordonn\u00e9es","_links":{"self":[{"href":"https:\/\/luxuryvillaalvor.com\/fr\/wp-json\/wp\/v2\/pages\/1292","targetHints":{"allow":["GET"]}}],"collection":[{"href":"https:\/\/luxuryvillaalvor.com\/fr\/wp-json\/wp\/v2\/pages"}],"about":[{"href":"https:\/\/luxuryvillaalvor.com\/fr\/wp-json\/wp\/v2\/types\/page"}],"author":[{"embeddable":true,"href":"https:\/\/luxuryvillaalvor.com\/fr\/wp-json\/wp\/v2\/users\/3"}],"replies":[{"embeddable":true,"href":"https:\/\/luxuryvillaalvor.com\/fr\/wp-json\/wp\/v2\/comments?post=1292"}],"version-history":[{"count":2,"href":"https:\/\/luxuryvillaalvor.com\/fr\/wp-json\/wp\/v2\/pages\/1292\/revisions"}],"predecessor-version":[{"id":1597,"href":"https:\/\/luxuryvillaalvor.com\/fr\/wp-json\/wp\/v2\/pages\/1292\/revisions\/1597"}],"wp:attachment":[{"href":"https:\/\/luxuryvillaalvor.com\/fr\/wp-json\/wp\/v2\/media?parent=1292"}],"curies":[{"name":"wp","href":"https:\/\/api.w.org\/{rel}","templated":true}]}}