{"id":1949,"date":"2025-06-09T09:53:48","date_gmt":"2025-06-09T09:53:48","guid":{"rendered":"https:\/\/luxuryvillaalvor.com\/vida-al-aire-libre\/"},"modified":"2025-07-11T13:40:06","modified_gmt":"2025-07-11T13:40:06","slug":"vida-al-aire-libre","status":"publish","type":"page","link":"https:\/\/luxuryvillaalvor.com\/es\/vida-al-aire-libre\/","title":{"rendered":"Vida al aire libre"},"content":{"rendered":"\n<div class=\"wp-block-uagb-container uagb-block-a7983404 alignfull uagb-is-root-container\"><div class=\"uagb-container-inner-blocks-wrap\">\n<div class=\"wp-block-uagb-advanced-heading uagb-block-5affae94\"><h1 class=\"uagb-heading-text\">Vida al aire libre<\/h1><\/div>\n<\/div><\/div>\n\n\n\n<div class=\"wp-block-uagb-container uagb-block-56439a2d alignfull uagb-is-root-container\">\n<div class=\"wp-block-uagb-image aligncenter uagb-block-f459691b wp-block-uagb-image--layout-default wp-block-uagb-image--effect-static wp-block-uagb-image--align-center\"><figure class=\"wp-block-uagb-image__figure\"><img decoding=\"async\" srcset=\"https:\/\/luxuryvillaalvor.com\/wp-content\/uploads\/2025\/07\/outdoor-living-night-1-large-1024x768.jpg ,https:\/\/luxuryvillaalvor.com\/wp-content\/uploads\/2025\/07\/outdoor-living-night-1-large.jpg 780w, https:\/\/luxuryvillaalvor.com\/wp-content\/uploads\/2025\/07\/outdoor-living-night-1-large.jpg 360w\" sizes=\"auto, (max-width: 480px) 150px\" src=\"https:\/\/luxuryvillaalvor.com\/wp-content\/uploads\/2025\/07\/outdoor-living-night-1-large-1024x768.jpg\" alt=\"\" class=\"uag-image-1983\" width=\"1200\" height=\"768\" title=\"sal\u00f3n de exterior-noche-1-grande\" loading=\"lazy\" role=\"img\"><\/figure><\/div>\n<\/div>\n\n\n\n<div class=\"wp-block-uagb-container uagb-block-620a57f1 alignfull uagb-is-root-container\"><div class=\"uagb-container-inner-blocks-wrap\">\n<div class=\"wp-block-uagb-container uagb-block-2168d579\">\n<p>Casa Da Cisterna ofrece una excepcional vida al aire libre, con un vasto patio de 500 m\u00b2, piscina y zona de aparcamiento que se dobla como un impresionante espacio de entretenimiento. Las modernas baldosas y la hermosa iluminaci\u00f3n del entorno crean un ambiente limpio y contempor\u00e1neo, ideal tanto para relajarse como para reuniones sociales. <\/p>\n<\/div>\n\n\n\n<div class=\"wp-block-uagb-container uagb-block-45ed242c\">\n<figure class=\"wp-block-image size-full\"><img loading=\"lazy\" decoding=\"async\" width=\"1024\" height=\"768\" src=\"https:\/\/luxuryvillaalvor.com\/wp-content\/uploads\/2025\/06\/outdoor-living.jpg\" alt=\"\" class=\"wp-image-1916\" srcset=\"https:\/\/luxuryvillaalvor.com\/wp-content\/uploads\/2025\/06\/outdoor-living.jpg 1024w, https:\/\/luxuryvillaalvor.com\/wp-content\/uploads\/2025\/06\/outdoor-living-300x225.jpg 300w, https:\/\/luxuryvillaalvor.com\/wp-content\/uploads\/2025\/06\/outdoor-living-768x576.jpg 768w\" sizes=\"auto, (max-width: 1024px) 100vw, 1024px\" \/><\/figure>\n<\/div>\n\n\n\n<div class=\"wp-block-uagb-container uagb-block-046aeec9\">\n<figure class=\"wp-block-image size-full\"><img loading=\"lazy\" decoding=\"async\" width=\"1024\" height=\"768\" src=\"https:\/\/luxuryvillaalvor.com\/wp-content\/uploads\/2025\/06\/outdoor-living-dining.jpg\" alt=\"\" class=\"wp-image-1922\" srcset=\"https:\/\/luxuryvillaalvor.com\/wp-content\/uploads\/2025\/06\/outdoor-living-dining.jpg 1024w, https:\/\/luxuryvillaalvor.com\/wp-content\/uploads\/2025\/06\/outdoor-living-dining-300x225.jpg 300w, https:\/\/luxuryvillaalvor.com\/wp-content\/uploads\/2025\/06\/outdoor-living-dining-768x576.jpg 768w\" sizes=\"auto, (max-width: 1024px) 100vw, 1024px\" \/><\/figure>\n<\/div>\n\n\n\n<div class=\"wp-block-uagb-container uagb-block-b6a2a46f\">\n<p>La zona est\u00e1 totalmente equipada con tumbonas de alta calidad, elegantes muebles de exterior, un bar exclusivo y una zona de barbacoa, perfecta para largos almuerzos o copas nocturnas bajo las estrellas. Las puertas dobles del patio conducen directamente a la cocina y el sal\u00f3n de planta abierta, lo que hace que la vida en el interior y al aire libre sea f\u00e1cil y agradable. <\/p>\n\n\n\n<p>Tanto si recibes a tus amigos como si disfrutas de una tranquila tarde al sol o te re\u00fanes para cenar al aire libre, este espacio est\u00e1 dise\u00f1ado para elevar cada momento de tu estancia.<\/p>\n<\/div>\n<\/div><\/div>\n\n\n\n<div class=\"wp-block-uagb-container uagb-block-7e03ec66 alignfull uagb-is-root-container\"><div class=\"uagb-container-inner-blocks-wrap\">\n<div class=\"wp-block-uagb-container uagb-block-a2c01249\">\n<figure class=\"wp-block-image size-full\"><img loading=\"lazy\" decoding=\"async\" width=\"1024\" height=\"768\" src=\"https:\/\/luxuryvillaalvor.com\/wp-content\/uploads\/2025\/06\/outdoor-living-pool.jpg\" alt=\"\" class=\"wp-image-1928\" srcset=\"https:\/\/luxuryvillaalvor.com\/wp-content\/uploads\/2025\/06\/outdoor-living-pool.jpg 1024w, https:\/\/luxuryvillaalvor.com\/wp-content\/uploads\/2025\/06\/outdoor-living-pool-300x225.jpg 300w, https:\/\/luxuryvillaalvor.com\/wp-content\/uploads\/2025\/06\/outdoor-living-pool-768x576.jpg 768w\" sizes=\"auto, (max-width: 1024px) 100vw, 1024px\" \/><\/figure>\n<\/div>\n\n\n\n<div class=\"wp-block-uagb-container uagb-block-5764a59b\">\n<figure class=\"wp-block-image size-full\"><img loading=\"lazy\" decoding=\"async\" width=\"1920\" height=\"1440\" src=\"https:\/\/luxuryvillaalvor.com\/wp-content\/uploads\/2025\/06\/homepage-main-image.jpg\" alt=\"\" class=\"wp-image-1774\" srcset=\"https:\/\/luxuryvillaalvor.com\/wp-content\/uploads\/2025\/06\/homepage-main-image.jpg 1920w, https:\/\/luxuryvillaalvor.com\/wp-content\/uploads\/2025\/06\/homepage-main-image-300x225.jpg 300w, https:\/\/luxuryvillaalvor.com\/wp-content\/uploads\/2025\/06\/homepage-main-image-1024x768.jpg 1024w, https:\/\/luxuryvillaalvor.com\/wp-content\/uploads\/2025\/06\/homepage-main-image-768x576.jpg 768w, https:\/\/luxuryvillaalvor.com\/wp-content\/uploads\/2025\/06\/homepage-main-image-1536x1152.jpg 1536w\" sizes=\"auto, (max-width: 1920px) 100vw, 1920px\" \/><\/figure>\n<\/div>\n\n\n\n<div class=\"wp-block-uagb-container uagb-block-4eef5964\">\n<figure class=\"wp-block-image size-full\"><img loading=\"lazy\" decoding=\"async\" width=\"1024\" height=\"768\" src=\"https:\/\/luxuryvillaalvor.com\/wp-content\/uploads\/2025\/06\/bedroom-1-terrace-2.jpg\" alt=\"\" class=\"wp-image-1837\" srcset=\"https:\/\/luxuryvillaalvor.com\/wp-content\/uploads\/2025\/06\/bedroom-1-terrace-2.jpg 1024w, https:\/\/luxuryvillaalvor.com\/wp-content\/uploads\/2025\/06\/bedroom-1-terrace-2-300x225.jpg 300w, https:\/\/luxuryvillaalvor.com\/wp-content\/uploads\/2025\/06\/bedroom-1-terrace-2-768x576.jpg 768w\" sizes=\"auto, (max-width: 1024px) 100vw, 1024px\" \/><\/figure>\n<\/div>\n\n\n\n<div class=\"wp-block-uagb-container uagb-block-7ab8fe8c\">\n<figure class=\"wp-block-image size-full\"><img loading=\"lazy\" decoding=\"async\" width=\"1024\" height=\"768\" src=\"https:\/\/luxuryvillaalvor.com\/wp-content\/uploads\/2025\/06\/bedroom-1-terrace-1.jpg\" alt=\"\" class=\"wp-image-1831\" srcset=\"https:\/\/luxuryvillaalvor.com\/wp-content\/uploads\/2025\/06\/bedroom-1-terrace-1.jpg 1024w, https:\/\/luxuryvillaalvor.com\/wp-content\/uploads\/2025\/06\/bedroom-1-terrace-1-300x225.jpg 300w, https:\/\/luxuryvillaalvor.com\/wp-content\/uploads\/2025\/06\/bedroom-1-terrace-1-768x576.jpg 768w\" sizes=\"auto, (max-width: 1024px) 100vw, 1024px\" \/><\/figure>\n<\/div>\n<\/div><\/div>\n\n\n\n<p><\/p>\n","protected":false},"excerpt":{"rendered":"<p>Vida al aire libre Casa Da Cisterna ofrece una excepcional vida al aire libre, con un vasto patio de 500 m\u00b2, piscina y zona de aparcamiento que se dobla como un impresionante espacio de entretenimiento. Las modernas baldosas y la hermosa iluminaci\u00f3n del entorno crean un ambiente limpio y contempor\u00e1neo, ideal tanto para relajarse como [&hellip;]<\/p>\n","protected":false},"author":3,"featured_media":0,"parent":0,"menu_order":0,"comment_status":"closed","ping_status":"closed","template":"","meta":{"_uag_custom_page_level_css":"","site-sidebar-layout":"no-sidebar","site-content-layout":"","ast-site-content-layout":"full-width-container","site-content-style":"default","site-sidebar-style":"default","ast-global-header-display":"","ast-banner-title-visibility":"","ast-main-header-display":"","ast-hfb-above-header-display":"","ast-hfb-below-header-display":"","ast-hfb-mobile-header-display":"","site-post-title":"disabled","ast-breadcrumbs-content":"","ast-featured-img":"","footer-sml-layout":"","ast-disable-related-posts":"","theme-transparent-header-meta":"","adv-header-id-meta":"","stick-header-meta":"","header-above-stick-meta":"","header-main-stick-meta":"","header-below-stick-meta":"","astra-migrate-meta-layouts":"default","ast-page-background-enabled":"default","ast-page-background-meta":{"desktop":{"background-color":"var(--ast-global-color-4)","background-image":"","background-repeat":"repeat","background-position":"center center","background-size":"auto","background-attachment":"scroll","background-type":"","background-media":"","overlay-type":"","overlay-color":"","overlay-opacity":"","overlay-gradient":""},"tablet":{"background-color":"","background-image":"","background-repeat":"repeat","background-position":"center center","background-size":"auto","background-attachment":"scroll","background-type":"","background-media":"","overlay-type":"","overlay-color":"","overlay-opacity":"","overlay-gradient":""},"mobile":{"background-color":"","background-image":"","background-repeat":"repeat","background-position":"center center","background-size":"auto","background-attachment":"scroll","background-type":"","background-media":"","overlay-type":"","overlay-color":"","overlay-opacity":"","overlay-gradient":""}},"ast-content-background-meta":{"desktop":{"background-color":"var(--ast-global-color-5)","background-image":"","background-repeat":"repeat","background-position":"center center","background-size":"auto","background-attachment":"scroll","background-type":"","background-media":"","overlay-type":"","overlay-color":"","overlay-opacity":"","overlay-gradient":""},"tablet":{"background-color":"var(--ast-global-color-5)","background-image":"","background-repeat":"repeat","background-position":"center center","background-size":"auto","background-attachment":"scroll","background-type":"","background-media":"","overlay-type":"","overlay-color":"","overlay-opacity":"","overlay-gradient":""},"mobile":{"background-color":"var(--ast-global-color-5)","background-image":"","background-repeat":"repeat","background-position":"center center","background-size":"auto","background-attachment":"scroll","background-type":"","background-media":"","overlay-type":"","overlay-color":"","overlay-opacity":"","overlay-gradient":""}},"footnotes":""},"class_list":["post-1949","page","type-page","status-publish","hentry"],"uagb_featured_image_src":{"full":false,"thumbnail":false,"medium":false,"medium_large":false,"large":false,"1536x1536":false,"2048x2048":false},"uagb_author_info":{"display_name":"Steve","author_link":"https:\/\/luxuryvillaalvor.com\/es\/author\/steve\/"},"uagb_comment_info":0,"uagb_excerpt":"Vida al aire libre Casa Da Cisterna ofrece una excepcional vida al aire libre, con un vasto patio de 500 m\u00b2, piscina y zona de aparcamiento que se dobla como un impresionante espacio de entretenimiento. Las modernas baldosas y la hermosa iluminaci\u00f3n del entorno crean un ambiente limpio y contempor\u00e1neo, ideal tanto para relajarse como&hellip;","_links":{"self":[{"href":"https:\/\/luxuryvillaalvor.com\/es\/wp-json\/wp\/v2\/pages\/1949","targetHints":{"allow":["GET"]}}],"collection":[{"href":"https:\/\/luxuryvillaalvor.com\/es\/wp-json\/wp\/v2\/pages"}],"about":[{"href":"https:\/\/luxuryvillaalvor.com\/es\/wp-json\/wp\/v2\/types\/page"}],"author":[{"embeddable":true,"href":"https:\/\/luxuryvillaalvor.com\/es\/wp-json\/wp\/v2\/users\/3"}],"replies":[{"embeddable":true,"href":"https:\/\/luxuryvillaalvor.com\/es\/wp-json\/wp\/v2\/comments?post=1949"}],"version-history":[{"count":8,"href":"https:\/\/luxuryvillaalvor.com\/es\/wp-json\/wp\/v2\/pages\/1949\/revisions"}],"predecessor-version":[{"id":2030,"href":"https:\/\/luxuryvillaalvor.com\/es\/wp-json\/wp\/v2\/pages\/1949\/revisions\/2030"}],"wp:attachment":[{"href":"https:\/\/luxuryvillaalvor.com\/es\/wp-json\/wp\/v2\/media?parent=1949"}],"curies":[{"name":"wp","href":"https:\/\/api.w.org\/{rel}","templated":true}]}}