{"id":1276,"date":"2023-08-14T13:41:00","date_gmt":"2023-08-14T13:41:00","guid":{"rendered":"https:\/\/luxuryvillaalvor.com\/politica-de-cookies\/"},"modified":"2024-07-12T12:21:33","modified_gmt":"2024-07-12T12:21:33","slug":"politica-de-cookies","status":"publish","type":"page","link":"https:\/\/luxuryvillaalvor.com\/es\/politica-de-cookies\/","title":{"rendered":"Pol\u00edtica de cookies"},"content":{"rendered":"\n<p><strong>INFORMACI\u00d3N SOBRE NUESTRO USO DE COOKIES<\/strong>&nbsp;<\/p>\n\n\n\n<p>Nuestro sitio web utiliza cookies y tecnolog\u00edas similares para distinguirle de otros usuarios de nuestro sitio web. Esto nos ayuda a proporcionarle una buena experiencia cuando navega por nuestro sitio web y tambi\u00e9n nos permite mejorarlo. Se considera que acepta nuestra Pol\u00edtica de Cookies si contin\u00faa utilizando nuestro sitio. Si no est\u00e1 de acuerdo con nuestra Pol\u00edtica de Cookies, deje de utilizar nuestro sitio inmediatamente.&nbsp;<\/p>\n\n\n\n<p>Una cookie es un peque\u00f1o archivo de letras y n\u00fameros que almacenamos en su navegador o en el disco duro de su ordenador si usted est\u00e1 de acuerdo. Las cookies contienen informaci\u00f3n que se transfiere al disco duro de su ordenador. Las cookies son utilizadas por casi todos los sitios web y no da\u00f1an su sistema.&nbsp;<\/p>\n\n\n\n<p><strong>\u00bfC\u00d3MO UTILIZA COOKIES NUESTRO SITIO WEB?<\/strong>&nbsp;<\/p>\n\n\n\n<p>Nuestro sitio puede colocar y acceder a determinadas cookies de origen en su ordenador o dispositivo. Las cookies de origen son aquellas colocadas directamente por nosotros y son utilizadas \u00fanicamente por nosotros. Utilizamos cookies para facilitar y mejorar su experiencia en nuestro sitio y para proporcionar y mejorar nuestros productos y\/o servicios. Hemos elegido cuidadosamente estas cookies y hemos tomado medidas para garantizar que su privacidad y sus datos personales est\u00e9n protegidos y se respeten en todo momento.&nbsp;<\/p>\n\n\n\n<p>Al utilizar nuestro sitio tambi\u00e9n puede recibir determinadas cookies de terceros en su ordenador o dispositivo. Las cookies de terceros son aquellas colocadas por sitios web, servicios y\/o partes distintas de nosotros. En nuestro sitio se utilizan cookies de terceros para servicios publicitarios.&nbsp;<\/p>\n\n\n\n<p>Todas las cookies utilizadas por y en nuestro sitio se utilizan de conformidad con la legislaci\u00f3n vigente. Podemos utilizar todos o algunos de los siguientes tipos de cookies:&nbsp;<\/p>\n\n\n\n<ul class=\"wp-block-list\">\n<li>Cookies estrictamente necesarias. Se trata de cookies necesarias para el funcionamiento de nuestro sitio web. Incluyen, por ejemplo, cookies que le permiten iniciar sesi\u00f3n en zonas seguras de nuestro sitio web, utilizar un carrito de la compra o hacer uso de servicios de facturaci\u00f3n electr\u00f3nica. Estas cookies no pueden desactivarse. Sin estas cookies no se pueden prestar estos servicios. Estas cookies no recopilan informaci\u00f3n sobre usted que pueda utilizarse con fines de marketing o para recordar d\u00f3nde ha estado en Internet.&nbsp;<\/li>\n\n\n\n<li>Cookies anal\u00edticas\/de rendimiento. Nos permiten reconocer y contar el n\u00famero de visitantes y ver c\u00f3mo se mueven por nuestro sitio web cuando lo utilizan. Esto nos ayuda a mejorar el funcionamiento de nuestro sitio web, por ejemplo, garantizando que los usuarios encuentren f\u00e1cilmente lo que buscan.&nbsp;<\/li>\n<\/ul>\n\n\n\n<ul class=\"wp-block-list\">\n<li>Cookies de funcionalidad. Se utilizan para reconocerle cuando vuelve a nuestro sitio web. Esto nos permite personalizar nuestro contenido para usted, saludarle por su nombre y recordar sus preferencias (por ejemplo, su elecci\u00f3n de idioma o regi\u00f3n).&nbsp;<\/li>\n\n\n\n<li>Cookies de segmentaci\u00f3n. Estas cookies registran su visita a nuestro sitio web, las p\u00e1ginas que ha visitado y los enlaces que ha seguido. Utilizaremos esta informaci\u00f3n para que nuestro sitio web y la publicidad que en \u00e9l se muestra se ajusten m\u00e1s a sus intereses. Tambi\u00e9n podemos compartir esta informaci\u00f3n con terceros con este fin.&nbsp;<\/li>\n\n\n\n<li>Cookies persistentes. Una cookie persistente se almacena como un archivo en su ordenador y permanece all\u00ed cuando usted cierra su navegador web. La cookie puede ser le\u00edda por el sitio web que la cre\u00f3 cuando usted vuelve a visitar ese sitio web. Utilizamos cookies persistentes para Google Analytics.&nbsp;<\/li>\n\n\n\n<li>Cookies de sesi\u00f3n. Una cookie de sesi\u00f3n es temporal y s\u00f3lo permanece en su ordenador desde el momento en que visita nuestro sitio hasta que cierra su navegador. Se eliminan autom\u00e1ticamente al cerrar el navegador.&nbsp;<\/li>\n<\/ul>\n\n\n\n<p><strong>\u00bfQU\u00c9 COOKIES UTILIZA NUESTRO SITIO WEB?<\/strong>&nbsp;<\/p>\n\n\n\n<ul class=\"wp-block-list\">\n<li>Nuestro sitio utiliza servicios de an\u00e1lisis proporcionados por Google Analytics. La anal\u00edtica de sitios web hace referencia a un conjunto de herramientas utilizadas para recopilar y analizar informaci\u00f3n an\u00f3nima de uso que nos permite comprender mejor c\u00f3mo se utiliza nuestro sitio. Esto, a su vez, nos permite mejorar nuestro sitio, as\u00ed como los productos o servicios ofrecidos. Los servicios anal\u00edticos utilizados por nuestro sitio utilizan cookies anal\u00edticas para recopilar informaci\u00f3n. Usted no tiene que permitirnos utilizar estas cookies, sin embargo, nuestro uso de ellas no supone ning\u00fan riesgo para su privacidad o el uso seguro de nuestro sitio, ya que la informaci\u00f3n recopilada es an\u00f3nima.&nbsp;<\/li>\n\n\n\n<li>Nuestro sitio tambi\u00e9n utiliza cookies de remarketing de Google Adwords. Se trata de cookies utilizadas por Google vinculadas a anuncios publicados en Internet por Google, incluidos sitios web de terceros. Google utiliza estas cookies para rastrear el acceso a nuestro sitio web desde esos anuncios, as\u00ed como para recopilar otros datos.&nbsp;<\/li>\n\n\n\n<li>Nuestro sitio utiliza cookies relacionadas con enlaces externos a Google, Facebook y Youtube &#8211; estas cookies son esenciales para la visualizaci\u00f3n de v\u00eddeos y enlaces a nuestro sitio.&nbsp;<\/li>\n\n\n\n<li>Nuestro sitio utiliza cookies de WordPress que se utilizan para la funcionalidad del sitio web, incluyendo el carrito de la compra.&nbsp;<\/li>\n<\/ul>\n\n\n\n<p><strong>CONSENTIMIENTO Y CONTROL<\/strong>&nbsp;<\/p>\n\n\n\n<p>Puede bloquear las cookies activando la configuraci\u00f3n de su navegador que le permite rechazar la instalaci\u00f3n de todas o algunas cookies. No obstante, si utiliza la configuraci\u00f3n de su navegador para bloquear todas las cookies (incluidas las cookies esenciales), es posible que no pueda acceder a la totalidad o a partes de nuestro sitio.&nbsp;<\/p>\n\n\n\n<p><strong>M\u00e1s informaci\u00f3n<\/strong>&nbsp;<\/p>\n\n\n\n<p>Si desea obtener m\u00e1s informaci\u00f3n sobre c\u00f3mo utilizamos las cookies, p\u00f3ngase en contacto con nosotros por: Correo electr\u00f3nico: info@luxuryvillaalvor.com o escriba a MJ&amp;PM Properties Limited, Duel House, Llandowlais Street, Cwmbran, NP44 7XB, Reino Unido.&nbsp;<\/p>\n\n\n\n<p>14\/08\/2023&nbsp;<\/p>\n","protected":false},"excerpt":{"rendered":"<p>INFORMACI\u00d3N SOBRE NUESTRO USO DE COOKIES&nbsp; Nuestro sitio web utiliza cookies y tecnolog\u00edas similares para distinguirle de otros usuarios de nuestro sitio web. Esto nos ayuda a proporcionarle una buena experiencia cuando navega por nuestro sitio web y tambi\u00e9n nos permite mejorarlo. Se considera que acepta nuestra Pol\u00edtica de Cookies si contin\u00faa utilizando nuestro sitio. [&hellip;]<\/p>\n","protected":false},"author":3,"featured_media":0,"parent":0,"menu_order":0,"comment_status":"closed","ping_status":"closed","template":"","meta":{"_uag_custom_page_level_css":"","site-sidebar-layout":"default","site-content-layout":"","ast-site-content-layout":"default","site-content-style":"default","site-sidebar-style":"default","ast-global-header-display":"","ast-banner-title-visibility":"","ast-main-header-display":"","ast-hfb-above-header-display":"","ast-hfb-below-header-display":"","ast-hfb-mobile-header-display":"","site-post-title":"disabled","ast-breadcrumbs-content":"","ast-featured-img":"","footer-sml-layout":"","ast-disable-related-posts":"","theme-transparent-header-meta":"","adv-header-id-meta":"","stick-header-meta":"","header-above-stick-meta":"","header-main-stick-meta":"","header-below-stick-meta":"","astra-migrate-meta-layouts":"default","ast-page-background-enabled":"default","ast-page-background-meta":{"desktop":{"background-color":"var(--ast-global-color-4)","background-image":"","background-repeat":"repeat","background-position":"center center","background-size":"auto","background-attachment":"scroll","background-type":"","background-media":"","overlay-type":"","overlay-color":"","overlay-opacity":"","overlay-gradient":""},"tablet":{"background-color":"","background-image":"","background-repeat":"repeat","background-position":"center center","background-size":"auto","background-attachment":"scroll","background-type":"","background-media":"","overlay-type":"","overlay-color":"","overlay-opacity":"","overlay-gradient":""},"mobile":{"background-color":"","background-image":"","background-repeat":"repeat","background-position":"center center","background-size":"auto","background-attachment":"scroll","background-type":"","background-media":"","overlay-type":"","overlay-color":"","overlay-opacity":"","overlay-gradient":""}},"ast-content-background-meta":{"desktop":{"background-color":"var(--ast-global-color-5)","background-image":"","background-repeat":"repeat","background-position":"center center","background-size":"auto","background-attachment":"scroll","background-type":"","background-media":"","overlay-type":"","overlay-color":"","overlay-opacity":"","overlay-gradient":""},"tablet":{"background-color":"var(--ast-global-color-5)","background-image":"","background-repeat":"repeat","background-position":"center center","background-size":"auto","background-attachment":"scroll","background-type":"","background-media":"","overlay-type":"","overlay-color":"","overlay-opacity":"","overlay-gradient":""},"mobile":{"background-color":"var(--ast-global-color-5)","background-image":"","background-repeat":"repeat","background-position":"center center","background-size":"auto","background-attachment":"scroll","background-type":"","background-media":"","overlay-type":"","overlay-color":"","overlay-opacity":"","overlay-gradient":""}},"footnotes":""},"class_list":["post-1276","page","type-page","status-publish","hentry"],"uagb_featured_image_src":{"full":false,"thumbnail":false,"medium":false,"medium_large":false,"large":false,"1536x1536":false,"2048x2048":false},"uagb_author_info":{"display_name":"Steve","author_link":"https:\/\/luxuryvillaalvor.com\/es\/author\/steve\/"},"uagb_comment_info":0,"uagb_excerpt":"INFORMACI\u00d3N SOBRE NUESTRO USO DE COOKIES&nbsp; Nuestro sitio web utiliza cookies y tecnolog\u00edas similares para distinguirle de otros usuarios de nuestro sitio web. Esto nos ayuda a proporcionarle una buena experiencia cuando navega por nuestro sitio web y tambi\u00e9n nos permite mejorarlo. Se considera que acepta nuestra Pol\u00edtica de Cookies si contin\u00faa utilizando nuestro sitio.&hellip;","_links":{"self":[{"href":"https:\/\/luxuryvillaalvor.com\/es\/wp-json\/wp\/v2\/pages\/1276","targetHints":{"allow":["GET"]}}],"collection":[{"href":"https:\/\/luxuryvillaalvor.com\/es\/wp-json\/wp\/v2\/pages"}],"about":[{"href":"https:\/\/luxuryvillaalvor.com\/es\/wp-json\/wp\/v2\/types\/page"}],"author":[{"embeddable":true,"href":"https:\/\/luxuryvillaalvor.com\/es\/wp-json\/wp\/v2\/users\/3"}],"replies":[{"embeddable":true,"href":"https:\/\/luxuryvillaalvor.com\/es\/wp-json\/wp\/v2\/comments?post=1276"}],"version-history":[{"count":1,"href":"https:\/\/luxuryvillaalvor.com\/es\/wp-json\/wp\/v2\/pages\/1276\/revisions"}],"predecessor-version":[{"id":1614,"href":"https:\/\/luxuryvillaalvor.com\/es\/wp-json\/wp\/v2\/pages\/1276\/revisions\/1614"}],"wp:attachment":[{"href":"https:\/\/luxuryvillaalvor.com\/es\/wp-json\/wp\/v2\/media?parent=1276"}],"curies":[{"name":"wp","href":"https:\/\/api.w.org\/{rel}","templated":true}]}}