{"id":1272,"date":"2022-04-02T06:22:14","date_gmt":"2022-04-02T06:22:14","guid":{"rendered":"https:\/\/luxuryvillaalvor.com\/ubicacion\/"},"modified":"2025-01-07T09:11:26","modified_gmt":"2025-01-07T09:11:26","slug":"ubicacion","status":"publish","type":"page","link":"https:\/\/luxuryvillaalvor.com\/es\/ubicacion\/","title":{"rendered":"Ubicaci\u00f3n"},"content":{"rendered":"\n<div class=\"wp-block-uagb-container uagb-block-a7983404 alignfull uagb-is-root-container\"><div class=\"uagb-container-inner-blocks-wrap\">\n<div class=\"wp-block-uagb-advanced-heading uagb-block-5affae94\"><h1 class=\"uagb-heading-text\">Ubicaci\u00f3n<\/h1><\/div>\n<\/div><\/div>\n\n\n\n<div class=\"wp-block-uagb-container uagb-block-56439a2d alignfull uagb-is-root-container\">\n<div class=\"wp-block-uagb-image aligncenter uagb-block-f459691b wp-block-uagb-image--layout-default wp-block-uagb-image--effect-static wp-block-uagb-image--align-center\"><figure class=\"wp-block-uagb-image__figure\"><img decoding=\"async\" srcset=\"https:\/\/luxuryvillaalvor.com\/wp-content\/uploads\/2023\/08\/IMG_2351-1024x768.jpeg\n \" sizes=\"auto, (max-width: 480px) 150px\" src=\"https:\/\/luxuryvillaalvor.com\/wp-content\/uploads\/2023\/08\/IMG_2351-1024x768.jpeg\" alt=\"\" class=\"uag-image-918\" width=\"1300\" height=\"768\" title=\"\" loading=\"lazy\" role=\"img\"><\/figure><\/div>\n<\/div>\n\n\n\n<div class=\"wp-block-uagb-container uagb-block-8f161603 alignfull uagb-is-root-container\"><div class=\"uagb-container-inner-blocks-wrap\">\n<p>Bienvenido a nuestra exquisita villa situada en Alvor y muy cerca de Praia da Rocha.Esta fant\u00e1stica ubicaci\u00f3n ofrece una experiencia vacacional sin igual, combinando tranquilidad, lujo y una pl\u00e9tora de emocionantes actividades para disfrutar.<\/p>\n\n\n\n<p>Uno de los aspectos m\u00e1s destacados de esta zona es la abundancia de restaurantes de alta calidad para todos los gustos. A poca distancia de la villa, encontrar\u00e1 los famosos restaurantes de marisco de Alvor, que sirven las capturas m\u00e1s frescas del d\u00eda. Desde suculentos pescados a la parrilla hasta deliciosas bandejas de marisco, estas joyas culinarias ofrecen un aut\u00e9ntico sabor del Algarve.<\/p>\n\n\n\n<p>Los amantes de la playa podr\u00e1n elegir entre las cercanas Praia da Rocha y Alvor. Praia da Rocha es una impresionante extensi\u00f3n de arena dorada, respaldada por impresionantes acantilados y aguas cristalinas. Es perfecta para tomar el sol, practicar deportes de playa y dar rom\u00e1nticos paseos al atardecer. Por otro lado, la playa de Alvor, con su ambiente m\u00e1s relajado, es ideal para los que buscan relax y tranquilidad.<\/p>\n\n\n\n<p>Los amantes de las emociones fuertes encontrar\u00e1n una gran variedad de actividades emocionantes en las que participar. Las cercanas instalaciones para deportes acu\u00e1ticos ofrecen la posibilidad de practicar surf, paddleboard y moto acu\u00e1tica, proporcionando una descarga de adrenalina en medio de la belleza natural.<\/p>\n\n\n\n<p>Para un toque de historia y cultura, haga una excursi\u00f3n a la hist\u00f3rica ciudad de Alvor, donde le esperan calles adoquinadas, edificios con encanto y una iglesia del siglo XVI. Este pintoresco pueblo pesquero desprende encanto y ofrece una visi\u00f3n del rico patrimonio portugu\u00e9s.<\/p>\n\n\n\n<p>Para los amantes del golf, la regi\u00f3n cuenta con algunos de los mejores campos de Europa. D\u00e9 el primer golpe en medio de unas vistas impresionantes y enfr\u00e9ntese a un reto en greens y calles en buen estado.<\/p>\n<\/div><\/div>\n\n\n\n<div class=\"wp-block-uagb-container uagb-block-f926a6b1 alignfull uagb-is-root-container\"><div class=\"uagb-container-inner-blocks-wrap\">\n<div class=\"wp-block-uagb-advanced-heading uagb-block-160c218b\"><h2 class=\"uagb-heading-text\">Galer\u00eda<\/h2><\/div>\n\n\n\n<div class=\"wp-block-uagb-container uagb-block-a781bd51\">\n<div class=\"wp-block-uagb-container uagb-block-f08fefa1\">\n<div class=\"wp-block-uagb-image uagb-block-26f25db6 wp-block-uagb-image--layout-default wp-block-uagb-image--effect-static wp-block-uagb-image--align-none\"><figure class=\"wp-block-uagb-image__figure\"><img decoding=\"async\" srcset=\"https:\/\/luxuryvillaalvor.com\/wp-content\/uploads\/2023\/06\/IMG_2426-1024x768.jpeg , https:\/\/luxuryvillaalvor.com\/wp-content\/uploads\/2023\/06\/IMG_2426-1024x768.jpeg 360w\" sizes=\"auto, (max-width: 480px) 150px\" src=\"https:\/\/luxuryvillaalvor.com\/wp-content\/uploads\/2023\/06\/IMG_2426-1024x768.jpeg\" alt=\"\" class=\"uag-image-79\" width=\"1024\" height=\"768\" title=\"\" loading=\"lazy\" role=\"img\"><\/figure><\/div>\n<\/div>\n\n\n\n<div class=\"wp-block-uagb-container uagb-block-264d4309\">\n<div class=\"wp-block-uagb-image uagb-block-8947d715 wp-block-uagb-image--layout-default wp-block-uagb-image--effect-static wp-block-uagb-image--align-none\"><figure class=\"wp-block-uagb-image__figure\"><img decoding=\"async\" srcset=\"https:\/\/luxuryvillaalvor.com\/wp-content\/uploads\/2023\/06\/IMG_2266-1024x768.jpeg , https:\/\/luxuryvillaalvor.com\/wp-content\/uploads\/2023\/06\/IMG_2266-1024x768.jpeg 360w\" sizes=\"auto, (max-width: 480px) 150px\" src=\"https:\/\/luxuryvillaalvor.com\/wp-content\/uploads\/2023\/06\/IMG_2266-1024x768.jpeg\" alt=\"\" class=\"uag-image-75\" width=\"1024\" height=\"768\" title=\"\" loading=\"lazy\" role=\"img\"><\/figure><\/div>\n<\/div>\n\n\n\n<div class=\"wp-block-uagb-container uagb-block-07a89390\">\n<div class=\"wp-block-uagb-image uagb-block-ae1ea98e wp-block-uagb-image--layout-default wp-block-uagb-image--effect-static wp-block-uagb-image--align-none\"><figure class=\"wp-block-uagb-image__figure\"><img decoding=\"async\" srcset=\"https:\/\/luxuryvillaalvor.com\/wp-content\/uploads\/2023\/06\/IMG_2251-1024x768.jpeg , https:\/\/luxuryvillaalvor.com\/wp-content\/uploads\/2023\/06\/IMG_2251-1024x768.jpeg 360w\" sizes=\"auto, (max-width: 480px) 150px\" src=\"https:\/\/luxuryvillaalvor.com\/wp-content\/uploads\/2023\/06\/IMG_2251-1024x768.jpeg\" alt=\"\" class=\"uag-image-74\" width=\"1024\" height=\"768\" title=\"\" loading=\"lazy\" role=\"img\"><\/figure><\/div>\n<\/div>\n<\/div>\n\n\n\n<div class=\"wp-block-uagb-container uagb-block-d2e9d0d6\">\n<div class=\"wp-block-uagb-container uagb-block-be48d8b1\">\n<div class=\"wp-block-uagb-image uagb-block-3cf3b2a4 wp-block-uagb-image--layout-default wp-block-uagb-image--effect-static wp-block-uagb-image--align-none\"><figure class=\"wp-block-uagb-image__figure\"><img decoding=\"async\" srcset=\"https:\/\/luxuryvillaalvor.com\/wp-content\/uploads\/2023\/06\/IMG_2278-1024x768.jpeg , https:\/\/luxuryvillaalvor.com\/wp-content\/uploads\/2023\/06\/IMG_2278-1024x768.jpeg 360w\" sizes=\"auto, (max-width: 480px) 150px\" src=\"https:\/\/luxuryvillaalvor.com\/wp-content\/uploads\/2023\/06\/IMG_2278-1024x768.jpeg\" alt=\"\" class=\"uag-image-78\" width=\"1024\" height=\"768\" title=\"\" loading=\"lazy\" role=\"img\"><\/figure><\/div>\n<\/div>\n\n\n\n<div class=\"wp-block-uagb-container uagb-block-7521ace2\">\n<div class=\"wp-block-uagb-image uagb-block-7ad9ec1a wp-block-uagb-image--layout-default wp-block-uagb-image--effect-static wp-block-uagb-image--align-none\"><figure class=\"wp-block-uagb-image__figure\"><img decoding=\"async\" srcset=\"https:\/\/luxuryvillaalvor.com\/wp-content\/uploads\/2023\/06\/IMG_2208-1024x768.jpeg , https:\/\/luxuryvillaalvor.com\/wp-content\/uploads\/2023\/06\/IMG_2208-1024x768.jpeg 360w\" sizes=\"auto, (max-width: 480px) 150px\" src=\"https:\/\/luxuryvillaalvor.com\/wp-content\/uploads\/2023\/06\/IMG_2208-1024x768.jpeg\" alt=\"\" class=\"uag-image-71\" width=\"1024\" height=\"768\" title=\"\" loading=\"lazy\" role=\"img\"><\/figure><\/div>\n<\/div>\n\n\n\n<div class=\"wp-block-uagb-container uagb-block-b9a7171b\">\n<div class=\"wp-block-uagb-image uagb-block-e700151a wp-block-uagb-image--layout-default wp-block-uagb-image--effect-static wp-block-uagb-image--align-none\"><figure class=\"wp-block-uagb-image__figure\"><img decoding=\"async\" srcset=\"https:\/\/luxuryvillaalvor.com\/wp-content\/uploads\/2023\/06\/IMG_2159-1024x768.jpeg , https:\/\/luxuryvillaalvor.com\/wp-content\/uploads\/2023\/06\/IMG_2159-1024x768.jpeg 360w\" sizes=\"auto, (max-width: 480px) 150px\" src=\"https:\/\/luxuryvillaalvor.com\/wp-content\/uploads\/2023\/06\/IMG_2159-1024x768.jpeg\" alt=\"\" class=\"uag-image-58\" width=\"1024\" height=\"768\" title=\"\" loading=\"lazy\" role=\"img\"><\/figure><\/div>\n<\/div>\n<\/div>\n<\/div><\/div>\n\n\n\n<div class=\"wp-block-uagb-container uagb-block-427a50f2 alignfull uagb-is-root-container\"><div class=\"uagb-container-inner-blocks-wrap\">\n<div class=\"wp-block-uagb-container uagb-block-8a138be3\">\n<div class=\"wp-block-uagb-advanced-heading uagb-block-afce62b0\"><h2 class=\"uagb-heading-text\">Lugares de inter\u00e9s<\/h2><\/div>\n\n\n\n<div class=\"wp-block-group is-nowrap is-layout-flex wp-container-core-group-is-layout-6c531013 wp-block-group-is-layout-flex\">\n<div class=\"wp-block-uagb-container uagb-block-a2a0d603\">\n<div class=\"wp-block-uagb-container uagb-block-1d4fefc0\">\n<div class=\"wp-block-uagb-info-box uagb-block-e87b1e2c uagb-infobox__content-wrap uagb-infobox-icon-above-title uagb-infobox-image-valign-top\"><div class=\"uagb-ifb-content\"><div class=\"uagb-ifb-title-wrap\"><h3 class=\"uagb-ifb-title\">Iglesia del Divino Salvador<\/h3><\/div><p class=\"uagb-ifb-desc\">Una iglesia algarv\u00eda del siglo XVI<br>que merece la pena visitar, enclavada en las callejuelas de Alvor.<\/p><\/div><\/div>\n<\/div>\n<\/div>\n\n\n\n<div class=\"wp-block-uagb-container uagb-block-7fd01e87\">\n<div class=\"wp-block-uagb-image uagb-block-b33026df wp-block-uagb-image--layout-default wp-block-uagb-image--effect-static wp-block-uagb-image--align-none\"><figure class=\"wp-block-uagb-image__figure\"><img decoding=\"async\" srcset=\"https:\/\/luxuryvillaalvor.com\/wp-content\/uploads\/2023\/08\/Church-of-the-Divine-Saviour-1024x682.png\n \" sizes=\"auto, (max-width: 480px) 150px\" src=\"https:\/\/luxuryvillaalvor.com\/wp-content\/uploads\/2023\/08\/Church-of-the-Divine-Saviour-1024x682.png\" alt=\"\" class=\"uag-image-1252\" width=\"1024\" height=\"682\" title=\"\" loading=\"lazy\" role=\"img\"><\/figure><\/div>\n<\/div>\n<\/div>\n\n\n\n<div class=\"wp-block-group is-nowrap is-layout-flex wp-container-core-group-is-layout-6c531013 wp-block-group-is-layout-flex\">\n<div class=\"wp-block-uagb-container uagb-block-52886f1b\">\n<div class=\"wp-block-uagb-image uagb-block-80a37b4f wp-block-uagb-image--layout-default wp-block-uagb-image--effect-static wp-block-uagb-image--align-none\"><figure class=\"wp-block-uagb-image__figure\"><img decoding=\"async\" srcset=\"https:\/\/luxuryvillaalvor.com\/wp-content\/uploads\/2023\/08\/Alvor-Boardwalk-1024x682.png\n \" sizes=\"auto, (max-width: 480px) 150px\" src=\"https:\/\/luxuryvillaalvor.com\/wp-content\/uploads\/2023\/08\/Alvor-Boardwalk-1024x682.png\" alt=\"\" class=\"uag-image-1243\" width=\"1024\" height=\"682\" title=\"\" loading=\"lazy\" role=\"img\"><\/figure><\/div>\n<\/div>\n\n\n\n<div class=\"wp-block-uagb-container uagb-block-daf8ffff\">\n<div class=\"wp-block-uagb-container uagb-block-bcc9b728\">\n<div class=\"wp-block-uagb-info-box uagb-block-a0823bae uagb-infobox__content-wrap uagb-infobox-icon-above-title uagb-infobox-image-valign-top\"><div class=\"uagb-ifb-content\"><div class=\"uagb-ifb-title-wrap\"><h3 class=\"uagb-ifb-title\">Paseo mar\u00edtimo de Alvor<\/h3><\/div><p class=\"uagb-ifb-desc\">Simplemente precioso. Tranquilo, buenas vistas &#8211; perfecto. Una buena forma de hacer ejercicio y disfrutar de las vistas.<\/p><\/div><\/div>\n<\/div>\n<\/div>\n<\/div>\n\n\n\n<div class=\"wp-block-group is-nowrap is-layout-flex wp-container-core-group-is-layout-6c531013 wp-block-group-is-layout-flex\">\n<div class=\"wp-block-uagb-container uagb-block-fb125c76\">\n<div class=\"wp-block-uagb-container uagb-block-0d787d6e\">\n<div class=\"wp-block-uagb-info-box uagb-block-bebdbe86 uagb-infobox__content-wrap uagb-infobox-icon-above-title uagb-infobox-image-valign-top\"><div class=\"uagb-ifb-content\"><div class=\"uagb-ifb-title-wrap\"><h3 class=\"uagb-ifb-title\">Playa dos Tr\u00eas Irm\u00e3os<\/h3><\/div><p class=\"uagb-ifb-desc\">Una de las playas m\u00e1s bonitas de la zona de Portim\u00e3o. Es famoso por sus impresionantes formaciones rocosas. \u00a1Busca el bar escondido!<\/p><\/div><\/div>\n<\/div>\n<\/div>\n\n\n\n<div class=\"wp-block-uagb-container uagb-block-eb6be045\">\n<div class=\"wp-block-uagb-image uagb-block-67b94c13 wp-block-uagb-image--layout-default wp-block-uagb-image--effect-static wp-block-uagb-image--align-none\"><figure class=\"wp-block-uagb-image__figure\"><img decoding=\"async\" srcset=\"https:\/\/luxuryvillaalvor.com\/wp-content\/uploads\/2023\/08\/Praia-dos-Tres-Irmaos-1024x682.jpeg\n \" sizes=\"auto, (max-width: 480px) 150px\" src=\"https:\/\/luxuryvillaalvor.com\/wp-content\/uploads\/2023\/08\/Praia-dos-Tres-Irmaos-1024x682.jpeg\" alt=\"\" class=\"uag-image-1255\" width=\"1024\" height=\"682\" title=\"\" loading=\"lazy\" role=\"img\"><\/figure><\/div>\n<\/div>\n<\/div>\n\n\n\n<div class=\"wp-block-group is-nowrap is-layout-flex wp-container-core-group-is-layout-6c531013 wp-block-group-is-layout-flex\">\n<div class=\"wp-block-uagb-container uagb-block-eac373d2\">\n<div class=\"wp-block-uagb-image uagb-block-46924d1e wp-block-uagb-image--layout-default wp-block-uagb-image--effect-static wp-block-uagb-image--align-none\"><figure class=\"wp-block-uagb-image__figure\"><img decoding=\"async\" srcset=\"https:\/\/luxuryvillaalvor.com\/wp-content\/uploads\/2023\/08\/Alvor-farmers-market-1024x682.jpg\n \" sizes=\"auto, (max-width: 480px) 150px\" src=\"https:\/\/luxuryvillaalvor.com\/wp-content\/uploads\/2023\/08\/Alvor-farmers-market-1024x682.jpg\" alt=\"\" class=\"uag-image-1246\" width=\"1024\" height=\"682\" title=\"\" loading=\"lazy\" role=\"img\"><\/figure><\/div>\n<\/div>\n\n\n\n<div class=\"wp-block-uagb-container uagb-block-7e4475cd\">\n<div class=\"wp-block-uagb-container uagb-block-10dfa291\">\n<div class=\"wp-block-uagb-info-box uagb-block-ad660073 uagb-infobox__content-wrap uagb-infobox-icon-above-title uagb-infobox-image-valign-top\"><div class=\"uagb-ifb-content\"><div class=\"uagb-ifb-title-wrap\"><h3 class=\"uagb-ifb-title\">Mercado agr\u00edcola de Alvor<\/h3><\/div><p class=\"uagb-ifb-desc\">Abierto todos los domingos por la ma\u00f1ana entre las 08:00 y las 13:00<br>Una buena variedad de fruta y verdura fresca con algunos productos artesanos caseros.<\/p><\/div><\/div>\n<\/div>\n<\/div>\n<\/div>\n<\/div>\n<\/div><\/div>\n\n\n\n<div class=\"wp-block-uagb-container uagb-block-4a89696c alignfull uagb-is-root-container\"><div class=\"uagb-container-inner-blocks-wrap\">\n<div class=\"wp-block-uagb-advanced-heading uagb-block-a0011f6c\"><h2 class=\"uagb-heading-text\">Solicitar informaci\u00f3n<\/h2><p class=\"uagb-desc-text\">Correo electr\u00f3nico:&nbsp;<a href=\"mailto:info@luxuryvillaalvor.com\">info@luxuryvillaalvor.com<\/a><br>Tel\u00e9fono: +44 (0)7970 491 318<\/p><\/div>\n\n\n\n<script type=\"text\/javascript\" class=\"\" src=\"https:\/\/app.lodgify.com\/portable-search-bar\/stable\/renderPortableSearchBar.js\"><\/script>\n<div><div id=\"lodgify-search-bar\" data-website-id=\"451147\" data-language-code=\"en\" data-checkout-page-url=\"https:\/\/checkout.lodgify.com\/luxuryvillaalvor\/en\/#\/495200\" data-dates-check-in-label=\"Arrival\" data-dates-check-out-label=\"Departure\" data-guests-counter-label=\"Guest\" data-guests-input-singular-label=\"{&lt;wpml_curved wpml_value='NumberOfGuests'&gt;&lt;\/wpml_curved&gt;} guest\" data-guests-input-plural-label=\"{&lt;wpml_curved wpml_value='NumberOfGuests'&gt;&lt;\/wpml_curved&gt;} guests\" data-location-input-label=\"Location\" data-search-button-label=\"Search\" data-new-tab=\"true\">\n  <\/div>\n  <style type=\"text\/css\">\n  html {\n    --lodgify-ui-action-color: #fac600;\n    --lodgify-ui-action-darker-color: #c89e00;\n    --lodgify-ui-action-lighter-color: #fde899;\n    --lodgify-ui-action-contrast-color: #000000;\n  }\n  <\/style>\n  <\/div>\n<\/div><\/div>\n","protected":false},"excerpt":{"rendered":"<p>Ubicaci\u00f3n Bienvenido a nuestra exquisita villa situada en Alvor y muy cerca de Praia da Rocha.Esta fant\u00e1stica ubicaci\u00f3n ofrece una experiencia vacacional sin igual, combinando tranquilidad, lujo y una pl\u00e9tora de emocionantes actividades para disfrutar. Uno de los aspectos m\u00e1s destacados de esta zona es la abundancia de restaurantes de alta calidad para todos los [&hellip;]<\/p>\n","protected":false},"author":3,"featured_media":0,"parent":0,"menu_order":0,"comment_status":"closed","ping_status":"closed","template":"","meta":{"_uag_custom_page_level_css":"","site-sidebar-layout":"no-sidebar","site-content-layout":"page-builder","ast-site-content-layout":"full-width-container","site-content-style":"unboxed","site-sidebar-style":"unboxed","ast-global-header-display":"","ast-banner-title-visibility":"","ast-main-header-display":"","ast-hfb-above-header-display":"","ast-hfb-below-header-display":"","ast-hfb-mobile-header-display":"","site-post-title":"disabled","ast-breadcrumbs-content":"","ast-featured-img":"disabled","footer-sml-layout":"","ast-disable-related-posts":"","theme-transparent-header-meta":"","adv-header-id-meta":"","stick-header-meta":"","header-above-stick-meta":"","header-main-stick-meta":"","header-below-stick-meta":"","astra-migrate-meta-layouts":"default","ast-page-background-enabled":"default","ast-page-background-meta":{"desktop":{"background-color":"var(--ast-global-color-4)","background-image":"","background-repeat":"repeat","background-position":"center center","background-size":"auto","background-attachment":"scroll","background-type":"","background-media":"","overlay-type":"","overlay-color":"","overlay-opacity":"","overlay-gradient":""},"tablet":{"background-color":"","background-image":"","background-repeat":"repeat","background-position":"center center","background-size":"auto","background-attachment":"scroll","background-type":"","background-media":"","overlay-type":"","overlay-color":"","overlay-opacity":"","overlay-gradient":""},"mobile":{"background-color":"","background-image":"","background-repeat":"repeat","background-position":"center center","background-size":"auto","background-attachment":"scroll","background-type":"","background-media":"","overlay-type":"","overlay-color":"","overlay-opacity":"","overlay-gradient":""}},"ast-content-background-meta":{"desktop":{"background-color":"var(--ast-global-color-5)","background-image":"","background-repeat":"repeat","background-position":"center center","background-size":"auto","background-attachment":"scroll","background-type":"","background-media":"","overlay-type":"","overlay-color":"","overlay-opacity":"","overlay-gradient":""},"tablet":{"background-color":"var(--ast-global-color-5)","background-image":"","background-repeat":"repeat","background-position":"center center","background-size":"auto","background-attachment":"scroll","background-type":"","background-media":"","overlay-type":"","overlay-color":"","overlay-opacity":"","overlay-gradient":""},"mobile":{"background-color":"var(--ast-global-color-5)","background-image":"","background-repeat":"repeat","background-position":"center center","background-size":"auto","background-attachment":"scroll","background-type":"","background-media":"","overlay-type":"","overlay-color":"","overlay-opacity":"","overlay-gradient":""}},"footnotes":""},"class_list":["post-1272","page","type-page","status-publish","hentry"],"uagb_featured_image_src":{"full":false,"thumbnail":false,"medium":false,"medium_large":false,"large":false,"1536x1536":false,"2048x2048":false},"uagb_author_info":{"display_name":"Steve","author_link":"https:\/\/luxuryvillaalvor.com\/es\/author\/steve\/"},"uagb_comment_info":0,"uagb_excerpt":"Ubicaci\u00f3n Bienvenido a nuestra exquisita villa situada en Alvor y muy cerca de Praia da Rocha.Esta fant\u00e1stica ubicaci\u00f3n ofrece una experiencia vacacional sin igual, combinando tranquilidad, lujo y una pl\u00e9tora de emocionantes actividades para disfrutar. Uno de los aspectos m\u00e1s destacados de esta zona es la abundancia de restaurantes de alta calidad para todos los&hellip;","_links":{"self":[{"href":"https:\/\/luxuryvillaalvor.com\/es\/wp-json\/wp\/v2\/pages\/1272","targetHints":{"allow":["GET"]}}],"collection":[{"href":"https:\/\/luxuryvillaalvor.com\/es\/wp-json\/wp\/v2\/pages"}],"about":[{"href":"https:\/\/luxuryvillaalvor.com\/es\/wp-json\/wp\/v2\/types\/page"}],"author":[{"embeddable":true,"href":"https:\/\/luxuryvillaalvor.com\/es\/wp-json\/wp\/v2\/users\/3"}],"replies":[{"embeddable":true,"href":"https:\/\/luxuryvillaalvor.com\/es\/wp-json\/wp\/v2\/comments?post=1272"}],"version-history":[{"count":4,"href":"https:\/\/luxuryvillaalvor.com\/es\/wp-json\/wp\/v2\/pages\/1272\/revisions"}],"predecessor-version":[{"id":1699,"href":"https:\/\/luxuryvillaalvor.com\/es\/wp-json\/wp\/v2\/pages\/1272\/revisions\/1699"}],"wp:attachment":[{"href":"https:\/\/luxuryvillaalvor.com\/es\/wp-json\/wp\/v2\/media?parent=1272"}],"curies":[{"name":"wp","href":"https:\/\/api.w.org\/{rel}","templated":true}]}}