{"id":1269,"date":"2022-04-02T06:21:04","date_gmt":"2022-04-02T06:21:04","guid":{"rendered":"https:\/\/luxuryvillaalvor.com\/inicio\/"},"modified":"2025-06-09T08:27:10","modified_gmt":"2025-06-09T08:27:10","slug":"inicio","status":"publish","type":"page","link":"https:\/\/luxuryvillaalvor.com\/es\/","title":{"rendered":"Inicio"},"content":{"rendered":"\n<div class=\"wp-block-uagb-container uagb-block-7ee897b0 alignfull uagb-is-root-container\"><div class=\"uagb-container-inner-blocks-wrap\">\n<div class=\"wp-block-uagb-advanced-heading uagb-block-300fa91c\"><h1 class=\"uagb-heading-text\">Casa Da Cisterna <strong>Villa de Lujo Alvor, Algarve &#8211; Portugal<\/strong><\/h1><p class=\"uagb-desc-text\">Una villa de lujo \u00fanica en su clase, situada en un impresionante paisaje oce\u00e1nico entre Alvor y Praia de Rocha, con 7 dormitorios y comodidades de alta gama.<\/p><\/div>\n<\/div><\/div>\n\n\n\n<div class=\"wp-block-uagb-container uagb-block-445b0479 alignfull uagb-is-root-container\">\n<div class=\"wp-block-uagb-image aligncenter uagb-block-d0319cd9 wp-block-uagb-image--layout-default wp-block-uagb-image--effect-static wp-block-uagb-image--align-center\"><figure class=\"wp-block-uagb-image__figure\"><img decoding=\"async\" srcset=\"https:\/\/luxuryvillaalvor.com\/wp-content\/uploads\/2025\/06\/homepage-main-image-1024x768.jpg ,https:\/\/luxuryvillaalvor.com\/wp-content\/uploads\/2025\/06\/homepage-main-image.jpg 780w, https:\/\/luxuryvillaalvor.com\/wp-content\/uploads\/2025\/06\/homepage-main-image.jpg 360w\" sizes=\"auto, (max-width: 480px) 150px\" src=\"https:\/\/luxuryvillaalvor.com\/wp-content\/uploads\/2025\/06\/homepage-main-image-1024x768.jpg\" alt=\"\" class=\"uag-image-1774\" width=\"1024\" height=\"768\" title=\"homepage-main-image\" loading=\"lazy\" role=\"img\"><\/figure><\/div>\n<\/div>\n\n\n\n<div class=\"wp-block-uagb-container uagb-block-6d5ca181 alignfull uagb-is-root-container\"><div class=\"uagb-container-inner-blocks-wrap\">\n<div class=\"wp-block-uagb-info-box uagb-block-e0235e1a uagb-infobox__content-wrap uagb-infobox-icon-above-title uagb-infobox-image-valign-top\"><div class=\"uagb-ifb-content\"><div class=\"uagb-ifb-title-wrap\"><h2 class=\"uagb-ifb-title\">Acerca de<\/h2><\/div><p class=\"uagb-ifb-desc\">Casa Da Cisterna es una lujosa villa de 7 dormitorios que goza de un entorno tranquilo a pocos minutos del coraz\u00f3n de Alvor, uno de los pueblos costeros con m\u00e1s encanto del Algarve. Enclavada en un lugar tranquilo rodeado de naturaleza, la villa ofrece f\u00e1cil acceso a las hermosas playas de Alvor, a sus animados restaurantes y al centro tradicional de la ciudad. <br><br>Disfruta de una excepcional vida al aire libre con una gran piscina privada, tumbonas de primera calidad y una terraza comedor a la sombra, perfecta para comidas al aire libre y copas al atardecer.<br><br>En el interior, la villa presenta una espaciosa distribuci\u00f3n de planta abierta con una cocina de dise\u00f1o, dos elegantes salones y elegantes zonas de comedor. El interior contempor\u00e1neo est\u00e1 inundado de luz natural y fluye a la perfecci\u00f3n hacia el espacio exterior. <br><br>Hay siete c\u00f3modas habitaciones, dos de ellas con lujosos cuartos de ba\u00f1o privados, todas amuebladas con camas de calidad y amplio espacio de almacenamiento.<br><br>Tanto si est\u00e1s tomando el sol junto a la piscina, explorando las playas cercanas o disfrutando de una comida casera en la moderna cocina, Casa Da Cisterna est\u00e1 dise\u00f1ada para la relajaci\u00f3n, el estilo y los recuerdos inolvidables.<br><br>Amplias habitaciones en dos plantas<br><br>La villa puede alojar c\u00f3modamente hasta 14, 10 hu\u00e9spedes repartidos en cinco espaciosos dormitorios y, para grupos m\u00e1s grandes, la segunda planta puede abrirse por un suplemento adicional, proporcionando dos dormitorios dobles m\u00e1s y un moderno cuarto de ducha, ideal para familias extensas o hu\u00e9spedes adicionales.<br><br>Suite principal &#8211; Un lujoso refugio con cama tama\u00f1o king, colch\u00f3n de alta calidad, amplio vestidor y un elegante cuarto de ba\u00f1o con ducha a ras de suelo, ba\u00f1era independiente y aseo privado. La suite se abre a una terraza privada con impresionantes vistas del jard\u00edn, la piscina y el lejano oc\u00e9ano. <br><br>Dormitorio en suite &#8211; Una generosa habitaci\u00f3n con cama tama\u00f1o king, tocador y cuarto de ba\u00f1o privado con ducha a ras de suelo y aseo.<br><br>Habitaci\u00f3n doble &#8211; Espaciosa y c\u00f3moda, con vestidor, cama doble y acceso directo a un cuarto de ba\u00f1o contiguo con ducha a ras de suelo y aseo.<br><br>Habitaci\u00f3n doble 1 &#8211; Habitaci\u00f3n luminosa y aireada con dos camas individuales y un aseo privado cercano.<br><br>Habitaci\u00f3n doble 2 &#8211; Otra gran habitaci\u00f3n doble con dos camas individuales y su propio aseo separado para mayor comodidad.<br><br>Habitaci\u00f3n doble 1 (2\u00aa planta) &#8211; Reci\u00e9n terminada y cuidadosamente dise\u00f1ada, esta acogedora habitaci\u00f3n doble cuenta con mobiliario moderno y f\u00e1cil acceso a un cuarto de ducha compartido en la misma planta.<br><br>Habitaci\u00f3n doble 2 (2\u00aa planta) &#8211; Tambi\u00e9n situada en la planta superior reci\u00e9n terminada, esta acogedora habitaci\u00f3n doble ofrece comodidad y privacidad, perfecta para parejas o ni\u00f1os mayores.<br><br>Cuarto de ba\u00f1o del segundo piso &#8211; Un cuarto de ba\u00f1o nuevo y elegante, con ducha a ras de suelo y accesorios modernos, que da servicio a las dos habitaciones dobles del piso superior.<br><br>Tanto si viajas en familia numerosa como con un grupo de amigos, Casa Da Cisterna ofrece una combinaci\u00f3n de lujosas habitaciones con ba\u00f1o privado, instalaciones compartidas bien equipadas y disposiciones flexibles para dormir que se adaptan a todos.<br><br>Vida al aire libre<br><br>Casa Da Cisterna ofrece una excepcional vida al aire libre, con un vasto patio de 500 m\u00b2, piscina y zona de aparcamiento que se dobla como un impresionante espacio de entretenimiento. Las modernas baldosas y la hermosa iluminaci\u00f3n del entorno crean un ambiente limpio y contempor\u00e1neo, ideal tanto para relajarse como para reuniones sociales. <br><br>La zona est\u00e1 totalmente equipada con tumbonas de alta calidad, elegantes muebles de exterior, un bar exclusivo y una zona de barbacoa, perfecta para largos almuerzos o copas nocturnas bajo las estrellas. Las puertas dobles del patio conducen directamente a la cocina y el sal\u00f3n de planta abierta, lo que hace que la vida en el interior y al aire libre sea f\u00e1cil y agradable. <br><br>Tanto si recibes a tus amigos como si disfrutas de una tranquila tarde al sol o te re\u00fanes para cenar al aire libre, este espacio est\u00e1 dise\u00f1ado para elevar cada momento de tu estancia.<br><br>N\u00famero de licencia de propiedad 146230\/AL<br><br>Direcci\u00f3n: Estr Municipal 531 C Cisterna Facho, Alvor 8500 055, Portugal<br><\/p><\/div><\/div>\n\n\n\t\t\t<div \n\t\t\tclass=\"wp-block-uagb-google-map uagb-google-map__wrap uagb-block-04df5583     \"\n\t\t\tstyle=\"\" >\n\t\t\t\t<embed\n\t\t\t\t\tclass=\"uagb-google-map__iframe\"\n\t\t\t\t\ttitle=\"Mapa de Google de\"\n\t\t\t\t\tsrc=\"https:\/\/maps.google.com\/maps?q=Casa%20da%20cisterna%2C%20EM531%2C%20Facho%2C%208500-055%20Alvor%2C%20Portugal&#038;z=12&#038;hl=en&#038;t=m&#038;output=embed&#038;iwloc=near\"\n\t\t\t\t\twidth=\"640\"\n\t\t\t\t\theight=\"600\"\n\t\t\t\t\tloading=\"lazy\"\n\t\t\t\t><\/embed>\n\t\t\t<\/div>\n\t\t\t<\/div><\/div>\n\n\n\n<div class=\"wp-block-uagb-advanced-heading uagb-block-c357a7c2\"><h2 class=\"uagb-heading-text\">Vista general de la villa<br><\/h2><\/div>\n\n\n\n<div class=\"wp-block-uagb-container uagb-block-07fee64c alignfull uagb-is-root-container\">\n<div class=\"wp-block-uagb-container uagb-block-22a1813c\">\n<div class=\"wp-block-uagb-image uagb-block-e426da51 wp-block-uagb-image--layout-default wp-block-uagb-image--effect-static wp-block-uagb-image--align-none\"><figure class=\"wp-block-uagb-image__figure\"><img decoding=\"async\" srcset=\"https:\/\/luxuryvillaalvor.com\/wp-content\/uploads\/2025\/06\/modern-interior.jpg ,https:\/\/luxuryvillaalvor.com\/wp-content\/uploads\/2025\/06\/modern-interior.jpg 780w, https:\/\/luxuryvillaalvor.com\/wp-content\/uploads\/2025\/06\/modern-interior.jpg 360w\" sizes=\"auto, (max-width: 480px) 150px\" src=\"https:\/\/luxuryvillaalvor.com\/wp-content\/uploads\/2025\/06\/modern-interior.jpg\" alt=\"\" class=\"uag-image-1786\" width=\"1024\" height=\"768\" title=\"interior moderno\" loading=\"lazy\" role=\"img\"><\/figure><\/div>\n<\/div>\n\n\n\n<div class=\"wp-block-uagb-container uagb-block-f6fb66ac\">\n<div class=\"wp-block-uagb-container uagb-block-967f475b\">\n<div class=\"wp-block-uagb-advanced-heading uagb-block-523ac59e\"><h2 class=\"uagb-heading-text\">Interior moderno y lujoso<\/h2><\/div>\n\n\n\n<div class=\"wp-block-uagb-info-box uagb-block-68ed6aa8 uagb-infobox__content-wrap uagb-infobox-icon-above-title uagb-infobox-image-valign-top\"><div class=\"uagb-ifb-content\"><div class=\"uagb-ifb-title-wrap\"><\/div><p class=\"uagb-ifb-desc\">El interior moderno y contempor\u00e1neo de la villa combina l\u00edneas elegantes, dise\u00f1o minimalista y lujoso confort. Los espacios abiertos se adornan con paletas neutras, materiales de primera calidad y mobiliario innovador. La abundante luz natural complementa la est\u00e9tica limpia, creando un ambiente acogedor que fusiona con elegancia la sofisticaci\u00f3n con la relajaci\u00f3n, redefiniendo la vida de lujo.<br><\/p><\/div><\/div>\n<\/div>\n<\/div>\n<\/div>\n\n\n\n<div class=\"wp-block-uagb-container uagb-block-60eb46bb alignfull uagb-is-root-container\">\n<div class=\"wp-block-uagb-container uagb-block-55b43c32\">\n<div class=\"wp-block-uagb-container uagb-block-a6404f3e\">\n<div class=\"wp-block-uagb-advanced-heading uagb-block-f0b3ea64\"><h2 class=\"uagb-heading-text\">Jard\u00edn con piscina<\/h2><\/div>\n\n\n\n<div class=\"wp-block-uagb-info-box uagb-block-a58da2bd uagb-infobox__content-wrap uagb-infobox-icon-above-title uagb-infobox-image-valign-top\"><div class=\"uagb-ifb-content\"><div class=\"uagb-ifb-title-wrap\"><\/div><p class=\"uagb-ifb-desc\">La piscina y el jard\u00edn de la villa son un oasis de serenidad adornado con limoneros y plataneros, vibrantes flores de ave del para\u00edso y una variedad de exquisitas flores portuguesas y ex\u00f3ticas. Este exuberante tapiz de naturaleza invita a la tranquilidad, impregnando el entorno de colores, aromas y texturas que transportan a residentes y hu\u00e9spedes a un mundo de belleza y serenidad.<\/p><\/div><\/div>\n<\/div>\n<\/div>\n\n\n\n<div class=\"wp-block-uagb-container uagb-block-1dbd3ff2\">\n<div class=\"wp-block-uagb-image uagb-block-fe3a16f4 wp-block-uagb-image--layout-default wp-block-uagb-image--effect-static wp-block-uagb-image--align-none\"><figure class=\"wp-block-uagb-image__figure\"><img decoding=\"async\" srcset=\"https:\/\/luxuryvillaalvor.com\/wp-content\/uploads\/2025\/06\/landscaped-garden-with-pool.jpg ,https:\/\/luxuryvillaalvor.com\/wp-content\/uploads\/2025\/06\/landscaped-garden-with-pool.jpg 780w, https:\/\/luxuryvillaalvor.com\/wp-content\/uploads\/2025\/06\/landscaped-garden-with-pool.jpg 360w\" sizes=\"auto, (max-width: 480px) 150px\" src=\"https:\/\/luxuryvillaalvor.com\/wp-content\/uploads\/2025\/06\/landscaped-garden-with-pool.jpg\" alt=\"\" class=\"uag-image-1793\" width=\"1024\" height=\"768\" title=\"jard\u00edn-jard\u00edn-con-piscina\" loading=\"lazy\" role=\"img\"><\/figure><\/div>\n<\/div>\n<\/div>\n\n\n\n<div class=\"wp-block-uagb-container uagb-block-49cf919a alignfull uagb-is-root-container\"><div class=\"uagb-container-inner-blocks-wrap\">\n<div class=\"wp-block-uagb-advanced-heading uagb-block-2eca4657\"><h2 class=\"uagb-heading-text\">Ubicaci\u00f3n<\/h2><\/div>\n\n\n\n<div class=\"wp-block-uagb-container uagb-block-16a855f9\">\n<div class=\"wp-block-uagb-container uagb-block-084de10a\">\n<div class=\"wp-block-uagb-info-box uagb-block-7a32f734 uagb-infobox__content-wrap uagb-infobox-icon-above-title uagb-infobox-image-valign-top\"><div class=\"uagb-ifb-content\"><div class=\"uagb-ifb-title-wrap\"><h3 class=\"uagb-ifb-title\">Playa<\/h3><\/div><p class=\"uagb-ifb-desc\">Hay tres hermosas playas de arena limpia a 10-15 minutos a pie de la villa. Son Praia Alemao, en direcci\u00f3n a Alvor, y luego Praia do Vau y Praia Amado, en direcci\u00f3n a Portim\u00e3o.<\/p><\/div><\/div>\n\n\n\n<div class=\"wp-block-uagb-image uagb-block-656ddb70 wp-block-uagb-image--layout-default wp-block-uagb-image--effect-static wp-block-uagb-image--align-none\"><figure class=\"wp-block-uagb-image__figure\"><img decoding=\"async\" srcset=\"https:\/\/luxuryvillaalvor.com\/wp-content\/uploads\/2023\/08\/IMG_2351-1024x768.jpeg\n \" sizes=\"auto, (max-width: 480px) 150px\" src=\"https:\/\/luxuryvillaalvor.com\/wp-content\/uploads\/2023\/08\/IMG_2351-1024x768.jpeg\" alt=\"\" class=\"uag-image-918\" width=\"1024\" height=\"768\" title=\"\" loading=\"lazy\" role=\"img\"><\/figure><\/div>\n<\/div>\n\n\n\n<div class=\"wp-block-uagb-container uagb-block-03c54dd2\">\n<div class=\"wp-block-uagb-info-box uagb-block-627c4a1d uagb-infobox__content-wrap uagb-infobox-icon-above-title uagb-infobox-image-valign-top\"><div class=\"uagb-ifb-content\"><div class=\"uagb-ifb-title-wrap\"><h3 class=\"uagb-ifb-title\">Pueblo<\/h3><\/div><p class=\"uagb-ifb-desc\">Alvor y Praia da Rocha ofrecen un entorno costero id\u00edlico con playas impresionantes y agradables chiringuitos, lo que los convierte en destinos perfectos para los amantes del sol y la playa.<\/p><\/div><\/div>\n\n\n\n<div class=\"wp-block-uagb-image uagb-block-e0b66809 wp-block-uagb-image--layout-default wp-block-uagb-image--effect-static wp-block-uagb-image--align-none\"><figure class=\"wp-block-uagb-image__figure\"><img decoding=\"async\" srcset=\"https:\/\/luxuryvillaalvor.com\/wp-content\/uploads\/2023\/08\/IMG_6023-1024x768.jpeg\n \" sizes=\"auto, (max-width: 480px) 150px\" src=\"https:\/\/luxuryvillaalvor.com\/wp-content\/uploads\/2023\/08\/IMG_6023-1024x768.jpeg\" alt=\"\" class=\"uag-image-919\" width=\"1024\" height=\"768\" title=\"\" loading=\"lazy\" role=\"img\"><\/figure><\/div>\n<\/div>\n\n\n\n<div class=\"wp-block-uagb-container uagb-block-a8b20950\">\n<div class=\"wp-block-uagb-info-box uagb-block-a833cec7 uagb-infobox__content-wrap uagb-infobox-icon-above-title uagb-infobox-image-valign-top\"><div class=\"uagb-ifb-content\"><div class=\"uagb-ifb-title-wrap\"><h3 class=\"uagb-ifb-title\">Ciudad<\/h3><\/div><p class=\"uagb-ifb-desc\">Portim\u00e3o es una vibrante ciudad costera. Con una mezcla de encanto hist\u00f3rico, comodidades modernas y un animado puerto deportivo. Ofrece exploraci\u00f3n cultural, deportes acu\u00e1ticos, entretenimiento y mucho m\u00e1s.<\/p><\/div><\/div>\n\n\n\n<div class=\"wp-block-uagb-image uagb-block-5e0fb94e wp-block-uagb-image--layout-default wp-block-uagb-image--effect-static wp-block-uagb-image--align-none\"><figure class=\"wp-block-uagb-image__figure\"><img decoding=\"async\" srcset=\"https:\/\/luxuryvillaalvor.com\/wp-content\/uploads\/2023\/07\/IMG_2262-1024x768.jpeg\n \" sizes=\"auto, (max-width: 480px) 150px\" src=\"https:\/\/luxuryvillaalvor.com\/wp-content\/uploads\/2023\/07\/IMG_2262-1024x768.jpeg\" alt=\"\" class=\"uag-image-747\" width=\"1024\" height=\"768\" title=\"\" loading=\"lazy\" role=\"img\"><\/figure><\/div>\n<\/div>\n<\/div>\n<\/div><\/div>\n\n\n\n<div class=\"wp-block-uagb-container uagb-block-4a89696c alignfull uagb-is-root-container\"><div class=\"uagb-container-inner-blocks-wrap\">\n<div class=\"wp-block-uagb-advanced-heading uagb-block-a0011f6c\"><h2 class=\"uagb-heading-text\">Solicitar informaci\u00f3n<\/h2><p class=\"uagb-desc-text\">Correo electr\u00f3nico:&nbsp;<a href=\"mailto:info@luxuryvillaalvor.com\">info@luxuryvillaalvor.com<\/a><br>Tel\u00e9fono: +44 (0)7970 491 318<\/p><\/div>\n\n\n\n<script type=\"text\/javascript\" class=\"\" src=\"https:\/\/app.lodgify.com\/portable-search-bar\/stable\/renderPortableSearchBar.js\"><\/script>\n<div><div id=\"lodgify-search-bar\" data-website-id=\"451147\" data-language-code=\"en\" data-checkout-page-url=\"https:\/\/checkout.lodgify.com\/luxuryvillaalvor\/en\/#\/495200\" data-dates-check-in-label=\"Arrival\" data-dates-check-out-label=\"Departure\" data-guests-counter-label=\"Guest\" data-guests-input-singular-label=\"{&lt;wpml_curved wpml_value='NumberOfGuests'&gt;&lt;\/wpml_curved&gt;} guest\" data-guests-input-plural-label=\"{&lt;wpml_curved wpml_value='NumberOfGuests'&gt;&lt;\/wpml_curved&gt;} guests\" data-location-input-label=\"Location\" data-search-button-label=\"Search\" data-new-tab=\"true\">\n  <\/div>\n  <style type=\"text\/css\">\n  html {\n    --lodgify-ui-action-color: #fac600;\n    --lodgify-ui-action-darker-color: #c89e00;\n    --lodgify-ui-action-lighter-color: #fde899;\n    --lodgify-ui-action-contrast-color: #000000;\n  }\n  <\/style>\n  <\/div>\n<\/div><\/div>\n\n\n\n<p><\/p>\n","protected":false},"excerpt":{"rendered":"<p>Casa Da Cisterna Villa de Lujo Alvor, Algarve &#8211; Portugal Una villa de lujo \u00fanica en su clase, situada en un impresionante paisaje oce\u00e1nico entre Alvor y Praia de Rocha, con 7 dormitorios y comodidades de alta gama. Vista general de la villa Interior moderno y lujoso Jard\u00edn con piscina Ubicaci\u00f3n Solicitar informaci\u00f3n Correo electr\u00f3nico:&nbsp;info@luxuryvillaalvor.comTel\u00e9fono: [&hellip;]<\/p>\n","protected":false},"author":3,"featured_media":0,"parent":0,"menu_order":0,"comment_status":"closed","ping_status":"closed","template":"","meta":{"_uag_custom_page_level_css":"","site-sidebar-layout":"no-sidebar","site-content-layout":"page-builder","ast-site-content-layout":"full-width-container","site-content-style":"unboxed","site-sidebar-style":"unboxed","ast-global-header-display":"","ast-banner-title-visibility":"","ast-main-header-display":"","ast-hfb-above-header-display":"","ast-hfb-below-header-display":"","ast-hfb-mobile-header-display":"","site-post-title":"disabled","ast-breadcrumbs-content":"","ast-featured-img":"disabled","footer-sml-layout":"","ast-disable-related-posts":"","theme-transparent-header-meta":"","adv-header-id-meta":"","stick-header-meta":"","header-above-stick-meta":"","header-main-stick-meta":"","header-below-stick-meta":"","astra-migrate-meta-layouts":"default","ast-page-background-enabled":"default","ast-page-background-meta":{"desktop":{"background-color":"var(--ast-global-color-4)","background-image":"","background-repeat":"repeat","background-position":"center center","background-size":"auto","background-attachment":"scroll","background-type":"","background-media":"","overlay-type":"","overlay-color":"","overlay-opacity":"","overlay-gradient":""},"tablet":{"background-color":"","background-image":"","background-repeat":"repeat","background-position":"center center","background-size":"auto","background-attachment":"scroll","background-type":"","background-media":"","overlay-type":"","overlay-color":"","overlay-opacity":"","overlay-gradient":""},"mobile":{"background-color":"","background-image":"","background-repeat":"repeat","background-position":"center center","background-size":"auto","background-attachment":"scroll","background-type":"","background-media":"","overlay-type":"","overlay-color":"","overlay-opacity":"","overlay-gradient":""}},"ast-content-background-meta":{"desktop":{"background-color":"var(--ast-global-color-5)","background-image":"","background-repeat":"repeat","background-position":"center center","background-size":"auto","background-attachment":"scroll","background-type":"","background-media":"","overlay-type":"","overlay-color":"","overlay-opacity":"","overlay-gradient":""},"tablet":{"background-color":"var(--ast-global-color-5)","background-image":"","background-repeat":"repeat","background-position":"center center","background-size":"auto","background-attachment":"scroll","background-type":"","background-media":"","overlay-type":"","overlay-color":"","overlay-opacity":"","overlay-gradient":""},"mobile":{"background-color":"var(--ast-global-color-5)","background-image":"","background-repeat":"repeat","background-position":"center center","background-size":"auto","background-attachment":"scroll","background-type":"","background-media":"","overlay-type":"","overlay-color":"","overlay-opacity":"","overlay-gradient":""}},"footnotes":""},"class_list":["post-1269","page","type-page","status-publish","hentry"],"uagb_featured_image_src":{"full":false,"thumbnail":false,"medium":false,"medium_large":false,"large":false,"1536x1536":false,"2048x2048":false},"uagb_author_info":{"display_name":"Steve","author_link":"https:\/\/luxuryvillaalvor.com\/es\/author\/steve\/"},"uagb_comment_info":0,"uagb_excerpt":"Casa Da Cisterna Villa de Lujo Alvor, Algarve &#8211; Portugal Una villa de lujo \u00fanica en su clase, situada en un impresionante paisaje oce\u00e1nico entre Alvor y Praia de Rocha, con 7 dormitorios y comodidades de alta gama. Vista general de la villa Interior moderno y lujoso Jard\u00edn con piscina Ubicaci\u00f3n Solicitar informaci\u00f3n Correo electr\u00f3nico:&nbsp;info@luxuryvillaalvor.comTel\u00e9fono:&hellip;","_links":{"self":[{"href":"https:\/\/luxuryvillaalvor.com\/es\/wp-json\/wp\/v2\/pages\/1269","targetHints":{"allow":["GET"]}}],"collection":[{"href":"https:\/\/luxuryvillaalvor.com\/es\/wp-json\/wp\/v2\/pages"}],"about":[{"href":"https:\/\/luxuryvillaalvor.com\/es\/wp-json\/wp\/v2\/types\/page"}],"author":[{"embeddable":true,"href":"https:\/\/luxuryvillaalvor.com\/es\/wp-json\/wp\/v2\/users\/3"}],"replies":[{"embeddable":true,"href":"https:\/\/luxuryvillaalvor.com\/es\/wp-json\/wp\/v2\/comments?post=1269"}],"version-history":[{"count":19,"href":"https:\/\/luxuryvillaalvor.com\/es\/wp-json\/wp\/v2\/pages\/1269\/revisions"}],"predecessor-version":[{"id":1914,"href":"https:\/\/luxuryvillaalvor.com\/es\/wp-json\/wp\/v2\/pages\/1269\/revisions\/1914"}],"wp:attachment":[{"href":"https:\/\/luxuryvillaalvor.com\/es\/wp-json\/wp\/v2\/media?parent=1269"}],"curies":[{"name":"wp","href":"https:\/\/api.w.org\/{rel}","templated":true}]}}