{"id":1275,"date":"2023-08-14T13:41:00","date_gmt":"2023-08-14T13:41:00","guid":{"rendered":"https:\/\/luxuryvillaalvor.com\/cookie-richtlinie\/"},"modified":"2024-07-12T12:21:30","modified_gmt":"2024-07-12T12:21:30","slug":"cookie-richtlinie","status":"publish","type":"page","link":"https:\/\/luxuryvillaalvor.com\/de\/cookie-richtlinie\/","title":{"rendered":"Cookie-Richtlinie"},"content":{"rendered":"\n<p><strong>INFORMATIONEN \u00dcBER UNSERE VERWENDUNG VON COOKIES<\/strong>&nbsp;<\/p>\n\n\n\n<p>Unsere Website verwendet Cookies und \u00e4hnliche Technologien, um Sie von anderen Benutzern unserer Website zu unterscheiden. Dies hilft uns, Ihnen das Surfen auf unserer Website so angenehm wie m\u00f6glich zu gestalten, und erm\u00f6glicht uns, unsere Website zu verbessern. Es wird davon ausgegangen, dass Sie unsere Cookie-Richtlinie akzeptieren, wenn Sie unsere Website weiterhin nutzen. Wenn Sie mit unserer Cookie-Richtlinie nicht einverstanden sind, stellen Sie bitte die Nutzung unserer Website unverz\u00fcglich ein.&nbsp;<\/p>\n\n\n\n<p>Ein Cookie ist eine kleine Datei mit Buchstaben und Zahlen, die wir in Ihrem Browser oder auf der Festplatte Ihres Computers speichern, wenn Sie damit einverstanden sind. Cookies enthalten Informationen, die auf die Festplatte Ihres Computers \u00fcbertragen werden. Cookies werden von fast allen Websites verwendet und schaden Ihrem System nicht.&nbsp;<\/p>\n\n\n\n<p><strong>WIE VERWENDET UNSERE WEBSITE COOKIES?<\/strong>&nbsp;<\/p>\n\n\n\n<p>Unsere Website kann bestimmte Cookies von Erstanbietern auf Ihrem Computer oder Ger\u00e4t platzieren und darauf zugreifen. Erstanbieter-Cookies sind Cookies, die direkt von uns gesetzt und nur von uns verwendet werden. Wir verwenden Cookies, um Ihre Nutzung unserer Website zu erleichtern und zu verbessern und um unsere Produkte und\/oder Dienstleistungen anzubieten und zu verbessern. Wir haben diese Cookies sorgf\u00e4ltig ausgew\u00e4hlt und Ma\u00dfnahmen ergriffen, um sicherzustellen, dass Ihre Privatsph\u00e4re und Ihre pers\u00f6nlichen Daten jederzeit gesch\u00fctzt und respektiert werden.&nbsp;<\/p>\n\n\n\n<p>Durch die Nutzung unserer Website k\u00f6nnen Sie auch bestimmte Cookies von Dritten auf Ihrem Computer oder Ger\u00e4t empfangen. Cookies von Dritten sind solche, die von anderen Websites, Diensten und\/oder Parteien als uns gesetzt werden. Cookies von Dritten werden auf unserer Website f\u00fcr Werbedienste verwendet.&nbsp;<\/p>\n\n\n\n<p>Alle von und auf unserer Website verwendeten Cookies werden in \u00dcbereinstimmung mit dem geltenden Recht verwendet. Wir k\u00f6nnen einige oder alle der folgenden Arten von Cookies verwenden:&nbsp;<\/p>\n\n\n\n<ul class=\"wp-block-list\">\n<li>Streng notwendige Cookies. Dies sind Cookies, die f\u00fcr den Betrieb unserer Website erforderlich sind. Dazu geh\u00f6ren beispielsweise Cookies, die es Ihnen erm\u00f6glichen, sich in sichere Bereiche unserer Website einzuloggen, einen Einkaufswagen zu benutzen oder elektronische Rechnungsdienste in Anspruch zu nehmen. Diese Cookies k\u00f6nnen nicht abgeschaltet werden. Ohne diese Cookies k\u00f6nnen diese Dienste nicht bereitgestellt werden. Diese Cookies sammeln keine Informationen \u00fcber Sie, die f\u00fcr Marketingzwecke verwendet werden k\u00f6nnten oder die sich daran erinnern, wo Sie im Internet gewesen sind.&nbsp;<\/li>\n\n\n\n<li>Analytische\/Leistungs-Cookies. Diese erm\u00f6glichen es uns, die Anzahl der Besucher zu erkennen und zu z\u00e4hlen und zu sehen, wie sich die Besucher auf unserer Website bewegen, wenn sie sie nutzen. Dies hilft uns, die Funktionsweise unserer Website zu verbessern, z. B. indem wir sicherstellen, dass die Nutzer leicht finden, wonach sie suchen.&nbsp;<\/li>\n<\/ul>\n\n\n\n<ul class=\"wp-block-list\">\n<li>Funktionale Cookies. Diese werden verwendet, um Sie zu erkennen, wenn Sie auf unsere Website zur\u00fcckkehren. Auf diese Weise k\u00f6nnen wir unsere Inhalte auf Sie zuschneiden, Sie mit Ihrem Namen begr\u00fc\u00dfen und uns Ihre Pr\u00e4ferenzen merken (z. B. die Wahl Ihrer Sprache oder Region).&nbsp;<\/li>\n\n\n\n<li>Zielgerichtete Cookies. Diese Cookies speichern Ihren Besuch auf unserer Website, die Seiten, die Sie besucht haben und die Links, denen Sie gefolgt sind. Wir verwenden diese Informationen, um unsere Website und die darauf angezeigte Werbung besser auf Ihre Interessen abzustimmen. Zu diesem Zweck k\u00f6nnen wir diese Informationen auch an Dritte weitergeben.&nbsp;<\/li>\n\n\n\n<li>Dauerhafte Cookies. Ein dauerhafter Cookie wird als Datei auf Ihrem Computer gespeichert und bleibt dort, wenn Sie Ihren Webbrowser schlie\u00dfen. Das Cookie kann von der Website, die es erstellt hat, gelesen werden, wenn Sie diese Website erneut besuchen. Wir verwenden dauerhafte Cookies f\u00fcr Google Analytics.&nbsp;<\/li>\n\n\n\n<li>Sitzungs-Cookies. Ein Sitzungs-Cookie ist tempor\u00e4r und verbleibt nur von dem Zeitpunkt an, an dem Sie unsere Website besuchen, auf Ihrem Computer, bis Sie Ihren Browser schlie\u00dfen. Diese werden automatisch gel\u00f6scht, wenn Sie Ihren Browser schlie\u00dfen.&nbsp;<\/li>\n<\/ul>\n\n\n\n<p><strong>WELCHE COOKIES WERDEN AUF UNSERER WEBSITE VERWENDET?<\/strong>&nbsp;<\/p>\n\n\n\n<ul class=\"wp-block-list\">\n<li>Unsere Website verwendet Analysedienste von Google Analytics. Die Website-Analyse bezieht sich auf eine Reihe von Instrumenten zur Sammlung und Analyse anonymer Nutzungsdaten, die es uns erm\u00f6glichen, besser zu verstehen, wie unsere Website genutzt wird. Dies wiederum erm\u00f6glicht es uns, unsere Website sowie die angebotenen Produkte und Dienstleistungen zu verbessern. Die von unserer Website genutzten Analysedienste verwenden Analyse-Cookies, um Informationen zu sammeln. Sie m\u00fcssen uns nicht erlauben, diese Cookies zu verwenden, aber unsere Verwendung stellt kein Risiko f\u00fcr Ihre Privatsph\u00e4re oder die sichere Nutzung unserer Website dar, da die gesammelten Informationen anonymisiert werden.&nbsp;<\/li>\n\n\n\n<li>Unsere Website verwendet auch Google Adwords Remarketing Cookies. Dies sind Cookies, die von Google verwendet werden und mit den von Google im Internet geschalteten Anzeigen verbunden sind, auch auf Websites Dritter. Google verwendet diese Cookies, um den Zugriff auf unsere Website von diesen Anzeigen aus zu verfolgen und um weitere Daten zu sammeln.&nbsp;<\/li>\n\n\n\n<li>Unsere Website verwendet Cookies f\u00fcr externe Links zu Google, Facebook und Youtube &#8211; diese Cookies sind f\u00fcr die Anzeige von Videos und Links zu unserer Website unerl\u00e4sslich.&nbsp;<\/li>\n\n\n\n<li>Unsere Website verwendet Cookies von WordPress, die f\u00fcr die Funktionalit\u00e4t der Website, einschlie\u00dflich des Warenkorbs, verwendet werden.&nbsp;<\/li>\n<\/ul>\n\n\n\n<p><strong>ZUSTIMMUNG UND KONTROLLE<\/strong>&nbsp;<\/p>\n\n\n\n<p>Sie k\u00f6nnen Cookies blockieren, indem Sie die Einstellung Ihres Browsers aktivieren, die es Ihnen erlaubt, das Setzen aller oder einiger Cookies abzulehnen. Wenn Sie Ihren Browser so einstellen, dass er alle Cookies (einschlie\u00dflich essenzieller Cookies) blockiert, k\u00f6nnen Sie jedoch m\u00f6glicherweise nicht auf alle oder Teile unserer Website zugreifen.&nbsp;<\/p>\n\n\n\n<p><strong>Weitere Informationen<\/strong>&nbsp;<\/p>\n\n\n\n<p>Wenn Sie mehr dar\u00fcber wissen m\u00f6chten, wie wir Cookies verwenden, kontaktieren Sie uns bitte per: E-Mail: info@luxuryvillaalvor.com oder schreiben Sie an MJ&amp;PM Properties Limited, Duel House, Llandowlais Street, Cwmbran, NP44 7XB, UK.&nbsp;<\/p>\n\n\n\n<p>14\/08\/2023&nbsp;<\/p>\n","protected":false},"excerpt":{"rendered":"<p>INFORMATIONEN \u00dcBER UNSERE VERWENDUNG VON COOKIES&nbsp; Unsere Website verwendet Cookies und \u00e4hnliche Technologien, um Sie von anderen Benutzern unserer Website zu unterscheiden. Dies hilft uns, Ihnen das Surfen auf unserer Website so angenehm wie m\u00f6glich zu gestalten, und erm\u00f6glicht uns, unsere Website zu verbessern. Es wird davon ausgegangen, dass Sie unsere Cookie-Richtlinie akzeptieren, wenn Sie [&hellip;]<\/p>\n","protected":false},"author":3,"featured_media":0,"parent":0,"menu_order":0,"comment_status":"closed","ping_status":"closed","template":"","meta":{"_uag_custom_page_level_css":"","site-sidebar-layout":"default","site-content-layout":"","ast-site-content-layout":"default","site-content-style":"default","site-sidebar-style":"default","ast-global-header-display":"","ast-banner-title-visibility":"","ast-main-header-display":"","ast-hfb-above-header-display":"","ast-hfb-below-header-display":"","ast-hfb-mobile-header-display":"","site-post-title":"disabled","ast-breadcrumbs-content":"","ast-featured-img":"","footer-sml-layout":"","ast-disable-related-posts":"","theme-transparent-header-meta":"","adv-header-id-meta":"","stick-header-meta":"","header-above-stick-meta":"","header-main-stick-meta":"","header-below-stick-meta":"","astra-migrate-meta-layouts":"default","ast-page-background-enabled":"default","ast-page-background-meta":{"desktop":{"background-color":"var(--ast-global-color-4)","background-image":"","background-repeat":"repeat","background-position":"center center","background-size":"auto","background-attachment":"scroll","background-type":"","background-media":"","overlay-type":"","overlay-color":"","overlay-opacity":"","overlay-gradient":""},"tablet":{"background-color":"","background-image":"","background-repeat":"repeat","background-position":"center center","background-size":"auto","background-attachment":"scroll","background-type":"","background-media":"","overlay-type":"","overlay-color":"","overlay-opacity":"","overlay-gradient":""},"mobile":{"background-color":"","background-image":"","background-repeat":"repeat","background-position":"center center","background-size":"auto","background-attachment":"scroll","background-type":"","background-media":"","overlay-type":"","overlay-color":"","overlay-opacity":"","overlay-gradient":""}},"ast-content-background-meta":{"desktop":{"background-color":"var(--ast-global-color-5)","background-image":"","background-repeat":"repeat","background-position":"center center","background-size":"auto","background-attachment":"scroll","background-type":"","background-media":"","overlay-type":"","overlay-color":"","overlay-opacity":"","overlay-gradient":""},"tablet":{"background-color":"var(--ast-global-color-5)","background-image":"","background-repeat":"repeat","background-position":"center center","background-size":"auto","background-attachment":"scroll","background-type":"","background-media":"","overlay-type":"","overlay-color":"","overlay-opacity":"","overlay-gradient":""},"mobile":{"background-color":"var(--ast-global-color-5)","background-image":"","background-repeat":"repeat","background-position":"center center","background-size":"auto","background-attachment":"scroll","background-type":"","background-media":"","overlay-type":"","overlay-color":"","overlay-opacity":"","overlay-gradient":""}},"footnotes":""},"class_list":["post-1275","page","type-page","status-publish","hentry"],"uagb_featured_image_src":{"full":false,"thumbnail":false,"medium":false,"medium_large":false,"large":false,"1536x1536":false,"2048x2048":false},"uagb_author_info":{"display_name":"Steve","author_link":"https:\/\/luxuryvillaalvor.com\/de\/author\/steve\/"},"uagb_comment_info":0,"uagb_excerpt":"INFORMATIONEN \u00dcBER UNSERE VERWENDUNG VON COOKIES&nbsp; Unsere Website verwendet Cookies und \u00e4hnliche Technologien, um Sie von anderen Benutzern unserer Website zu unterscheiden. Dies hilft uns, Ihnen das Surfen auf unserer Website so angenehm wie m\u00f6glich zu gestalten, und erm\u00f6glicht uns, unsere Website zu verbessern. Es wird davon ausgegangen, dass Sie unsere Cookie-Richtlinie akzeptieren, wenn Sie&hellip;","_links":{"self":[{"href":"https:\/\/luxuryvillaalvor.com\/de\/wp-json\/wp\/v2\/pages\/1275","targetHints":{"allow":["GET"]}}],"collection":[{"href":"https:\/\/luxuryvillaalvor.com\/de\/wp-json\/wp\/v2\/pages"}],"about":[{"href":"https:\/\/luxuryvillaalvor.com\/de\/wp-json\/wp\/v2\/types\/page"}],"author":[{"embeddable":true,"href":"https:\/\/luxuryvillaalvor.com\/de\/wp-json\/wp\/v2\/users\/3"}],"replies":[{"embeddable":true,"href":"https:\/\/luxuryvillaalvor.com\/de\/wp-json\/wp\/v2\/comments?post=1275"}],"version-history":[{"count":1,"href":"https:\/\/luxuryvillaalvor.com\/de\/wp-json\/wp\/v2\/pages\/1275\/revisions"}],"predecessor-version":[{"id":1611,"href":"https:\/\/luxuryvillaalvor.com\/de\/wp-json\/wp\/v2\/pages\/1275\/revisions\/1611"}],"wp:attachment":[{"href":"https:\/\/luxuryvillaalvor.com\/de\/wp-json\/wp\/v2\/media?parent=1275"}],"curies":[{"name":"wp","href":"https:\/\/api.w.org\/{rel}","templated":true}]}}