{"id":1273,"date":"2022-04-02T06:22:14","date_gmt":"2022-04-02T06:22:14","guid":{"rendered":"https:\/\/luxuryvillaalvor.com\/standort\/"},"modified":"2025-01-07T09:11:27","modified_gmt":"2025-01-07T09:11:27","slug":"standort","status":"publish","type":"page","link":"https:\/\/luxuryvillaalvor.com\/de\/standort\/","title":{"rendered":"Standort"},"content":{"rendered":"\n<div class=\"wp-block-uagb-container uagb-block-a7983404 alignfull uagb-is-root-container\"><div class=\"uagb-container-inner-blocks-wrap\">\n<div class=\"wp-block-uagb-advanced-heading uagb-block-5affae94\"><h1 class=\"uagb-heading-text\">Standort<\/h1><\/div>\n<\/div><\/div>\n\n\n\n<div class=\"wp-block-uagb-container uagb-block-56439a2d alignfull uagb-is-root-container\">\n<div class=\"wp-block-uagb-image aligncenter uagb-block-f459691b wp-block-uagb-image--layout-default wp-block-uagb-image--effect-static wp-block-uagb-image--align-center\"><figure class=\"wp-block-uagb-image__figure\"><img decoding=\"async\" srcset=\"https:\/\/luxuryvillaalvor.com\/wp-content\/uploads\/2023\/08\/IMG_2351-1024x768.jpeg\n \" sizes=\"auto, (max-width: 480px) 150px\" src=\"https:\/\/luxuryvillaalvor.com\/wp-content\/uploads\/2023\/08\/IMG_2351-1024x768.jpeg\" alt=\"\" class=\"uag-image-918\" width=\"1300\" height=\"768\" title=\"\" loading=\"lazy\" role=\"img\"><\/figure><\/div>\n<\/div>\n\n\n\n<div class=\"wp-block-uagb-container uagb-block-8f161603 alignfull uagb-is-root-container\"><div class=\"uagb-container-inner-blocks-wrap\">\n<p>Willkommen in unserer exquisiten Villa in Alvor, ganz in der N\u00e4he von Praia da Rocha, die Ihnen ein unvergleichliches Urlaubserlebnis bietet, indem sie Ruhe, Luxus und eine F\u00fclle von aufregenden Aktivit\u00e4ten miteinander verbindet.<\/p>\n\n\n\n<p>Einer der H\u00f6hepunkte dieser Gegend ist die F\u00fclle an hochwertigen Restaurants, die f\u00fcr jeden Geschmack etwas zu bieten haben. Nicht weit von der Villa entfernt finden Sie die bekannten Fischrestaurants von Alvor, die den frischesten Fang des Tages servieren. Von saftigem gegrilltem Fisch bis hin zu k\u00f6stlichen Meeresfr\u00fcchte-Platten bieten diese kulinarischen Perlen einen wahren Geschmack der Algarve.<\/p>\n\n\n\n<p>Strandliebhaber haben mit den nahe gelegenen Str\u00e4nden Praia da Rocha und Alvor die Qual der Wahl. Praia da Rocha ist ein atemberaubender, goldener Sandstrand, der von beeindruckenden Klippen und kristallklarem Wasser umgeben ist. Er ist ideal zum Sonnenbaden, f\u00fcr Strandsportarten und romantische Spazierg\u00e4nge bei Sonnenuntergang. Der Strand von Alvor hingegen ist mit seiner entspannten Atmosph\u00e4re ideal f\u00fcr alle, die Entspannung und Ruhe suchen.<\/p>\n\n\n\n<p>Wer den Nervenkitzel sucht, findet eine Reihe aufregender Aktivit\u00e4ten, an denen er teilnehmen kann. Die nahe gelegenen Wassersportanlagen bieten M\u00f6glichkeiten zum Surfen, Paddleboarding und Jetski fahren und sorgen f\u00fcr einen Adrenalinschub inmitten der nat\u00fcrlichen Sch\u00f6nheit.<\/p>\n\n\n\n<p>Wer einen Hauch von Geschichte und Kultur erleben m\u00f6chte, sollte einen Ausflug in die historische Stadt Alvor unternehmen, wo gepflasterte Stra\u00dfen, charmante Geb\u00e4ude und eine Kirche aus dem 16. Das malerische Fischerdorf verspr\u00fcht Charme und bietet einen Einblick in das reiche Erbe Portugals.<\/p>\n\n\n\n<p>F\u00fcr Golfliebhaber bietet die Region einige der besten Golfpl\u00e4tze Europas. Schlagen Sie inmitten einer atemberaubenden Aussicht ab und stellen Sie sich der Herausforderung auf den gut gepflegten Gr\u00fcns und Fairways.<\/p>\n<\/div><\/div>\n\n\n\n<div class=\"wp-block-uagb-container uagb-block-f926a6b1 alignfull uagb-is-root-container\"><div class=\"uagb-container-inner-blocks-wrap\">\n<div class=\"wp-block-uagb-advanced-heading uagb-block-160c218b\"><h2 class=\"uagb-heading-text\">Galerie<\/h2><\/div>\n\n\n\n<div class=\"wp-block-uagb-container uagb-block-a781bd51\">\n<div class=\"wp-block-uagb-container uagb-block-f08fefa1\">\n<div class=\"wp-block-uagb-image uagb-block-26f25db6 wp-block-uagb-image--layout-default wp-block-uagb-image--effect-static wp-block-uagb-image--align-none\"><figure class=\"wp-block-uagb-image__figure\"><img decoding=\"async\" srcset=\"https:\/\/luxuryvillaalvor.com\/wp-content\/uploads\/2023\/06\/IMG_2426-1024x768.jpeg , https:\/\/luxuryvillaalvor.com\/wp-content\/uploads\/2023\/06\/IMG_2426-1024x768.jpeg 360w\" sizes=\"auto, (max-width: 480px) 150px\" src=\"https:\/\/luxuryvillaalvor.com\/wp-content\/uploads\/2023\/06\/IMG_2426-1024x768.jpeg\" alt=\"\" class=\"uag-image-79\" width=\"1024\" height=\"768\" title=\"\" loading=\"lazy\" role=\"img\"><\/figure><\/div>\n<\/div>\n\n\n\n<div class=\"wp-block-uagb-container uagb-block-264d4309\">\n<div class=\"wp-block-uagb-image uagb-block-8947d715 wp-block-uagb-image--layout-default wp-block-uagb-image--effect-static wp-block-uagb-image--align-none\"><figure class=\"wp-block-uagb-image__figure\"><img decoding=\"async\" srcset=\"https:\/\/luxuryvillaalvor.com\/wp-content\/uploads\/2023\/06\/IMG_2266-1024x768.jpeg , https:\/\/luxuryvillaalvor.com\/wp-content\/uploads\/2023\/06\/IMG_2266-1024x768.jpeg 360w\" sizes=\"auto, (max-width: 480px) 150px\" src=\"https:\/\/luxuryvillaalvor.com\/wp-content\/uploads\/2023\/06\/IMG_2266-1024x768.jpeg\" alt=\"\" class=\"uag-image-75\" width=\"1024\" height=\"768\" title=\"\" loading=\"lazy\" role=\"img\"><\/figure><\/div>\n<\/div>\n\n\n\n<div class=\"wp-block-uagb-container uagb-block-07a89390\">\n<div class=\"wp-block-uagb-image uagb-block-ae1ea98e wp-block-uagb-image--layout-default wp-block-uagb-image--effect-static wp-block-uagb-image--align-none\"><figure class=\"wp-block-uagb-image__figure\"><img decoding=\"async\" srcset=\"https:\/\/luxuryvillaalvor.com\/wp-content\/uploads\/2023\/06\/IMG_2251-1024x768.jpeg , https:\/\/luxuryvillaalvor.com\/wp-content\/uploads\/2023\/06\/IMG_2251-1024x768.jpeg 360w\" sizes=\"auto, (max-width: 480px) 150px\" src=\"https:\/\/luxuryvillaalvor.com\/wp-content\/uploads\/2023\/06\/IMG_2251-1024x768.jpeg\" alt=\"\" class=\"uag-image-74\" width=\"1024\" height=\"768\" title=\"\" loading=\"lazy\" role=\"img\"><\/figure><\/div>\n<\/div>\n<\/div>\n\n\n\n<div class=\"wp-block-uagb-container uagb-block-d2e9d0d6\">\n<div class=\"wp-block-uagb-container uagb-block-be48d8b1\">\n<div class=\"wp-block-uagb-image uagb-block-3cf3b2a4 wp-block-uagb-image--layout-default wp-block-uagb-image--effect-static wp-block-uagb-image--align-none\"><figure class=\"wp-block-uagb-image__figure\"><img decoding=\"async\" srcset=\"https:\/\/luxuryvillaalvor.com\/wp-content\/uploads\/2023\/06\/IMG_2278-1024x768.jpeg , https:\/\/luxuryvillaalvor.com\/wp-content\/uploads\/2023\/06\/IMG_2278-1024x768.jpeg 360w\" sizes=\"auto, (max-width: 480px) 150px\" src=\"https:\/\/luxuryvillaalvor.com\/wp-content\/uploads\/2023\/06\/IMG_2278-1024x768.jpeg\" alt=\"\" class=\"uag-image-78\" width=\"1024\" height=\"768\" title=\"\" loading=\"lazy\" role=\"img\"><\/figure><\/div>\n<\/div>\n\n\n\n<div class=\"wp-block-uagb-container uagb-block-7521ace2\">\n<div class=\"wp-block-uagb-image uagb-block-7ad9ec1a wp-block-uagb-image--layout-default wp-block-uagb-image--effect-static wp-block-uagb-image--align-none\"><figure class=\"wp-block-uagb-image__figure\"><img decoding=\"async\" srcset=\"https:\/\/luxuryvillaalvor.com\/wp-content\/uploads\/2023\/06\/IMG_2208-1024x768.jpeg , https:\/\/luxuryvillaalvor.com\/wp-content\/uploads\/2023\/06\/IMG_2208-1024x768.jpeg 360w\" sizes=\"auto, (max-width: 480px) 150px\" src=\"https:\/\/luxuryvillaalvor.com\/wp-content\/uploads\/2023\/06\/IMG_2208-1024x768.jpeg\" alt=\"\" class=\"uag-image-71\" width=\"1024\" height=\"768\" title=\"\" loading=\"lazy\" role=\"img\"><\/figure><\/div>\n<\/div>\n\n\n\n<div class=\"wp-block-uagb-container uagb-block-b9a7171b\">\n<div class=\"wp-block-uagb-image uagb-block-e700151a wp-block-uagb-image--layout-default wp-block-uagb-image--effect-static wp-block-uagb-image--align-none\"><figure class=\"wp-block-uagb-image__figure\"><img decoding=\"async\" srcset=\"https:\/\/luxuryvillaalvor.com\/wp-content\/uploads\/2023\/06\/IMG_2159-1024x768.jpeg , https:\/\/luxuryvillaalvor.com\/wp-content\/uploads\/2023\/06\/IMG_2159-1024x768.jpeg 360w\" sizes=\"auto, (max-width: 480px) 150px\" src=\"https:\/\/luxuryvillaalvor.com\/wp-content\/uploads\/2023\/06\/IMG_2159-1024x768.jpeg\" alt=\"\" class=\"uag-image-58\" width=\"1024\" height=\"768\" title=\"\" loading=\"lazy\" role=\"img\"><\/figure><\/div>\n<\/div>\n<\/div>\n<\/div><\/div>\n\n\n\n<div class=\"wp-block-uagb-container uagb-block-427a50f2 alignfull uagb-is-root-container\"><div class=\"uagb-container-inner-blocks-wrap\">\n<div class=\"wp-block-uagb-container uagb-block-8a138be3\">\n<div class=\"wp-block-uagb-advanced-heading uagb-block-afce62b0\"><h2 class=\"uagb-heading-text\">Sehenswerte Orte<\/h2><\/div>\n\n\n\n<div class=\"wp-block-group is-nowrap is-layout-flex wp-container-core-group-is-layout-6c531013 wp-block-group-is-layout-flex\">\n<div class=\"wp-block-uagb-container uagb-block-a2a0d603\">\n<div class=\"wp-block-uagb-container uagb-block-1d4fefc0\">\n<div class=\"wp-block-uagb-info-box uagb-block-e87b1e2c uagb-infobox__content-wrap uagb-infobox-icon-above-title uagb-infobox-image-valign-top\"><div class=\"uagb-ifb-content\"><div class=\"uagb-ifb-title-wrap\"><h3 class=\"uagb-ifb-title\">Kirche des G\u00f6ttlichen Erl\u00f6sers<\/h3><\/div><p class=\"uagb-ifb-desc\">Eine algarvianische Kirche aus dem 16. Jahrhundert<br>, die einen Besuch wert ist und in den hinteren Stra\u00dfen von Alvor liegt.<\/p><\/div><\/div>\n<\/div>\n<\/div>\n\n\n\n<div class=\"wp-block-uagb-container uagb-block-7fd01e87\">\n<div class=\"wp-block-uagb-image uagb-block-b33026df wp-block-uagb-image--layout-default wp-block-uagb-image--effect-static wp-block-uagb-image--align-none\"><figure class=\"wp-block-uagb-image__figure\"><img decoding=\"async\" srcset=\"https:\/\/luxuryvillaalvor.com\/wp-content\/uploads\/2023\/08\/Church-of-the-Divine-Saviour-1024x682.png\n \" sizes=\"auto, (max-width: 480px) 150px\" src=\"https:\/\/luxuryvillaalvor.com\/wp-content\/uploads\/2023\/08\/Church-of-the-Divine-Saviour-1024x682.png\" alt=\"\" class=\"uag-image-1252\" width=\"1024\" height=\"682\" title=\"\" loading=\"lazy\" role=\"img\"><\/figure><\/div>\n<\/div>\n<\/div>\n\n\n\n<div class=\"wp-block-group is-nowrap is-layout-flex wp-container-core-group-is-layout-6c531013 wp-block-group-is-layout-flex\">\n<div class=\"wp-block-uagb-container uagb-block-52886f1b\">\n<div class=\"wp-block-uagb-image uagb-block-80a37b4f wp-block-uagb-image--layout-default wp-block-uagb-image--effect-static wp-block-uagb-image--align-none\"><figure class=\"wp-block-uagb-image__figure\"><img decoding=\"async\" srcset=\"https:\/\/luxuryvillaalvor.com\/wp-content\/uploads\/2023\/08\/Alvor-Boardwalk-1024x682.png\n \" sizes=\"auto, (max-width: 480px) 150px\" src=\"https:\/\/luxuryvillaalvor.com\/wp-content\/uploads\/2023\/08\/Alvor-Boardwalk-1024x682.png\" alt=\"\" class=\"uag-image-1243\" width=\"1024\" height=\"682\" title=\"\" loading=\"lazy\" role=\"img\"><\/figure><\/div>\n<\/div>\n\n\n\n<div class=\"wp-block-uagb-container uagb-block-daf8ffff\">\n<div class=\"wp-block-uagb-container uagb-block-bcc9b728\">\n<div class=\"wp-block-uagb-info-box uagb-block-a0823bae uagb-infobox__content-wrap uagb-infobox-icon-above-title uagb-infobox-image-valign-top\"><div class=\"uagb-ifb-content\"><div class=\"uagb-ifb-title-wrap\"><h3 class=\"uagb-ifb-title\">Strandpromenade von Alvor<\/h3><\/div><p class=\"uagb-ifb-desc\">Einfach herrlich. Ruhig, tolle Aussicht &#8211; perfekt. Eine gute M\u00f6glichkeit, sich zu bewegen und die Sehensw\u00fcrdigkeiten zu bewundern.<\/p><\/div><\/div>\n<\/div>\n<\/div>\n<\/div>\n\n\n\n<div class=\"wp-block-group is-nowrap is-layout-flex wp-container-core-group-is-layout-6c531013 wp-block-group-is-layout-flex\">\n<div class=\"wp-block-uagb-container uagb-block-fb125c76\">\n<div class=\"wp-block-uagb-container uagb-block-0d787d6e\">\n<div class=\"wp-block-uagb-info-box uagb-block-bebdbe86 uagb-infobox__content-wrap uagb-infobox-icon-above-title uagb-infobox-image-valign-top\"><div class=\"uagb-ifb-content\"><div class=\"uagb-ifb-title-wrap\"><h3 class=\"uagb-ifb-title\">Praia dos Tr\u00eas Irm\u00e3os<\/h3><\/div><p class=\"uagb-ifb-desc\">Einer der sch\u00f6nsten Str\u00e4nde in der Umgebung von Portim\u00e3o. Er ist ber\u00fchmt f\u00fcr seine atemberaubenden Felsformationen &#8211; halten Sie Ausschau nach der versteckten Bar!<\/p><\/div><\/div>\n<\/div>\n<\/div>\n\n\n\n<div class=\"wp-block-uagb-container uagb-block-eb6be045\">\n<div class=\"wp-block-uagb-image uagb-block-67b94c13 wp-block-uagb-image--layout-default wp-block-uagb-image--effect-static wp-block-uagb-image--align-none\"><figure class=\"wp-block-uagb-image__figure\"><img decoding=\"async\" srcset=\"https:\/\/luxuryvillaalvor.com\/wp-content\/uploads\/2023\/08\/Praia-dos-Tres-Irmaos-1024x682.jpeg\n \" sizes=\"auto, (max-width: 480px) 150px\" src=\"https:\/\/luxuryvillaalvor.com\/wp-content\/uploads\/2023\/08\/Praia-dos-Tres-Irmaos-1024x682.jpeg\" alt=\"\" class=\"uag-image-1255\" width=\"1024\" height=\"682\" title=\"\" loading=\"lazy\" role=\"img\"><\/figure><\/div>\n<\/div>\n<\/div>\n\n\n\n<div class=\"wp-block-group is-nowrap is-layout-flex wp-container-core-group-is-layout-6c531013 wp-block-group-is-layout-flex\">\n<div class=\"wp-block-uagb-container uagb-block-eac373d2\">\n<div class=\"wp-block-uagb-image uagb-block-46924d1e wp-block-uagb-image--layout-default wp-block-uagb-image--effect-static wp-block-uagb-image--align-none\"><figure class=\"wp-block-uagb-image__figure\"><img decoding=\"async\" srcset=\"https:\/\/luxuryvillaalvor.com\/wp-content\/uploads\/2023\/08\/Alvor-farmers-market-1024x682.jpg\n \" sizes=\"auto, (max-width: 480px) 150px\" src=\"https:\/\/luxuryvillaalvor.com\/wp-content\/uploads\/2023\/08\/Alvor-farmers-market-1024x682.jpg\" alt=\"\" class=\"uag-image-1246\" width=\"1024\" height=\"682\" title=\"\" loading=\"lazy\" role=\"img\"><\/figure><\/div>\n<\/div>\n\n\n\n<div class=\"wp-block-uagb-container uagb-block-7e4475cd\">\n<div class=\"wp-block-uagb-container uagb-block-10dfa291\">\n<div class=\"wp-block-uagb-info-box uagb-block-ad660073 uagb-infobox__content-wrap uagb-infobox-icon-above-title uagb-infobox-image-valign-top\"><div class=\"uagb-ifb-content\"><div class=\"uagb-ifb-title-wrap\"><h3 class=\"uagb-ifb-title\">Bauernmarkt in Alvor<\/h3><\/div><p class=\"uagb-ifb-desc\">Jeden Sonntagmorgen zwischen 08:00 und 13:00 Uhr ge\u00f6ffnet<br>Eine gute Auswahl an frischem Obst und Gem\u00fcse mit einigen hausgemachten Handwerksprodukten.<\/p><\/div><\/div>\n<\/div>\n<\/div>\n<\/div>\n<\/div>\n<\/div><\/div>\n\n\n\n<div class=\"wp-block-uagb-container uagb-block-4a89696c alignfull uagb-is-root-container\"><div class=\"uagb-container-inner-blocks-wrap\">\n<div class=\"wp-block-uagb-advanced-heading uagb-block-a0011f6c\"><h2 class=\"uagb-heading-text\">Jetzt anfragen<\/h2><p class=\"uagb-desc-text\">E-Mail:&nbsp;<a href=\"mailto:info@luxuryvillaalvor.com\">info@luxuryvillaalvor.com<\/a><br>Telefon: +44 (0)7970 491 318<\/p><\/div>\n\n\n\n<script type=\"text\/javascript\" class=\"\" src=\"https:\/\/app.lodgify.com\/portable-search-bar\/stable\/renderPortableSearchBar.js\"><\/script>\n<div><div id=\"lodgify-search-bar\" data-website-id=\"451147\" data-language-code=\"en\" data-checkout-page-url=\"https:\/\/checkout.lodgify.com\/luxuryvillaalvor\/en\/#\/495200\" data-dates-check-in-label=\"Arrival\" data-dates-check-out-label=\"Departure\" data-guests-counter-label=\"Guest\" data-guests-input-singular-label=\"{&lt;wpml_curved wpml_value='NumberOfGuests'&gt;&lt;\/wpml_curved&gt;} guest\" data-guests-input-plural-label=\"{&lt;wpml_curved wpml_value='NumberOfGuests'&gt;&lt;\/wpml_curved&gt;} guests\" data-location-input-label=\"Location\" data-search-button-label=\"Search\" data-new-tab=\"true\">\n  <\/div>\n  <style type=\"text\/css\">\n  html {\n    --lodgify-ui-action-color: #fac600;\n    --lodgify-ui-action-darker-color: #c89e00;\n    --lodgify-ui-action-lighter-color: #fde899;\n    --lodgify-ui-action-contrast-color: #000000;\n  }\n  <\/style>\n  <\/div>\n<\/div><\/div>\n","protected":false},"excerpt":{"rendered":"<p>Standort Willkommen in unserer exquisiten Villa in Alvor, ganz in der N\u00e4he von Praia da Rocha, die Ihnen ein unvergleichliches Urlaubserlebnis bietet, indem sie Ruhe, Luxus und eine F\u00fclle von aufregenden Aktivit\u00e4ten miteinander verbindet. Einer der H\u00f6hepunkte dieser Gegend ist die F\u00fclle an hochwertigen Restaurants, die f\u00fcr jeden Geschmack etwas zu bieten haben. Nicht weit [&hellip;]<\/p>\n","protected":false},"author":3,"featured_media":0,"parent":0,"menu_order":0,"comment_status":"closed","ping_status":"closed","template":"","meta":{"_uag_custom_page_level_css":"","site-sidebar-layout":"no-sidebar","site-content-layout":"page-builder","ast-site-content-layout":"full-width-container","site-content-style":"unboxed","site-sidebar-style":"unboxed","ast-global-header-display":"","ast-banner-title-visibility":"","ast-main-header-display":"","ast-hfb-above-header-display":"","ast-hfb-below-header-display":"","ast-hfb-mobile-header-display":"","site-post-title":"disabled","ast-breadcrumbs-content":"","ast-featured-img":"disabled","footer-sml-layout":"","ast-disable-related-posts":"","theme-transparent-header-meta":"","adv-header-id-meta":"","stick-header-meta":"","header-above-stick-meta":"","header-main-stick-meta":"","header-below-stick-meta":"","astra-migrate-meta-layouts":"default","ast-page-background-enabled":"default","ast-page-background-meta":{"desktop":{"background-color":"var(--ast-global-color-4)","background-image":"","background-repeat":"repeat","background-position":"center center","background-size":"auto","background-attachment":"scroll","background-type":"","background-media":"","overlay-type":"","overlay-color":"","overlay-opacity":"","overlay-gradient":""},"tablet":{"background-color":"","background-image":"","background-repeat":"repeat","background-position":"center center","background-size":"auto","background-attachment":"scroll","background-type":"","background-media":"","overlay-type":"","overlay-color":"","overlay-opacity":"","overlay-gradient":""},"mobile":{"background-color":"","background-image":"","background-repeat":"repeat","background-position":"center center","background-size":"auto","background-attachment":"scroll","background-type":"","background-media":"","overlay-type":"","overlay-color":"","overlay-opacity":"","overlay-gradient":""}},"ast-content-background-meta":{"desktop":{"background-color":"var(--ast-global-color-5)","background-image":"","background-repeat":"repeat","background-position":"center center","background-size":"auto","background-attachment":"scroll","background-type":"","background-media":"","overlay-type":"","overlay-color":"","overlay-opacity":"","overlay-gradient":""},"tablet":{"background-color":"var(--ast-global-color-5)","background-image":"","background-repeat":"repeat","background-position":"center center","background-size":"auto","background-attachment":"scroll","background-type":"","background-media":"","overlay-type":"","overlay-color":"","overlay-opacity":"","overlay-gradient":""},"mobile":{"background-color":"var(--ast-global-color-5)","background-image":"","background-repeat":"repeat","background-position":"center center","background-size":"auto","background-attachment":"scroll","background-type":"","background-media":"","overlay-type":"","overlay-color":"","overlay-opacity":"","overlay-gradient":""}},"footnotes":""},"class_list":["post-1273","page","type-page","status-publish","hentry"],"uagb_featured_image_src":{"full":false,"thumbnail":false,"medium":false,"medium_large":false,"large":false,"1536x1536":false,"2048x2048":false},"uagb_author_info":{"display_name":"Steve","author_link":"https:\/\/luxuryvillaalvor.com\/de\/author\/steve\/"},"uagb_comment_info":0,"uagb_excerpt":"Standort Willkommen in unserer exquisiten Villa in Alvor, ganz in der N\u00e4he von Praia da Rocha, die Ihnen ein unvergleichliches Urlaubserlebnis bietet, indem sie Ruhe, Luxus und eine F\u00fclle von aufregenden Aktivit\u00e4ten miteinander verbindet. Einer der H\u00f6hepunkte dieser Gegend ist die F\u00fclle an hochwertigen Restaurants, die f\u00fcr jeden Geschmack etwas zu bieten haben. Nicht weit&hellip;","_links":{"self":[{"href":"https:\/\/luxuryvillaalvor.com\/de\/wp-json\/wp\/v2\/pages\/1273","targetHints":{"allow":["GET"]}}],"collection":[{"href":"https:\/\/luxuryvillaalvor.com\/de\/wp-json\/wp\/v2\/pages"}],"about":[{"href":"https:\/\/luxuryvillaalvor.com\/de\/wp-json\/wp\/v2\/types\/page"}],"author":[{"embeddable":true,"href":"https:\/\/luxuryvillaalvor.com\/de\/wp-json\/wp\/v2\/users\/3"}],"replies":[{"embeddable":true,"href":"https:\/\/luxuryvillaalvor.com\/de\/wp-json\/wp\/v2\/comments?post=1273"}],"version-history":[{"count":4,"href":"https:\/\/luxuryvillaalvor.com\/de\/wp-json\/wp\/v2\/pages\/1273\/revisions"}],"predecessor-version":[{"id":1704,"href":"https:\/\/luxuryvillaalvor.com\/de\/wp-json\/wp\/v2\/pages\/1273\/revisions\/1704"}],"wp:attachment":[{"href":"https:\/\/luxuryvillaalvor.com\/de\/wp-json\/wp\/v2\/media?parent=1273"}],"curies":[{"name":"wp","href":"https:\/\/api.w.org\/{rel}","templated":true}]}}